{"id":7377,"date":"2026-01-07T12:43:49","date_gmt":"2026-01-07T11:43:49","guid":{"rendered":"https:\/\/www.tropheesdelacomediemusicale.fr\/fr\/?page_id=7377"},"modified":"2026-01-07T19:07:23","modified_gmt":"2026-01-07T18:07:23","slug":"les-ceremonies","status":"publish","type":"page","link":"https:\/\/www.tropheesdelacomediemusicale.fr\/fr\/les-ceremonies\/","title":{"rendered":"Les C\u00e9r\u00e9monies"},"content":{"rendered":"\n<div class=\"wp-block-stackable-heading stk-block-heading stk-block-heading--v2 stk-block stk-e5c2085\" id=\"strong-span-style-color-0-f-0-e-17-class-stk-highlight-les-ce-re-monies-span-strong\" data-block-id=\"e5c2085\"><style>.stk-e5c2085 {margin-bottom:50px !important;}.stk-e5c2085 .stk-block-heading__text{text-transform:uppercase !important;}<\/style><h1 class=\"stk-block-heading__text has-text-align-center\"><strong><span style=\"color: #0f0e17;\" class=\"stk-highlight\">LES C\u00e9R\u00e9MONIES<\/span><\/strong><\/h1><\/div>\n\n\n\n<div class=\"wp-block-stackable-columns stk-block-columns stk-block stk-10f1d6d\" data-block-id=\"10f1d6d\"><div class=\"stk-row stk-inner-blocks stk-block-content stk-content-align stk-10f1d6d-column\">\n<div class=\"wp-block-stackable-column stk-block-column stk-column stk-block stk-4ed6c46\" data-v=\"4\" data-block-id=\"4ed6c46\"><div class=\"stk-column-wrapper stk-block-column__content stk-container stk-4ed6c46-container stk--no-background stk--no-padding\"><div class=\"stk-block-content stk-inner-blocks stk-4ed6c46-inner-blocks\">\n<div class=\"wp-block-stackable-posts alignwide stk-block-posts has-text-align-left stk--has-container stk-block stk-48c8e83 is-style-default\" data-v=\"2\" data-block-id=\"48c8e83\"><style>.stk-48c8e83 {--stk-column-gap:10px !important;border-top-left-radius:var(--stk--preset--border-radius--none, 0px) !important;border-top-right-radius:var(--stk--preset--border-radius--none, 0px) !important;border-bottom-right-radius:var(--stk--preset--border-radius--none, 0px) !important;border-bottom-left-radius:var(--stk--preset--border-radius--none, 0px) !important;overflow:hidden !important;align-items:center !important;display:flex !important;}.stk-48c8e83 .stk-img-wrapper{width:100% !important;}.stk-48c8e83 .stk-block-posts__title a{font-weight:bold !important;}.stk-48c8e83 .stk-block-posts__readmore{font-weight:bold !important;text-transform:uppercase !important;}.stk-48c8e83 .stk-block-posts__items{row-gap:10px !important;}@media screen and (max-width:689px){.stk-48c8e83 {--stk-columns:1 !important;}}<\/style><div class=\"stk-inner-blocks stk-content-align stk-48c8e83-column alignwide\"><div class=\"stk-block-posts__items\"><div class=\"stk-block-posts__item\"><div class=\"stk-container stk-48c8e83-container stk-hover-parent\"><article><h3 class=\"stk-block-posts__title has-text-align-center\"><a href='https:\/\/www.tropheesdelacomediemusicale.fr\/fr\/2026\/01\/07\/les-trophees-2026\/'>Les Troph\u00e9es 2026<\/a><\/h3><a href=\"https:\/\/www.tropheesdelacomediemusicale.fr\/fr\/2026\/01\/07\/les-trophees-2026\/\" class=\"stk-block-posts__image-link\"><\/a><div class=\"stk-block-posts__excerpt has-text-align-center\"><p>D\u00e9couvrez toutes les informations essentielles : date, lieu, d\u00e9roul\u00e9 et temps forts de l\u2019\u00e9v\u00e9nement qui mettra \u00e0 l\u2019honneur les talents de l\u2019ann\u00e9e 2026.<\/p>\n<\/div><a class=\"stk-block-posts__readmore has-text-align-center\" href=\"https:\/\/www.tropheesdelacomediemusicale.fr\/fr\/2026\/01\/07\/les-trophees-2026\/\">Voir la c\u00e9r\u00e9monie<\/a><\/article><\/div><\/div><div class=\"stk-block-posts__item\"><div class=\"stk-container stk-48c8e83-container stk-hover-parent\"><article><h3 class=\"stk-block-posts__title has-text-align-center\"><a href='https:\/\/www.tropheesdelacomediemusicale.fr\/fr\/2026\/01\/07\/les-trophees-2025\/'>Les Troph\u00e9es 2025<\/a><\/h3><a href=\"https:\/\/www.tropheesdelacomediemusicale.fr\/fr\/2026\/01\/07\/les-trophees-2025\/\" class=\"stk-block-posts__image-link\"><\/a><div class=\"stk-block-posts__excerpt has-text-align-center\"><p>D\u00e9couvrez toutes les informations essentielles : date, lieu, d\u00e9roul\u00e9 et temps forts de l\u2019\u00e9v\u00e9nement qui a mis \u00e0 l\u2019honneur les talents de l\u2019ann\u00e9e 2025.<\/p>\n<\/div><a class=\"stk-block-posts__readmore has-text-align-center\" href=\"https:\/\/www.tropheesdelacomediemusicale.fr\/fr\/2026\/01\/07\/les-trophees-2025\/\">Voir la c\u00e9r\u00e9monie<\/a><\/article><\/div><\/div><div class=\"stk-block-posts__item\"><div class=\"stk-container stk-48c8e83-container stk-hover-parent\"><article><h3 class=\"stk-block-posts__title has-text-align-center\"><a href='https:\/\/www.tropheesdelacomediemusicale.fr\/fr\/2026\/01\/07\/les-trophees-2024\/'>Les Troph\u00e9es 2024<\/a><\/h3><a href=\"https:\/\/www.tropheesdelacomediemusicale.fr\/fr\/2026\/01\/07\/les-trophees-2024\/\" class=\"stk-block-posts__image-link\"><\/a><div class=\"stk-block-posts__excerpt has-text-align-center\"><p>D\u00e9couvrez toutes les informations essentielles : date, lieu, d\u00e9roul\u00e9 et temps forts de l\u2019\u00e9v\u00e9nement qui a mis \u00e0 l\u2019honneur les talents de l\u2019ann\u00e9e 2024.<\/p>\n<\/div><a class=\"stk-block-posts__readmore has-text-align-center\" href=\"https:\/\/www.tropheesdelacomediemusicale.fr\/fr\/2026\/01\/07\/les-trophees-2024\/\">Voir la c\u00e9r\u00e9monie<\/a><\/article><\/div><\/div><div class=\"stk-block-posts__item\"><div class=\"stk-container stk-48c8e83-container stk-hover-parent\"><article><h3 class=\"stk-block-posts__title has-text-align-center\"><a href='https:\/\/www.tropheesdelacomediemusicale.fr\/fr\/2026\/01\/07\/les-trophees-2023\/'>Les Troph\u00e9es 2023<\/a><\/h3><a href=\"https:\/\/www.tropheesdelacomediemusicale.fr\/fr\/2026\/01\/07\/les-trophees-2023\/\" class=\"stk-block-posts__image-link\"><\/a><div class=\"stk-block-posts__excerpt has-text-align-center\"><p>D\u00e9couvrez toutes les informations essentielles : date, lieu, d\u00e9roul\u00e9 et temps forts de l\u2019\u00e9v\u00e9nement qui a mis \u00e0 l\u2019honneur les talents de l\u2019ann\u00e9e 2023.<\/p>\n<\/div><a class=\"stk-block-posts__readmore has-text-align-center\" href=\"https:\/\/www.tropheesdelacomediemusicale.fr\/fr\/2026\/01\/07\/les-trophees-2023\/\">Voir la c\u00e9r\u00e9monie<\/a><\/article><\/div><\/div><div class=\"stk-block-posts__item\"><div class=\"stk-container stk-48c8e83-container stk-hover-parent\"><article><h3 class=\"stk-block-posts__title has-text-align-center\"><a href='https:\/\/www.tropheesdelacomediemusicale.fr\/fr\/2026\/01\/07\/les-trophees-2022\/'>Les Troph\u00e9es 2022<\/a><\/h3><a href=\"https:\/\/www.tropheesdelacomediemusicale.fr\/fr\/2026\/01\/07\/les-trophees-2022\/\" class=\"stk-block-posts__image-link\"><\/a><div class=\"stk-block-posts__excerpt has-text-align-center\"><p>D\u00e9couvrez toutes les informations essentielles : date, lieu, d\u00e9roul\u00e9 et temps forts de l\u2019\u00e9v\u00e9nement qui a mis \u00e0 l\u2019honneur les talents de l\u2019ann\u00e9e 2022.<\/p>\n<\/div><a class=\"stk-block-posts__readmore has-text-align-center\" href=\"https:\/\/www.tropheesdelacomediemusicale.fr\/fr\/2026\/01\/07\/les-trophees-2022\/\">Voir la c\u00e9r\u00e9monie<\/a><\/article><\/div><\/div><div class=\"stk-block-posts__item\"><div class=\"stk-container stk-48c8e83-container stk-hover-parent\"><article><h3 class=\"stk-block-posts__title has-text-align-center\"><a href='https:\/\/www.tropheesdelacomediemusicale.fr\/fr\/2026\/01\/07\/les-trophees-2019\/'>Les Troph\u00e9es 2019<\/a><\/h3><a href=\"https:\/\/www.tropheesdelacomediemusicale.fr\/fr\/2026\/01\/07\/les-trophees-2019\/\" class=\"stk-block-posts__image-link\"><\/a><div class=\"stk-block-posts__excerpt has-text-align-center\"><p>D\u00e9couvrez toutes les informations essentielles : date, lieu, d\u00e9roul\u00e9 et temps forts de l\u2019\u00e9v\u00e9nement qui a mis \u00e0 l\u2019honneur les talents de l\u2019ann\u00e9e 2019.<\/p>\n<\/div><a class=\"stk-block-posts__readmore has-text-align-center\" href=\"https:\/\/www.tropheesdelacomediemusicale.fr\/fr\/2026\/01\/07\/les-trophees-2019\/\">Voir la c\u00e9r\u00e9monie<\/a><\/article><\/div><\/div><div class=\"stk-block-posts__item\"><div class=\"stk-container stk-48c8e83-container stk-hover-parent\"><article><h3 class=\"stk-block-posts__title has-text-align-center\"><a href='https:\/\/www.tropheesdelacomediemusicale.fr\/fr\/2026\/01\/07\/les-trophees-2018\/'>Les Troph\u00e9es 2018<\/a><\/h3><a href=\"https:\/\/www.tropheesdelacomediemusicale.fr\/fr\/2026\/01\/07\/les-trophees-2018\/\" class=\"stk-block-posts__image-link\"><\/a><div class=\"stk-block-posts__excerpt has-text-align-center\"><p>D\u00e9couvrez toutes les informations essentielles : date, lieu, d\u00e9roul\u00e9 et temps forts de l\u2019\u00e9v\u00e9nement qui a mis \u00e0 l\u2019honneur les talents de l\u2019ann\u00e9e 2018.<\/p>\n<\/div><a class=\"stk-block-posts__readmore has-text-align-center\" href=\"https:\/\/www.tropheesdelacomediemusicale.fr\/fr\/2026\/01\/07\/les-trophees-2018\/\">Voir la c\u00e9r\u00e9monie<\/a><\/article><\/div><\/div><div class=\"stk-block-posts__item\"><div class=\"stk-container stk-48c8e83-container stk-hover-parent\"><article><h3 class=\"stk-block-posts__title has-text-align-center\"><a href='https:\/\/www.tropheesdelacomediemusicale.fr\/fr\/2026\/01\/07\/les-trophees-2017\/'>Les Troph\u00e9es 2017<\/a><\/h3><a href=\"https:\/\/www.tropheesdelacomediemusicale.fr\/fr\/2026\/01\/07\/les-trophees-2017\/\" class=\"stk-block-posts__image-link\"><\/a><div class=\"stk-block-posts__excerpt has-text-align-center\"><p>D\u00e9couvrez toutes les informations essentielles : date, lieu, d\u00e9roul\u00e9 et temps forts de l\u2019\u00e9v\u00e9nement qui a mis \u00e0 l\u2019honneur les talents de l\u2019ann\u00e9e 2017.<\/p>\n<\/div><a class=\"stk-block-posts__readmore has-text-align-center\" href=\"https:\/\/www.tropheesdelacomediemusicale.fr\/fr\/2026\/01\/07\/les-trophees-2017\/\">Voir la c\u00e9r\u00e9monie<\/a><\/article><\/div><\/div><\/div><div class=\"stk-inner-blocks\"><\/div><\/div><\/div>\n<\/div><\/div><\/div>\n<\/div><\/div>\n","protected":false},"excerpt":{"rendered":"<p>LES C\u00e9R\u00e9MONIES Les Troph\u00e9es 2026 D\u00e9couvrez toutes les informations essentielles : date, lieu, d\u00e9roul\u00e9 et temps forts de l\u2019\u00e9v\u00e9nement qui mettra \u00e0 l\u2019honneur les talents de l\u2019ann\u00e9e 2026. Voir la c\u00e9r\u00e9monie Les Troph\u00e9es 2025 D\u00e9couvrez toutes les informations essentielles : date, lieu, d\u00e9roul\u00e9 et temps forts de l\u2019\u00e9v\u00e9nement qui a mis \u00e0 l\u2019honneur les talents [&hellip;]<\/p>\n","protected":false},"author":11,"featured_media":0,"parent":0,"menu_order":0,"comment_status":"closed","ping_status":"closed","template":"","meta":{"jetpack_post_was_ever_published":false,"footnotes":""},"class_list":["post-7377","page","type-page","status-publish","hentry"],"blocksy_meta":[],"yoast_head":"<!-- This site is optimized with the Yoast SEO plugin v27.5 - https:\/\/yoast.com\/product\/yoast-seo-wordpress\/ -->\n<title>Les C\u00e9r\u00e9monies - Les Troph\u00e9es de la Com\u00e9die Musicale<\/title>\n<meta name=\"description\" content=\"D\u00e9couvrez toutes les informations essentielles : date, lieu, d\u00e9roul\u00e9 et temps forts de l\u2019\u00e9v\u00e9nement qui a mis \u00e0 l\u2019honneur les talents.\" \/>\n<meta name=\"robots\" content=\"index, follow, max-snippet:-1, max-image-preview:large, max-video-preview:-1\" \/>\n<link rel=\"canonical\" href=\"https:\/\/www.tropheesdelacomediemusicale.fr\/fr\/les-ceremonies\/\" \/>\n<meta property=\"og:locale\" content=\"fr_FR\" \/>\n<meta property=\"og:type\" content=\"article\" \/>\n<meta property=\"og:title\" content=\"Les C\u00e9r\u00e9monies - Les Troph\u00e9es de la Com\u00e9die Musicale\" \/>\n<meta property=\"og:description\" content=\"D\u00e9couvrez toutes les informations essentielles : date, lieu, d\u00e9roul\u00e9 et temps forts de l\u2019\u00e9v\u00e9nement qui a mis \u00e0 l\u2019honneur les talents.\" \/>\n<meta property=\"og:url\" content=\"https:\/\/www.tropheesdelacomediemusicale.fr\/fr\/les-ceremonies\/\" \/>\n<meta property=\"og:site_name\" content=\"Les Troph\u00e9es de la Com\u00e9die Musicale\" \/>\n<meta property=\"article:publisher\" content=\"https:\/\/www.facebook.com\/lestropheesdelacomediemusicale\" \/>\n<meta property=\"article:modified_time\" content=\"2026-01-07T18:07:23+00:00\" \/>\n<meta property=\"og:image\" content=\"https:\/\/i0.wp.com\/www.tropheesdelacomediemusicale.fr\/fr\/wp-content\/uploads\/2017\/05\/Icone.jpg?fit=1000%2C1000&ssl=1\" \/>\n\t<meta property=\"og:image:width\" content=\"1000\" \/>\n\t<meta property=\"og:image:height\" content=\"1000\" \/>\n\t<meta property=\"og:image:type\" content=\"image\/jpeg\" \/>\n<meta name=\"twitter:card\" content=\"summary_large_image\" \/>\n<meta name=\"twitter:label1\" content=\"Dur\u00e9e de lecture estim\u00e9e\" \/>\n\t<meta name=\"twitter:data1\" content=\"1 minute\" \/>\n<script type=\"application\/ld+json\" class=\"yoast-schema-graph\">{\"@context\":\"https:\\\/\\\/schema.org\",\"@graph\":[{\"@type\":\"WebPage\",\"@id\":\"https:\\\/\\\/www.tropheesdelacomediemusicale.fr\\\/fr\\\/les-ceremonies\\\/\",\"url\":\"https:\\\/\\\/www.tropheesdelacomediemusicale.fr\\\/fr\\\/les-ceremonies\\\/\",\"name\":\"Les C\u00e9r\u00e9monies - Les Troph\u00e9es de la Com\u00e9die Musicale\",\"isPartOf\":{\"@id\":\"https:\\\/\\\/www.tropheesdelacomediemusicale.fr\\\/fr\\\/#website\"},\"datePublished\":\"2026-01-07T11:43:49+00:00\",\"dateModified\":\"2026-01-07T18:07:23+00:00\",\"description\":\"D\u00e9couvrez toutes les informations essentielles : date, lieu, d\u00e9roul\u00e9 et temps forts de l\u2019\u00e9v\u00e9nement qui a mis \u00e0 l\u2019honneur les talents.\",\"breadcrumb\":{\"@id\":\"https:\\\/\\\/www.tropheesdelacomediemusicale.fr\\\/fr\\\/les-ceremonies\\\/#breadcrumb\"},\"inLanguage\":\"fr-FR\",\"potentialAction\":[{\"@type\":\"ReadAction\",\"target\":[\"https:\\\/\\\/www.tropheesdelacomediemusicale.fr\\\/fr\\\/les-ceremonies\\\/\"]}]},{\"@type\":\"BreadcrumbList\",\"@id\":\"https:\\\/\\\/www.tropheesdelacomediemusicale.fr\\\/fr\\\/les-ceremonies\\\/#breadcrumb\",\"itemListElement\":[{\"@type\":\"ListItem\",\"position\":1,\"name\":\"Accueil\",\"item\":\"https:\\\/\\\/www.tropheesdelacomediemusicale.fr\\\/fr\\\/\"},{\"@type\":\"ListItem\",\"position\":2,\"name\":\"Les C\u00e9r\u00e9monies\"}]},{\"@type\":\"WebSite\",\"@id\":\"https:\\\/\\\/www.tropheesdelacomediemusicale.fr\\\/fr\\\/#website\",\"url\":\"https:\\\/\\\/www.tropheesdelacomediemusicale.fr\\\/fr\\\/\",\"name\":\"Les Troph\u00e9es de la Com\u00e9die Musicale\",\"description\":\"Les Troph\u00e9es de la Com\u00e9die Musicale\",\"publisher\":{\"@id\":\"https:\\\/\\\/www.tropheesdelacomediemusicale.fr\\\/fr\\\/#organization\"},\"potentialAction\":[{\"@type\":\"SearchAction\",\"target\":{\"@type\":\"EntryPoint\",\"urlTemplate\":\"https:\\\/\\\/www.tropheesdelacomediemusicale.fr\\\/fr\\\/?s={search_term_string}\"},\"query-input\":{\"@type\":\"PropertyValueSpecification\",\"valueRequired\":true,\"valueName\":\"search_term_string\"}}],\"inLanguage\":\"fr-FR\"},{\"@type\":\"Organization\",\"@id\":\"https:\\\/\\\/www.tropheesdelacomediemusicale.fr\\\/fr\\\/#organization\",\"name\":\"Les Troph\u00e9es de la Com\u00e9die Musicale\",\"url\":\"https:\\\/\\\/www.tropheesdelacomediemusicale.fr\\\/fr\\\/\",\"logo\":{\"@type\":\"ImageObject\",\"inLanguage\":\"fr-FR\",\"@id\":\"https:\\\/\\\/www.tropheesdelacomediemusicale.fr\\\/fr\\\/#\\\/schema\\\/logo\\\/image\\\/\",\"url\":\"https:\\\/\\\/i0.wp.com\\\/www.tropheesdelacomediemusicale.fr\\\/fr\\\/wp-content\\\/uploads\\\/2017\\\/05\\\/Icone.jpg?fit=1000%2C1000&ssl=1\",\"contentUrl\":\"https:\\\/\\\/i0.wp.com\\\/www.tropheesdelacomediemusicale.fr\\\/fr\\\/wp-content\\\/uploads\\\/2017\\\/05\\\/Icone.jpg?fit=1000%2C1000&ssl=1\",\"width\":1000,\"height\":1000,\"caption\":\"Les Troph\u00e9es de la Com\u00e9die Musicale\"},\"image\":{\"@id\":\"https:\\\/\\\/www.tropheesdelacomediemusicale.fr\\\/fr\\\/#\\\/schema\\\/logo\\\/image\\\/\"},\"sameAs\":[\"https:\\\/\\\/www.facebook.com\\\/lestropheesdelacomediemusicale\"]}]}<\/script>\n<!-- \/ Yoast SEO plugin. -->","yoast_head_json":{"title":"Les C\u00e9r\u00e9monies - Les Troph\u00e9es de la Com\u00e9die Musicale","description":"D\u00e9couvrez toutes les informations essentielles : date, lieu, d\u00e9roul\u00e9 et temps forts de l\u2019\u00e9v\u00e9nement qui a mis \u00e0 l\u2019honneur les talents.","robots":{"index":"index","follow":"follow","max-snippet":"max-snippet:-1","max-image-preview":"max-image-preview:large","max-video-preview":"max-video-preview:-1"},"canonical":"https:\/\/www.tropheesdelacomediemusicale.fr\/fr\/les-ceremonies\/","og_locale":"fr_FR","og_type":"article","og_title":"Les C\u00e9r\u00e9monies - Les Troph\u00e9es de la Com\u00e9die Musicale","og_description":"D\u00e9couvrez toutes les informations essentielles : date, lieu, d\u00e9roul\u00e9 et temps forts de l\u2019\u00e9v\u00e9nement qui a mis \u00e0 l\u2019honneur les talents.","og_url":"https:\/\/www.tropheesdelacomediemusicale.fr\/fr\/les-ceremonies\/","og_site_name":"Les Troph\u00e9es de la Com\u00e9die Musicale","article_publisher":"https:\/\/www.facebook.com\/lestropheesdelacomediemusicale","article_modified_time":"2026-01-07T18:07:23+00:00","og_image":[{"width":1000,"height":1000,"url":"https:\/\/i0.wp.com\/www.tropheesdelacomediemusicale.fr\/fr\/wp-content\/uploads\/2017\/05\/Icone.jpg?fit=1000%2C1000&ssl=1","type":"image\/jpeg"}],"twitter_card":"summary_large_image","twitter_misc":{"Dur\u00e9e de lecture estim\u00e9e":"1 minute"},"schema":{"@context":"https:\/\/schema.org","@graph":[{"@type":"WebPage","@id":"https:\/\/www.tropheesdelacomediemusicale.fr\/fr\/les-ceremonies\/","url":"https:\/\/www.tropheesdelacomediemusicale.fr\/fr\/les-ceremonies\/","name":"Les C\u00e9r\u00e9monies - Les Troph\u00e9es de la Com\u00e9die Musicale","isPartOf":{"@id":"https:\/\/www.tropheesdelacomediemusicale.fr\/fr\/#website"},"datePublished":"2026-01-07T11:43:49+00:00","dateModified":"2026-01-07T18:07:23+00:00","description":"D\u00e9couvrez toutes les informations essentielles : date, lieu, d\u00e9roul\u00e9 et temps forts de l\u2019\u00e9v\u00e9nement qui a mis \u00e0 l\u2019honneur les talents.","breadcrumb":{"@id":"https:\/\/www.tropheesdelacomediemusicale.fr\/fr\/les-ceremonies\/#breadcrumb"},"inLanguage":"fr-FR","potentialAction":[{"@type":"ReadAction","target":["https:\/\/www.tropheesdelacomediemusicale.fr\/fr\/les-ceremonies\/"]}]},{"@type":"BreadcrumbList","@id":"https:\/\/www.tropheesdelacomediemusicale.fr\/fr\/les-ceremonies\/#breadcrumb","itemListElement":[{"@type":"ListItem","position":1,"name":"Accueil","item":"https:\/\/www.tropheesdelacomediemusicale.fr\/fr\/"},{"@type":"ListItem","position":2,"name":"Les C\u00e9r\u00e9monies"}]},{"@type":"WebSite","@id":"https:\/\/www.tropheesdelacomediemusicale.fr\/fr\/#website","url":"https:\/\/www.tropheesdelacomediemusicale.fr\/fr\/","name":"Les Troph\u00e9es de la Com\u00e9die Musicale","description":"Les Troph\u00e9es de la Com\u00e9die Musicale","publisher":{"@id":"https:\/\/www.tropheesdelacomediemusicale.fr\/fr\/#organization"},"potentialAction":[{"@type":"SearchAction","target":{"@type":"EntryPoint","urlTemplate":"https:\/\/www.tropheesdelacomediemusicale.fr\/fr\/?s={search_term_string}"},"query-input":{"@type":"PropertyValueSpecification","valueRequired":true,"valueName":"search_term_string"}}],"inLanguage":"fr-FR"},{"@type":"Organization","@id":"https:\/\/www.tropheesdelacomediemusicale.fr\/fr\/#organization","name":"Les Troph\u00e9es de la Com\u00e9die Musicale","url":"https:\/\/www.tropheesdelacomediemusicale.fr\/fr\/","logo":{"@type":"ImageObject","inLanguage":"fr-FR","@id":"https:\/\/www.tropheesdelacomediemusicale.fr\/fr\/#\/schema\/logo\/image\/","url":"https:\/\/i0.wp.com\/www.tropheesdelacomediemusicale.fr\/fr\/wp-content\/uploads\/2017\/05\/Icone.jpg?fit=1000%2C1000&ssl=1","contentUrl":"https:\/\/i0.wp.com\/www.tropheesdelacomediemusicale.fr\/fr\/wp-content\/uploads\/2017\/05\/Icone.jpg?fit=1000%2C1000&ssl=1","width":1000,"height":1000,"caption":"Les Troph\u00e9es de la Com\u00e9die Musicale"},"image":{"@id":"https:\/\/www.tropheesdelacomediemusicale.fr\/fr\/#\/schema\/logo\/image\/"},"sameAs":["https:\/\/www.facebook.com\/lestropheesdelacomediemusicale"]}]}},"jetpack_sharing_enabled":true,"jetpack_shortlink":"https:\/\/wp.me\/P8KT3A-1UZ","_links":{"self":[{"href":"https:\/\/www.tropheesdelacomediemusicale.fr\/fr\/wp-json\/wp\/v2\/pages\/7377","targetHints":{"allow":["GET"]}}],"collection":[{"href":"https:\/\/www.tropheesdelacomediemusicale.fr\/fr\/wp-json\/wp\/v2\/pages"}],"about":[{"href":"https:\/\/www.tropheesdelacomediemusicale.fr\/fr\/wp-json\/wp\/v2\/types\/page"}],"author":[{"embeddable":true,"href":"https:\/\/www.tropheesdelacomediemusicale.fr\/fr\/wp-json\/wp\/v2\/users\/11"}],"replies":[{"embeddable":true,"href":"https:\/\/www.tropheesdelacomediemusicale.fr\/fr\/wp-json\/wp\/v2\/comments?post=7377"}],"version-history":[{"count":22,"href":"https:\/\/www.tropheesdelacomediemusicale.fr\/fr\/wp-json\/wp\/v2\/pages\/7377\/revisions"}],"predecessor-version":[{"id":7515,"href":"https:\/\/www.tropheesdelacomediemusicale.fr\/fr\/wp-json\/wp\/v2\/pages\/7377\/revisions\/7515"}],"wp:attachment":[{"href":"https:\/\/www.tropheesdelacomediemusicale.fr\/fr\/wp-json\/wp\/v2\/media?parent=7377"}],"curies":[{"name":"wp","href":"https:\/\/api.w.org\/{rel}","templated":true}]}}