{"id":6723,"date":"2026-01-27T09:41:48","date_gmt":"2026-01-27T08:41:48","guid":{"rendered":"https:\/\/www.tropheesdelacomediemusicale.fr\/fr\/?page_id=6723"},"modified":"2026-04-07T21:21:15","modified_gmt":"2026-04-07T19:21:15","slug":"les-eligibles-2026","status":"publish","type":"page","link":"https:\/\/www.tropheesdelacomediemusicale.fr\/fr\/les-eligibles-2026\/","title":{"rendered":"Les \u00e9ligibles 2026"},"content":{"rendered":"\n<div class=\"wp-block-stackable-heading alignfull stk-block-heading stk-block-heading--v2 stk-block stk-589cc83\" id=\"strong-spectacles-eligibles-2026-strong\" data-block-id=\"589cc83\"><style>.stk-589cc83 {margin-bottom:30px !important;}.stk-589cc83 .stk-block-heading__text{text-transform:uppercase !important;}<\/style><h1 class=\"stk-block-heading__text has-text-align-center\"><strong>Spectacles Eligibles 2026<\/strong><\/h1><\/div>\n\n\n\n<div class=\"wp-block-stackable-text stk-block-text stk-block stk-8e99acc\" data-block-id=\"8e99acc\"><p class=\"stk-block-text__text has-text-align-center\">Le Conseil d&rsquo;Administration s&rsquo;est r\u00e9uni pour identifier la suite des spectacles \u00e9ligibles pour 2025-2026. D\u00e9couvrez la 3\u00e8me partie de cette liste !<\/p><\/div>\n\n\n\n<div class=\"wp-block-stackable-text stk-block-text stk-block stk-2e50258\" data-block-id=\"2e50258\"><p class=\"stk-block-text__text has-text-align-center\">La <a href=\"https:\/\/www.tropheesdelacomediemusicale.fr\/fr\/wp-content\/uploads\/2026\/04\/final26-V11.pdf\" type=\"link\" id=\"https:\/\/www.tropheesdelacomediemusicale.fr\/fr\/wp-content\/uploads\/2026\/01\/Liste-N\u00b01-et-2-des-eligibles-COM-V2.pdf\" target=\"_blank\" rel=\"noreferrer noopener\">liste actualis\u00e9e des 51 spectacles \u00e9ligibles<\/a> pour la saison 2025-2026 des Troph\u00e9es de la Com\u00e9die Musicale est disponible en ligne.<\/p><\/div>\n\n\n\n<div class=\"wp-block-stackable-columns alignwide stk-block-columns stk-block stk-7dc474a\" data-block-id=\"7dc474a\"><style>.stk-7dc474a-column{--stk-column-gap:var(--stk--preset--spacing--50, 1.5rem) !important;}<\/style><div class=\"stk-row stk-inner-blocks stk-block-content stk-content-align stk-7dc474a-column alignwide\">\n<div class=\"wp-block-stackable-column stk-block-column stk-column stk-block stk-4eac76b\" data-v=\"4\" data-block-id=\"4eac76b\"><style>.stk-4eac76b-container{max-width:480px !important;min-width:auto !important;margin-right:auto !important;margin-left:auto !important;}@media screen and (min-width:690px){.stk-4eac76b {flex:var(--stk-flex-grow, 1) 1 calc(33.33% - var(--stk-column-gap, 0px) * 2 \/ 3 ) !important;}}<\/style><div class=\"stk-column-wrapper stk-block-column__content stk-container stk-4eac76b-container stk--no-background stk--no-padding\"><div class=\"stk-block-content stk-inner-blocks stk-4eac76b-inner-blocks\">\n<div class=\"wp-block-stackable-image aligncenter stk-block-image stk-block stk-9dc3a07\" data-block-id=\"9dc3a07\"><figure><span class=\"stk-img-wrapper stk-image--shape-stretch stk--has-lightbox\"><img data-recalc-dims=\"1\" loading=\"lazy\" decoding=\"async\" data-attachment-id=\"6726\" data-permalink=\"https:\/\/www.tropheesdelacomediemusicale.fr\/fr\/les-eligibles-2026\/eligibles-2026-liste-n1\/\" data-orig-file=\"https:\/\/i0.wp.com\/www.tropheesdelacomediemusicale.fr\/fr\/wp-content\/uploads\/2025\/11\/Eligibles-2026-liste-n%C2%B01.png?fit=1080%2C1350&amp;ssl=1\" data-orig-size=\"1080,1350\" data-comments-opened=\"1\" data-image-meta=\"{&quot;aperture&quot;:&quot;0&quot;,&quot;credit&quot;:&quot;&quot;,&quot;camera&quot;:&quot;&quot;,&quot;caption&quot;:&quot;&quot;,&quot;created_timestamp&quot;:&quot;0&quot;,&quot;copyright&quot;:&quot;&quot;,&quot;focal_length&quot;:&quot;0&quot;,&quot;iso&quot;:&quot;0&quot;,&quot;shutter_speed&quot;:&quot;0&quot;,&quot;title&quot;:&quot;&quot;,&quot;orientation&quot;:&quot;0&quot;}\" data-image-title=\"Eligibles-2026-liste-n\u00b01\" data-image-description=\"\" data-image-caption=\"\" data-large-file=\"https:\/\/i0.wp.com\/www.tropheesdelacomediemusicale.fr\/fr\/wp-content\/uploads\/2025\/11\/Eligibles-2026-liste-n%C2%B01.png?fit=819%2C1024&amp;ssl=1\" class=\"stk-img wp-image-6726\" src=\"https:\/\/i0.wp.com\/www.tropheesdelacomediemusicale.fr\/fr\/wp-content\/uploads\/2025\/11\/Eligibles-2026-liste-n%C2%B01.png?resize=1080%2C1350&#038;ssl=1\" width=\"1080\" height=\"1350\" srcset=\"https:\/\/i0.wp.com\/www.tropheesdelacomediemusicale.fr\/fr\/wp-content\/uploads\/2025\/11\/Eligibles-2026-liste-n%C2%B01.png?w=1080&amp;ssl=1 1080w, https:\/\/i0.wp.com\/www.tropheesdelacomediemusicale.fr\/fr\/wp-content\/uploads\/2025\/11\/Eligibles-2026-liste-n%C2%B01.png?resize=240%2C300&amp;ssl=1 240w, https:\/\/i0.wp.com\/www.tropheesdelacomediemusicale.fr\/fr\/wp-content\/uploads\/2025\/11\/Eligibles-2026-liste-n%C2%B01.png?resize=819%2C1024&amp;ssl=1 819w, https:\/\/i0.wp.com\/www.tropheesdelacomediemusicale.fr\/fr\/wp-content\/uploads\/2025\/11\/Eligibles-2026-liste-n%C2%B01.png?resize=768%2C960&amp;ssl=1 768w, https:\/\/i0.wp.com\/www.tropheesdelacomediemusicale.fr\/fr\/wp-content\/uploads\/2025\/11\/Eligibles-2026-liste-n%C2%B01.png?resize=700%2C875&amp;ssl=1 700w, https:\/\/i0.wp.com\/www.tropheesdelacomediemusicale.fr\/fr\/wp-content\/uploads\/2025\/11\/Eligibles-2026-liste-n%C2%B01.png?resize=320%2C400&amp;ssl=1 320w\" sizes=\"auto, (max-width: 1080px) 100vw, 1080px\" \/><\/span><\/figure><\/div>\n<\/div><\/div><\/div>\n\n\n\n<div class=\"wp-block-stackable-column stk-block-column stk-column stk-block stk-fbd6fe1\" data-v=\"4\" data-block-id=\"fbd6fe1\"><style>.stk-fbd6fe1-container{max-width:480px !important;min-width:auto !important;margin-right:auto !important;margin-left:auto !important;}@media screen and (min-width:690px){.stk-fbd6fe1 {flex:var(--stk-flex-grow, 1) 1 calc(33.33% - var(--stk-column-gap, 0px) * 2 \/ 3 ) !important;}}<\/style><div class=\"stk-column-wrapper stk-block-column__content stk-container stk-fbd6fe1-container stk--no-background stk--no-padding\"><div class=\"stk-block-content stk-inner-blocks stk-fbd6fe1-inner-blocks\">\n<div class=\"wp-block-stackable-image aligncenter stk-block-image stk-block stk-8793fe1\" data-block-id=\"8793fe1\"><figure><span class=\"stk-img-wrapper stk-image--shape-stretch stk--has-lightbox\"><img data-recalc-dims=\"1\" loading=\"lazy\" decoding=\"async\" data-attachment-id=\"7922\" data-permalink=\"https:\/\/www.tropheesdelacomediemusicale.fr\/fr\/les-eligibles-2026\/spectacles-eligibles-partie-2-site\/\" data-orig-file=\"https:\/\/i0.wp.com\/www.tropheesdelacomediemusicale.fr\/fr\/wp-content\/uploads\/2026\/04\/Spectacles-eligibles-partie-2-site.png?fit=1080%2C1350&amp;ssl=1\" data-orig-size=\"1080,1350\" data-comments-opened=\"1\" data-image-meta=\"{&quot;aperture&quot;:&quot;0&quot;,&quot;credit&quot;:&quot;&quot;,&quot;camera&quot;:&quot;&quot;,&quot;caption&quot;:&quot;&quot;,&quot;created_timestamp&quot;:&quot;0&quot;,&quot;copyright&quot;:&quot;&quot;,&quot;focal_length&quot;:&quot;0&quot;,&quot;iso&quot;:&quot;0&quot;,&quot;shutter_speed&quot;:&quot;0&quot;,&quot;title&quot;:&quot;&quot;,&quot;orientation&quot;:&quot;0&quot;}\" data-image-title=\"Spectacles \u00e9ligibles partie 2 &amp;#8211; site\" data-image-description=\"\" data-image-caption=\"\" data-large-file=\"https:\/\/i0.wp.com\/www.tropheesdelacomediemusicale.fr\/fr\/wp-content\/uploads\/2026\/04\/Spectacles-eligibles-partie-2-site.png?fit=819%2C1024&amp;ssl=1\" class=\"stk-img wp-image-7922\" src=\"https:\/\/i0.wp.com\/www.tropheesdelacomediemusicale.fr\/fr\/wp-content\/uploads\/2026\/04\/Spectacles-eligibles-partie-2-site.png?resize=1080%2C1350&#038;ssl=1\" width=\"1080\" height=\"1350\" srcset=\"https:\/\/i0.wp.com\/www.tropheesdelacomediemusicale.fr\/fr\/wp-content\/uploads\/2026\/04\/Spectacles-eligibles-partie-2-site.png?w=1080&amp;ssl=1 1080w, https:\/\/i0.wp.com\/www.tropheesdelacomediemusicale.fr\/fr\/wp-content\/uploads\/2026\/04\/Spectacles-eligibles-partie-2-site.png?resize=240%2C300&amp;ssl=1 240w, https:\/\/i0.wp.com\/www.tropheesdelacomediemusicale.fr\/fr\/wp-content\/uploads\/2026\/04\/Spectacles-eligibles-partie-2-site.png?resize=819%2C1024&amp;ssl=1 819w, https:\/\/i0.wp.com\/www.tropheesdelacomediemusicale.fr\/fr\/wp-content\/uploads\/2026\/04\/Spectacles-eligibles-partie-2-site.png?resize=768%2C960&amp;ssl=1 768w\" sizes=\"auto, (max-width: 1080px) 100vw, 1080px\" \/><\/span><\/figure><\/div>\n<\/div><\/div><\/div>\n\n\n\n<div class=\"wp-block-stackable-column stk-block-column stk-column stk-block stk-13cb9d9\" data-v=\"4\" data-block-id=\"13cb9d9\"><style>.stk-13cb9d9-container{max-width:480px !important;min-width:auto !important;margin-right:auto !important;margin-left:auto !important;}@media screen and (min-width:690px){.stk-13cb9d9 {flex:var(--stk-flex-grow, 1) 1 calc(33.33% - var(--stk-column-gap, 0px) * 2 \/ 3 ) !important;}}<\/style><div class=\"stk-column-wrapper stk-block-column__content stk-container stk-13cb9d9-container stk--no-background stk--no-padding\"><div class=\"stk-block-content stk-inner-blocks stk-13cb9d9-inner-blocks\">\n<div class=\"wp-block-stackable-image aligncenter stk-block-image stk-block stk-212d632\" data-block-id=\"212d632\"><figure><span class=\"stk-img-wrapper stk-image--shape-stretch stk--has-lightbox\"><img data-recalc-dims=\"1\" loading=\"lazy\" decoding=\"async\" data-attachment-id=\"7925\" data-permalink=\"https:\/\/www.tropheesdelacomediemusicale.fr\/fr\/les-eligibles-2026\/spectacles-eligibles-partie-3-site\/\" data-orig-file=\"https:\/\/i0.wp.com\/www.tropheesdelacomediemusicale.fr\/fr\/wp-content\/uploads\/2026\/04\/Spectacles-eligibles-partie-3-site.png?fit=1080%2C1350&amp;ssl=1\" data-orig-size=\"1080,1350\" data-comments-opened=\"1\" data-image-meta=\"{&quot;aperture&quot;:&quot;0&quot;,&quot;credit&quot;:&quot;&quot;,&quot;camera&quot;:&quot;&quot;,&quot;caption&quot;:&quot;&quot;,&quot;created_timestamp&quot;:&quot;0&quot;,&quot;copyright&quot;:&quot;&quot;,&quot;focal_length&quot;:&quot;0&quot;,&quot;iso&quot;:&quot;0&quot;,&quot;shutter_speed&quot;:&quot;0&quot;,&quot;title&quot;:&quot;&quot;,&quot;orientation&quot;:&quot;0&quot;}\" data-image-title=\"Spectacles \u00e9ligibles partie 3 &amp;#8211; site\" data-image-description=\"\" data-image-caption=\"\" data-large-file=\"https:\/\/i0.wp.com\/www.tropheesdelacomediemusicale.fr\/fr\/wp-content\/uploads\/2026\/04\/Spectacles-eligibles-partie-3-site.png?fit=819%2C1024&amp;ssl=1\" class=\"stk-img wp-image-7925\" src=\"https:\/\/i0.wp.com\/www.tropheesdelacomediemusicale.fr\/fr\/wp-content\/uploads\/2026\/04\/Spectacles-eligibles-partie-3-site.png?resize=1080%2C1350&#038;ssl=1\" width=\"1080\" height=\"1350\" srcset=\"https:\/\/i0.wp.com\/www.tropheesdelacomediemusicale.fr\/fr\/wp-content\/uploads\/2026\/04\/Spectacles-eligibles-partie-3-site.png?w=1080&amp;ssl=1 1080w, https:\/\/i0.wp.com\/www.tropheesdelacomediemusicale.fr\/fr\/wp-content\/uploads\/2026\/04\/Spectacles-eligibles-partie-3-site.png?resize=240%2C300&amp;ssl=1 240w, https:\/\/i0.wp.com\/www.tropheesdelacomediemusicale.fr\/fr\/wp-content\/uploads\/2026\/04\/Spectacles-eligibles-partie-3-site.png?resize=819%2C1024&amp;ssl=1 819w, https:\/\/i0.wp.com\/www.tropheesdelacomediemusicale.fr\/fr\/wp-content\/uploads\/2026\/04\/Spectacles-eligibles-partie-3-site.png?resize=768%2C960&amp;ssl=1 768w\" sizes=\"auto, (max-width: 1080px) 100vw, 1080px\" \/><\/span><\/figure><\/div>\n<\/div><\/div><\/div>\n<\/div><\/div>\n","protected":false},"excerpt":{"rendered":"<p>Spectacles Eligibles 2026 Le Conseil d&rsquo;Administration s&rsquo;est r\u00e9uni pour identifier la suite des spectacles \u00e9ligibles pour 2025-2026. D\u00e9couvrez la 3\u00e8me partie de cette liste ! La liste actualis\u00e9e des 51 spectacles \u00e9ligibles pour la saison 2025-2026 des Troph\u00e9es de la Com\u00e9die Musicale est disponible en ligne.<\/p>\n","protected":false},"author":8,"featured_media":0,"parent":0,"menu_order":0,"comment_status":"closed","ping_status":"closed","template":"","meta":{"jetpack_post_was_ever_published":false,"footnotes":""},"class_list":["post-6723","page","type-page","status-publish","hentry"],"blocksy_meta":[],"yoast_head":"<!-- This site is optimized with the Yoast SEO plugin v27.5 - https:\/\/yoast.com\/product\/yoast-seo-wordpress\/ -->\n<title>Les \u00e9ligibles 2026 - Les Troph\u00e9es de la Com\u00e9die Musicale<\/title>\n<meta name=\"description\" content=\"Vous retrouverez ici tous les spectacles \u00e9ligibles pour la c\u00e9r\u00e9monie des Troph\u00e9es de la Com\u00e9die Musicale 2026\" \/>\n<meta name=\"robots\" content=\"index, follow, max-snippet:-1, max-image-preview:large, max-video-preview:-1\" \/>\n<link rel=\"canonical\" href=\"https:\/\/www.tropheesdelacomediemusicale.fr\/fr\/les-eligibles-2026\/\" \/>\n<meta property=\"og:locale\" content=\"fr_FR\" \/>\n<meta property=\"og:type\" content=\"article\" \/>\n<meta property=\"og:title\" content=\"Les \u00e9ligibles 2026 - Les Troph\u00e9es de la Com\u00e9die Musicale\" \/>\n<meta property=\"og:description\" content=\"Vous retrouverez ici tous les spectacles \u00e9ligibles pour la c\u00e9r\u00e9monie des Troph\u00e9es de la Com\u00e9die Musicale 2026\" \/>\n<meta property=\"og:url\" content=\"https:\/\/www.tropheesdelacomediemusicale.fr\/fr\/les-eligibles-2026\/\" \/>\n<meta property=\"og:site_name\" content=\"Les Troph\u00e9es de la Com\u00e9die Musicale\" \/>\n<meta property=\"article:publisher\" content=\"https:\/\/www.facebook.com\/lestropheesdelacomediemusicale\" \/>\n<meta property=\"article:modified_time\" content=\"2026-04-07T19:21:15+00:00\" \/>\n<meta property=\"og:image\" content=\"https:\/\/www.tropheesdelacomediemusicale.fr\/fr\/wp-content\/uploads\/2026\/04\/Spectacles-eligibles-partie-2-site.png\" \/>\n<meta name=\"twitter:card\" content=\"summary_large_image\" \/>\n<meta name=\"twitter:label1\" content=\"Dur\u00e9e de lecture estim\u00e9e\" \/>\n\t<meta name=\"twitter:data1\" content=\"1 minute\" \/>\n<script type=\"application\/ld+json\" class=\"yoast-schema-graph\">{\"@context\":\"https:\\\/\\\/schema.org\",\"@graph\":[{\"@type\":\"WebPage\",\"@id\":\"https:\\\/\\\/www.tropheesdelacomediemusicale.fr\\\/fr\\\/les-eligibles-2026\\\/\",\"url\":\"https:\\\/\\\/www.tropheesdelacomediemusicale.fr\\\/fr\\\/les-eligibles-2026\\\/\",\"name\":\"Les \u00e9ligibles 2026 - Les Troph\u00e9es de la Com\u00e9die Musicale\",\"isPartOf\":{\"@id\":\"https:\\\/\\\/www.tropheesdelacomediemusicale.fr\\\/fr\\\/#website\"},\"primaryImageOfPage\":{\"@id\":\"https:\\\/\\\/www.tropheesdelacomediemusicale.fr\\\/fr\\\/les-eligibles-2026\\\/#primaryimage\"},\"image\":{\"@id\":\"https:\\\/\\\/www.tropheesdelacomediemusicale.fr\\\/fr\\\/les-eligibles-2026\\\/#primaryimage\"},\"thumbnailUrl\":\"https:\\\/\\\/www.tropheesdelacomediemusicale.fr\\\/fr\\\/wp-content\\\/uploads\\\/2026\\\/04\\\/Spectacles-eligibles-partie-2-site.png\",\"datePublished\":\"2026-01-27T08:41:48+00:00\",\"dateModified\":\"2026-04-07T19:21:15+00:00\",\"description\":\"Vous retrouverez ici tous les spectacles \u00e9ligibles pour la c\u00e9r\u00e9monie des Troph\u00e9es de la Com\u00e9die Musicale 2026\",\"breadcrumb\":{\"@id\":\"https:\\\/\\\/www.tropheesdelacomediemusicale.fr\\\/fr\\\/les-eligibles-2026\\\/#breadcrumb\"},\"inLanguage\":\"fr-FR\",\"potentialAction\":[{\"@type\":\"ReadAction\",\"target\":[\"https:\\\/\\\/www.tropheesdelacomediemusicale.fr\\\/fr\\\/les-eligibles-2026\\\/\"]}]},{\"@type\":\"ImageObject\",\"inLanguage\":\"fr-FR\",\"@id\":\"https:\\\/\\\/www.tropheesdelacomediemusicale.fr\\\/fr\\\/les-eligibles-2026\\\/#primaryimage\",\"url\":\"https:\\\/\\\/i0.wp.com\\\/www.tropheesdelacomediemusicale.fr\\\/fr\\\/wp-content\\\/uploads\\\/2026\\\/04\\\/Spectacles-eligibles-partie-2-site.png?fit=1080%2C1350&ssl=1\",\"contentUrl\":\"https:\\\/\\\/i0.wp.com\\\/www.tropheesdelacomediemusicale.fr\\\/fr\\\/wp-content\\\/uploads\\\/2026\\\/04\\\/Spectacles-eligibles-partie-2-site.png?fit=1080%2C1350&ssl=1\",\"width\":1080,\"height\":1350},{\"@type\":\"BreadcrumbList\",\"@id\":\"https:\\\/\\\/www.tropheesdelacomediemusicale.fr\\\/fr\\\/les-eligibles-2026\\\/#breadcrumb\",\"itemListElement\":[{\"@type\":\"ListItem\",\"position\":1,\"name\":\"Accueil\",\"item\":\"https:\\\/\\\/www.tropheesdelacomediemusicale.fr\\\/fr\\\/\"},{\"@type\":\"ListItem\",\"position\":2,\"name\":\"Les \u00e9ligibles 2026\"}]},{\"@type\":\"WebSite\",\"@id\":\"https:\\\/\\\/www.tropheesdelacomediemusicale.fr\\\/fr\\\/#website\",\"url\":\"https:\\\/\\\/www.tropheesdelacomediemusicale.fr\\\/fr\\\/\",\"name\":\"Les Troph\u00e9es de la Com\u00e9die Musicale\",\"description\":\"Les Troph\u00e9es de la Com\u00e9die Musicale\",\"publisher\":{\"@id\":\"https:\\\/\\\/www.tropheesdelacomediemusicale.fr\\\/fr\\\/#organization\"},\"potentialAction\":[{\"@type\":\"SearchAction\",\"target\":{\"@type\":\"EntryPoint\",\"urlTemplate\":\"https:\\\/\\\/www.tropheesdelacomediemusicale.fr\\\/fr\\\/?s={search_term_string}\"},\"query-input\":{\"@type\":\"PropertyValueSpecification\",\"valueRequired\":true,\"valueName\":\"search_term_string\"}}],\"inLanguage\":\"fr-FR\"},{\"@type\":\"Organization\",\"@id\":\"https:\\\/\\\/www.tropheesdelacomediemusicale.fr\\\/fr\\\/#organization\",\"name\":\"Les Troph\u00e9es de la Com\u00e9die Musicale\",\"url\":\"https:\\\/\\\/www.tropheesdelacomediemusicale.fr\\\/fr\\\/\",\"logo\":{\"@type\":\"ImageObject\",\"inLanguage\":\"fr-FR\",\"@id\":\"https:\\\/\\\/www.tropheesdelacomediemusicale.fr\\\/fr\\\/#\\\/schema\\\/logo\\\/image\\\/\",\"url\":\"https:\\\/\\\/i0.wp.com\\\/www.tropheesdelacomediemusicale.fr\\\/fr\\\/wp-content\\\/uploads\\\/2017\\\/05\\\/Icone.jpg?fit=1000%2C1000&ssl=1\",\"contentUrl\":\"https:\\\/\\\/i0.wp.com\\\/www.tropheesdelacomediemusicale.fr\\\/fr\\\/wp-content\\\/uploads\\\/2017\\\/05\\\/Icone.jpg?fit=1000%2C1000&ssl=1\",\"width\":1000,\"height\":1000,\"caption\":\"Les Troph\u00e9es de la Com\u00e9die Musicale\"},\"image\":{\"@id\":\"https:\\\/\\\/www.tropheesdelacomediemusicale.fr\\\/fr\\\/#\\\/schema\\\/logo\\\/image\\\/\"},\"sameAs\":[\"https:\\\/\\\/www.facebook.com\\\/lestropheesdelacomediemusicale\"]}]}<\/script>\n<!-- \/ Yoast SEO plugin. -->","yoast_head_json":{"title":"Les \u00e9ligibles 2026 - Les Troph\u00e9es de la Com\u00e9die Musicale","description":"Vous retrouverez ici tous les spectacles \u00e9ligibles pour la c\u00e9r\u00e9monie des Troph\u00e9es de la Com\u00e9die Musicale 2026","robots":{"index":"index","follow":"follow","max-snippet":"max-snippet:-1","max-image-preview":"max-image-preview:large","max-video-preview":"max-video-preview:-1"},"canonical":"https:\/\/www.tropheesdelacomediemusicale.fr\/fr\/les-eligibles-2026\/","og_locale":"fr_FR","og_type":"article","og_title":"Les \u00e9ligibles 2026 - Les Troph\u00e9es de la Com\u00e9die Musicale","og_description":"Vous retrouverez ici tous les spectacles \u00e9ligibles pour la c\u00e9r\u00e9monie des Troph\u00e9es de la Com\u00e9die Musicale 2026","og_url":"https:\/\/www.tropheesdelacomediemusicale.fr\/fr\/les-eligibles-2026\/","og_site_name":"Les Troph\u00e9es de la Com\u00e9die Musicale","article_publisher":"https:\/\/www.facebook.com\/lestropheesdelacomediemusicale","article_modified_time":"2026-04-07T19:21:15+00:00","og_image":[{"url":"https:\/\/www.tropheesdelacomediemusicale.fr\/fr\/wp-content\/uploads\/2026\/04\/Spectacles-eligibles-partie-2-site.png","type":"","width":"","height":""}],"twitter_card":"summary_large_image","twitter_misc":{"Dur\u00e9e de lecture estim\u00e9e":"1 minute"},"schema":{"@context":"https:\/\/schema.org","@graph":[{"@type":"WebPage","@id":"https:\/\/www.tropheesdelacomediemusicale.fr\/fr\/les-eligibles-2026\/","url":"https:\/\/www.tropheesdelacomediemusicale.fr\/fr\/les-eligibles-2026\/","name":"Les \u00e9ligibles 2026 - Les Troph\u00e9es de la Com\u00e9die Musicale","isPartOf":{"@id":"https:\/\/www.tropheesdelacomediemusicale.fr\/fr\/#website"},"primaryImageOfPage":{"@id":"https:\/\/www.tropheesdelacomediemusicale.fr\/fr\/les-eligibles-2026\/#primaryimage"},"image":{"@id":"https:\/\/www.tropheesdelacomediemusicale.fr\/fr\/les-eligibles-2026\/#primaryimage"},"thumbnailUrl":"https:\/\/www.tropheesdelacomediemusicale.fr\/fr\/wp-content\/uploads\/2026\/04\/Spectacles-eligibles-partie-2-site.png","datePublished":"2026-01-27T08:41:48+00:00","dateModified":"2026-04-07T19:21:15+00:00","description":"Vous retrouverez ici tous les spectacles \u00e9ligibles pour la c\u00e9r\u00e9monie des Troph\u00e9es de la Com\u00e9die Musicale 2026","breadcrumb":{"@id":"https:\/\/www.tropheesdelacomediemusicale.fr\/fr\/les-eligibles-2026\/#breadcrumb"},"inLanguage":"fr-FR","potentialAction":[{"@type":"ReadAction","target":["https:\/\/www.tropheesdelacomediemusicale.fr\/fr\/les-eligibles-2026\/"]}]},{"@type":"ImageObject","inLanguage":"fr-FR","@id":"https:\/\/www.tropheesdelacomediemusicale.fr\/fr\/les-eligibles-2026\/#primaryimage","url":"https:\/\/i0.wp.com\/www.tropheesdelacomediemusicale.fr\/fr\/wp-content\/uploads\/2026\/04\/Spectacles-eligibles-partie-2-site.png?fit=1080%2C1350&ssl=1","contentUrl":"https:\/\/i0.wp.com\/www.tropheesdelacomediemusicale.fr\/fr\/wp-content\/uploads\/2026\/04\/Spectacles-eligibles-partie-2-site.png?fit=1080%2C1350&ssl=1","width":1080,"height":1350},{"@type":"BreadcrumbList","@id":"https:\/\/www.tropheesdelacomediemusicale.fr\/fr\/les-eligibles-2026\/#breadcrumb","itemListElement":[{"@type":"ListItem","position":1,"name":"Accueil","item":"https:\/\/www.tropheesdelacomediemusicale.fr\/fr\/"},{"@type":"ListItem","position":2,"name":"Les \u00e9ligibles 2026"}]},{"@type":"WebSite","@id":"https:\/\/www.tropheesdelacomediemusicale.fr\/fr\/#website","url":"https:\/\/www.tropheesdelacomediemusicale.fr\/fr\/","name":"Les Troph\u00e9es de la Com\u00e9die Musicale","description":"Les Troph\u00e9es de la Com\u00e9die Musicale","publisher":{"@id":"https:\/\/www.tropheesdelacomediemusicale.fr\/fr\/#organization"},"potentialAction":[{"@type":"SearchAction","target":{"@type":"EntryPoint","urlTemplate":"https:\/\/www.tropheesdelacomediemusicale.fr\/fr\/?s={search_term_string}"},"query-input":{"@type":"PropertyValueSpecification","valueRequired":true,"valueName":"search_term_string"}}],"inLanguage":"fr-FR"},{"@type":"Organization","@id":"https:\/\/www.tropheesdelacomediemusicale.fr\/fr\/#organization","name":"Les Troph\u00e9es de la Com\u00e9die Musicale","url":"https:\/\/www.tropheesdelacomediemusicale.fr\/fr\/","logo":{"@type":"ImageObject","inLanguage":"fr-FR","@id":"https:\/\/www.tropheesdelacomediemusicale.fr\/fr\/#\/schema\/logo\/image\/","url":"https:\/\/i0.wp.com\/www.tropheesdelacomediemusicale.fr\/fr\/wp-content\/uploads\/2017\/05\/Icone.jpg?fit=1000%2C1000&ssl=1","contentUrl":"https:\/\/i0.wp.com\/www.tropheesdelacomediemusicale.fr\/fr\/wp-content\/uploads\/2017\/05\/Icone.jpg?fit=1000%2C1000&ssl=1","width":1000,"height":1000,"caption":"Les Troph\u00e9es de la Com\u00e9die Musicale"},"image":{"@id":"https:\/\/www.tropheesdelacomediemusicale.fr\/fr\/#\/schema\/logo\/image\/"},"sameAs":["https:\/\/www.facebook.com\/lestropheesdelacomediemusicale"]}]}},"jetpack_sharing_enabled":true,"jetpack_shortlink":"https:\/\/wp.me\/P8KT3A-1Kr","_links":{"self":[{"href":"https:\/\/www.tropheesdelacomediemusicale.fr\/fr\/wp-json\/wp\/v2\/pages\/6723","targetHints":{"allow":["GET"]}}],"collection":[{"href":"https:\/\/www.tropheesdelacomediemusicale.fr\/fr\/wp-json\/wp\/v2\/pages"}],"about":[{"href":"https:\/\/www.tropheesdelacomediemusicale.fr\/fr\/wp-json\/wp\/v2\/types\/page"}],"author":[{"embeddable":true,"href":"https:\/\/www.tropheesdelacomediemusicale.fr\/fr\/wp-json\/wp\/v2\/users\/8"}],"replies":[{"embeddable":true,"href":"https:\/\/www.tropheesdelacomediemusicale.fr\/fr\/wp-json\/wp\/v2\/comments?post=6723"}],"version-history":[{"count":21,"href":"https:\/\/www.tropheesdelacomediemusicale.fr\/fr\/wp-json\/wp\/v2\/pages\/6723\/revisions"}],"predecessor-version":[{"id":7934,"href":"https:\/\/www.tropheesdelacomediemusicale.fr\/fr\/wp-json\/wp\/v2\/pages\/6723\/revisions\/7934"}],"wp:attachment":[{"href":"https:\/\/www.tropheesdelacomediemusicale.fr\/fr\/wp-json\/wp\/v2\/media?parent=6723"}],"curies":[{"name":"wp","href":"https:\/\/api.w.org\/{rel}","templated":true}]}}