{"id":6690,"date":"2025-10-22T13:51:00","date_gmt":"2025-10-22T11:51:00","guid":{"rendered":"https:\/\/www.tropheesdelacomediemusicale.fr\/fr\/?page_id=6690"},"modified":"2025-12-19T11:51:23","modified_gmt":"2025-12-19T10:51:23","slug":"declaration-de-production-2025-2026","status":"publish","type":"page","link":"https:\/\/www.tropheesdelacomediemusicale.fr\/fr\/declaration-de-production-2025-2026\/","title":{"rendered":"D\u00e9claration de production 2025-2026"},"content":{"rendered":"\n<div class=\"wp-block-stackable-heading stk-block-heading stk-block-heading--v2 stk-block stk-e0f932d\" id=\"strong-declaration-de-production-2025-2026-strong\" data-block-id=\"e0f932d\"><h1 class=\"stk-block-heading__text has-text-align-center\"><strong>DECLARATION DE PRODUCTION 2025\/2026<\/strong><\/h1><\/div>\n\n\n\n<div class=\"wp-block-stackable-text stk-block-text stk-block stk-9ae8031\" data-block-id=\"9ae8031\"><style>.stk-9ae8031 {margin-bottom:40px !important;}<\/style><p class=\"stk-block-text__text has-text-align-justify\">Afin que votre spectacle puisse \u00eatre consid\u00e9r\u00e9 par le Conseil d\u2019Administration en charge d\u2019\u00e9tablir la liste des spectacles \u00e9ligibles aux Troph\u00e9es de la Com\u00e9die Musicale 2026 qui se tiendront au printemps 2026, il est indispensable que vous nous transmettiez quelques informations simples au moyen de ce formulaire rapide \u00e0 remplir : cliquer sur le bouton\u00a0<a href=\"https:\/\/forms.gle\/4yuCxCEcYDoxUnybA\">\u00ab\u00a0Certificat 2026\u00a0\u00bb<\/a>\u00a0ci-dessous pour y acc\u00e9der (authentification gmail n\u00e9cessaire) <\/p><\/div>\n\n\n\n<div class=\"wp-block-stackable-columns stk-block-columns stk-block stk-0596d05\" data-block-id=\"0596d05\"><div class=\"stk-row stk-inner-blocks stk-block-content stk-content-align stk-0596d05-column\">\n<div class=\"wp-block-stackable-column stk-block-column stk-column stk-block stk-359cd70\" data-v=\"4\" data-block-id=\"359cd70\"><div class=\"stk-column-wrapper stk-block-column__content stk-container stk-359cd70-container stk--no-background stk--no-padding\"><div class=\"stk-block-content stk-inner-blocks stk-359cd70-inner-blocks\">\n<div class=\"wp-block-stackable-image alignwide stk-block-image stk-block stk-3a32945\" data-block-id=\"3a32945\"><style>.stk-3a32945 {min-height:var(--stk--preset--block-height--none, 0px) !important;align-items:center !important;max-width:400px !important;min-width:auto !important;margin-right:auto !important;margin-left:auto !important;display:flex !important;}.stk-3a32945 .stk-img-wrapper{width:100% !important;}<\/style><figure><span class=\"stk-img-wrapper stk-image--shape-stretch\"><img data-recalc-dims=\"1\" loading=\"lazy\" decoding=\"async\" data-attachment-id=\"6309\" data-permalink=\"https:\/\/www.tropheesdelacomediemusicale.fr\/fr\/accueil\/certificat-jpg\/\" data-orig-file=\"https:\/\/i0.wp.com\/www.tropheesdelacomediemusicale.fr\/fr\/wp-content\/uploads\/2024\/10\/certificat.jpg.webp?fit=600%2C503&amp;ssl=1\" data-orig-size=\"600,503\" data-comments-opened=\"1\" data-image-meta=\"{&quot;aperture&quot;:&quot;0&quot;,&quot;credit&quot;:&quot;&quot;,&quot;camera&quot;:&quot;&quot;,&quot;caption&quot;:&quot;&quot;,&quot;created_timestamp&quot;:&quot;0&quot;,&quot;copyright&quot;:&quot;&quot;,&quot;focal_length&quot;:&quot;0&quot;,&quot;iso&quot;:&quot;0&quot;,&quot;shutter_speed&quot;:&quot;0&quot;,&quot;title&quot;:&quot;&quot;,&quot;orientation&quot;:&quot;0&quot;}\" data-image-title=\"certificat.jpg\" data-image-description=\"\" data-image-caption=\"\" data-large-file=\"https:\/\/i0.wp.com\/www.tropheesdelacomediemusicale.fr\/fr\/wp-content\/uploads\/2024\/10\/certificat.jpg.webp?fit=600%2C503&amp;ssl=1\" class=\"stk-img wp-image-6309\" src=\"https:\/\/i0.wp.com\/www.tropheesdelacomediemusicale.fr\/fr\/wp-content\/uploads\/2024\/10\/certificat.jpg.webp?resize=600%2C503&#038;ssl=1\" width=\"600\" height=\"503\" srcset=\"https:\/\/i0.wp.com\/www.tropheesdelacomediemusicale.fr\/fr\/wp-content\/uploads\/2024\/10\/certificat.jpg.webp?w=600&amp;ssl=1 600w, https:\/\/i0.wp.com\/www.tropheesdelacomediemusicale.fr\/fr\/wp-content\/uploads\/2024\/10\/certificat.jpg.webp?resize=300%2C252&amp;ssl=1 300w, https:\/\/i0.wp.com\/www.tropheesdelacomediemusicale.fr\/fr\/wp-content\/uploads\/2024\/10\/certificat.jpg.webp?resize=477%2C400&amp;ssl=1 477w\" sizes=\"auto, (max-width: 600px) 100vw, 600px\" \/><\/span><\/figure><\/div>\n<\/div><\/div><\/div>\n<\/div><\/div>\n\n\n\n<div class=\"wp-block-stackable-button-group stk-block-button-group stk-block stk-65e2e95\" data-block-id=\"65e2e95\"><style>.stk-65e2e95 {margin-bottom:40px !important;}<\/style><div class=\"stk-row stk-inner-blocks has-text-align-center stk-block-content stk-button-group\">\n<div class=\"wp-block-stackable-button stk-block-button has-text-align-center stk-block stk-c193c90\" data-block-id=\"c193c90\"><style>.stk-c193c90 .stk-button{background:#e1c880 !important;}.stk-c193c90 .stk-button__inner-text{color:#fffffe !important;}<\/style><a class=\"stk-link stk-button stk--hover-effect-darken\" href=\"https:\/\/forms.gle\/N3dtYrzqxRQuo5PGA\" target=\"_blank\" rel=\"noreferrer noopener\"><span class=\"has-text-color stk-button__inner-text\">CERTIFICAT 2026<\/span><\/a><\/div>\n<\/div><\/div>\n\n\n\n<div class=\"wp-block-stackable-text stk-block-text stk-block stk-fb03134\" data-block-id=\"fb03134\"><p class=\"stk-block-text__text has-text-align-justify\">La premi\u00e8re partie de ce formulaire vous permettra de d\u00e9terminer si votre spectacle peut \u00eatre \u00e9ligible. La seconde vous permettra de nous transmettre les informations administratives qui nous seront n\u00e9cessaires. Vous avez jusqu\u2019au vendredi 27 mars 2026 \u00e0 18h pour nous faire parvenir votre d\u00e9claration de production.<\/p><\/div>\n","protected":false},"excerpt":{"rendered":"<p>DECLARATION DE PRODUCTION 2025\/2026 Afin que votre spectacle puisse \u00eatre consid\u00e9r\u00e9 par le Conseil d\u2019Administration en charge d\u2019\u00e9tablir la liste des spectacles \u00e9ligibles aux Troph\u00e9es de la Com\u00e9die Musicale 2026 qui se tiendront au printemps 2026, il est indispensable que vous nous transmettiez quelques informations simples au moyen de ce formulaire rapide \u00e0 remplir : [&hellip;]<\/p>\n","protected":false},"author":8,"featured_media":0,"parent":0,"menu_order":0,"comment_status":"closed","ping_status":"closed","template":"","meta":{"jetpack_post_was_ever_published":false,"footnotes":""},"class_list":["post-6690","page","type-page","status-publish","hentry"],"blocksy_meta":[],"yoast_head":"<!-- This site is optimized with the Yoast SEO plugin v27.4 - https:\/\/yoast.com\/product\/yoast-seo-wordpress\/ -->\n<title>D\u00e9claration de production 2025-2026 - Les Troph\u00e9es de la Com\u00e9die Musicale<\/title>\n<meta name=\"description\" content=\"Vous retrouverez ici la D\u00e9claration de Production 2025\/2026 pour la prochaine C\u00e9r\u00e9monie des Troph\u00e9es de la Com\u00e9die Musicale.\" \/>\n<meta name=\"robots\" content=\"index, follow, max-snippet:-1, max-image-preview:large, max-video-preview:-1\" \/>\n<link rel=\"canonical\" href=\"https:\/\/www.tropheesdelacomediemusicale.fr\/fr\/declaration-de-production-2025-2026\/\" \/>\n<meta property=\"og:locale\" content=\"fr_FR\" \/>\n<meta property=\"og:type\" content=\"article\" \/>\n<meta property=\"og:title\" content=\"D\u00e9claration de production 2025-2026 - Les Troph\u00e9es de la Com\u00e9die Musicale\" \/>\n<meta property=\"og:description\" content=\"Vous retrouverez ici la D\u00e9claration de Production 2025\/2026 pour la prochaine C\u00e9r\u00e9monie des Troph\u00e9es de la Com\u00e9die Musicale.\" \/>\n<meta property=\"og:url\" content=\"https:\/\/www.tropheesdelacomediemusicale.fr\/fr\/declaration-de-production-2025-2026\/\" \/>\n<meta property=\"og:site_name\" content=\"Les Troph\u00e9es de la Com\u00e9die Musicale\" \/>\n<meta property=\"article:publisher\" content=\"https:\/\/www.facebook.com\/lestropheesdelacomediemusicale\" \/>\n<meta property=\"article:modified_time\" content=\"2025-12-19T10:51:23+00:00\" \/>\n<meta property=\"og:image\" content=\"https:\/\/www.tropheesdelacomediemusicale.fr\/fr\/wp-content\/uploads\/2024\/10\/certificat.jpg.webp\" \/>\n<meta name=\"twitter:card\" content=\"summary_large_image\" \/>\n<meta name=\"twitter:label1\" content=\"Dur\u00e9e de lecture estim\u00e9e\" \/>\n\t<meta name=\"twitter:data1\" content=\"1 minute\" \/>\n<script type=\"application\/ld+json\" class=\"yoast-schema-graph\">{\"@context\":\"https:\\\/\\\/schema.org\",\"@graph\":[{\"@type\":\"WebPage\",\"@id\":\"https:\\\/\\\/www.tropheesdelacomediemusicale.fr\\\/fr\\\/declaration-de-production-2025-2026\\\/\",\"url\":\"https:\\\/\\\/www.tropheesdelacomediemusicale.fr\\\/fr\\\/declaration-de-production-2025-2026\\\/\",\"name\":\"D\u00e9claration de production 2025-2026 - Les Troph\u00e9es de la Com\u00e9die Musicale\",\"isPartOf\":{\"@id\":\"https:\\\/\\\/www.tropheesdelacomediemusicale.fr\\\/fr\\\/#website\"},\"primaryImageOfPage\":{\"@id\":\"https:\\\/\\\/www.tropheesdelacomediemusicale.fr\\\/fr\\\/declaration-de-production-2025-2026\\\/#primaryimage\"},\"image\":{\"@id\":\"https:\\\/\\\/www.tropheesdelacomediemusicale.fr\\\/fr\\\/declaration-de-production-2025-2026\\\/#primaryimage\"},\"thumbnailUrl\":\"https:\\\/\\\/www.tropheesdelacomediemusicale.fr\\\/fr\\\/wp-content\\\/uploads\\\/2024\\\/10\\\/certificat.jpg.webp\",\"datePublished\":\"2025-10-22T11:51:00+00:00\",\"dateModified\":\"2025-12-19T10:51:23+00:00\",\"description\":\"Vous retrouverez ici la D\u00e9claration de Production 2025\\\/2026 pour la prochaine C\u00e9r\u00e9monie des Troph\u00e9es de la Com\u00e9die Musicale.\",\"breadcrumb\":{\"@id\":\"https:\\\/\\\/www.tropheesdelacomediemusicale.fr\\\/fr\\\/declaration-de-production-2025-2026\\\/#breadcrumb\"},\"inLanguage\":\"fr-FR\",\"potentialAction\":[{\"@type\":\"ReadAction\",\"target\":[\"https:\\\/\\\/www.tropheesdelacomediemusicale.fr\\\/fr\\\/declaration-de-production-2025-2026\\\/\"]}]},{\"@type\":\"ImageObject\",\"inLanguage\":\"fr-FR\",\"@id\":\"https:\\\/\\\/www.tropheesdelacomediemusicale.fr\\\/fr\\\/declaration-de-production-2025-2026\\\/#primaryimage\",\"url\":\"https:\\\/\\\/i0.wp.com\\\/www.tropheesdelacomediemusicale.fr\\\/fr\\\/wp-content\\\/uploads\\\/2024\\\/10\\\/certificat.jpg.webp?fit=600%2C503&ssl=1\",\"contentUrl\":\"https:\\\/\\\/i0.wp.com\\\/www.tropheesdelacomediemusicale.fr\\\/fr\\\/wp-content\\\/uploads\\\/2024\\\/10\\\/certificat.jpg.webp?fit=600%2C503&ssl=1\",\"width\":600,\"height\":503},{\"@type\":\"BreadcrumbList\",\"@id\":\"https:\\\/\\\/www.tropheesdelacomediemusicale.fr\\\/fr\\\/declaration-de-production-2025-2026\\\/#breadcrumb\",\"itemListElement\":[{\"@type\":\"ListItem\",\"position\":1,\"name\":\"Accueil\",\"item\":\"https:\\\/\\\/www.tropheesdelacomediemusicale.fr\\\/fr\\\/\"},{\"@type\":\"ListItem\",\"position\":2,\"name\":\"D\u00e9claration de production 2025-2026\"}]},{\"@type\":\"WebSite\",\"@id\":\"https:\\\/\\\/www.tropheesdelacomediemusicale.fr\\\/fr\\\/#website\",\"url\":\"https:\\\/\\\/www.tropheesdelacomediemusicale.fr\\\/fr\\\/\",\"name\":\"Les Troph\u00e9es de la Com\u00e9die Musicale\",\"description\":\"\",\"publisher\":{\"@id\":\"https:\\\/\\\/www.tropheesdelacomediemusicale.fr\\\/fr\\\/#organization\"},\"potentialAction\":[{\"@type\":\"SearchAction\",\"target\":{\"@type\":\"EntryPoint\",\"urlTemplate\":\"https:\\\/\\\/www.tropheesdelacomediemusicale.fr\\\/fr\\\/?s={search_term_string}\"},\"query-input\":{\"@type\":\"PropertyValueSpecification\",\"valueRequired\":true,\"valueName\":\"search_term_string\"}}],\"inLanguage\":\"fr-FR\"},{\"@type\":\"Organization\",\"@id\":\"https:\\\/\\\/www.tropheesdelacomediemusicale.fr\\\/fr\\\/#organization\",\"name\":\"Les Troph\u00e9es de la Com\u00e9die Musicale\",\"url\":\"https:\\\/\\\/www.tropheesdelacomediemusicale.fr\\\/fr\\\/\",\"logo\":{\"@type\":\"ImageObject\",\"inLanguage\":\"fr-FR\",\"@id\":\"https:\\\/\\\/www.tropheesdelacomediemusicale.fr\\\/fr\\\/#\\\/schema\\\/logo\\\/image\\\/\",\"url\":\"https:\\\/\\\/i0.wp.com\\\/www.tropheesdelacomediemusicale.fr\\\/fr\\\/wp-content\\\/uploads\\\/2017\\\/05\\\/Icone.jpg?fit=1000%2C1000&ssl=1\",\"contentUrl\":\"https:\\\/\\\/i0.wp.com\\\/www.tropheesdelacomediemusicale.fr\\\/fr\\\/wp-content\\\/uploads\\\/2017\\\/05\\\/Icone.jpg?fit=1000%2C1000&ssl=1\",\"width\":1000,\"height\":1000,\"caption\":\"Les Troph\u00e9es de la Com\u00e9die Musicale\"},\"image\":{\"@id\":\"https:\\\/\\\/www.tropheesdelacomediemusicale.fr\\\/fr\\\/#\\\/schema\\\/logo\\\/image\\\/\"},\"sameAs\":[\"https:\\\/\\\/www.facebook.com\\\/lestropheesdelacomediemusicale\"]}]}<\/script>\n<!-- \/ Yoast SEO plugin. -->","yoast_head_json":{"title":"D\u00e9claration de production 2025-2026 - Les Troph\u00e9es de la Com\u00e9die Musicale","description":"Vous retrouverez ici la D\u00e9claration de Production 2025\/2026 pour la prochaine C\u00e9r\u00e9monie des Troph\u00e9es de la Com\u00e9die Musicale.","robots":{"index":"index","follow":"follow","max-snippet":"max-snippet:-1","max-image-preview":"max-image-preview:large","max-video-preview":"max-video-preview:-1"},"canonical":"https:\/\/www.tropheesdelacomediemusicale.fr\/fr\/declaration-de-production-2025-2026\/","og_locale":"fr_FR","og_type":"article","og_title":"D\u00e9claration de production 2025-2026 - Les Troph\u00e9es de la Com\u00e9die Musicale","og_description":"Vous retrouverez ici la D\u00e9claration de Production 2025\/2026 pour la prochaine C\u00e9r\u00e9monie des Troph\u00e9es de la Com\u00e9die Musicale.","og_url":"https:\/\/www.tropheesdelacomediemusicale.fr\/fr\/declaration-de-production-2025-2026\/","og_site_name":"Les Troph\u00e9es de la Com\u00e9die Musicale","article_publisher":"https:\/\/www.facebook.com\/lestropheesdelacomediemusicale","article_modified_time":"2025-12-19T10:51:23+00:00","og_image":[{"url":"https:\/\/www.tropheesdelacomediemusicale.fr\/fr\/wp-content\/uploads\/2024\/10\/certificat.jpg.webp","type":"","width":"","height":""}],"twitter_card":"summary_large_image","twitter_misc":{"Dur\u00e9e de lecture estim\u00e9e":"1 minute"},"schema":{"@context":"https:\/\/schema.org","@graph":[{"@type":"WebPage","@id":"https:\/\/www.tropheesdelacomediemusicale.fr\/fr\/declaration-de-production-2025-2026\/","url":"https:\/\/www.tropheesdelacomediemusicale.fr\/fr\/declaration-de-production-2025-2026\/","name":"D\u00e9claration de production 2025-2026 - Les Troph\u00e9es de la Com\u00e9die Musicale","isPartOf":{"@id":"https:\/\/www.tropheesdelacomediemusicale.fr\/fr\/#website"},"primaryImageOfPage":{"@id":"https:\/\/www.tropheesdelacomediemusicale.fr\/fr\/declaration-de-production-2025-2026\/#primaryimage"},"image":{"@id":"https:\/\/www.tropheesdelacomediemusicale.fr\/fr\/declaration-de-production-2025-2026\/#primaryimage"},"thumbnailUrl":"https:\/\/www.tropheesdelacomediemusicale.fr\/fr\/wp-content\/uploads\/2024\/10\/certificat.jpg.webp","datePublished":"2025-10-22T11:51:00+00:00","dateModified":"2025-12-19T10:51:23+00:00","description":"Vous retrouverez ici la D\u00e9claration de Production 2025\/2026 pour la prochaine C\u00e9r\u00e9monie des Troph\u00e9es de la Com\u00e9die Musicale.","breadcrumb":{"@id":"https:\/\/www.tropheesdelacomediemusicale.fr\/fr\/declaration-de-production-2025-2026\/#breadcrumb"},"inLanguage":"fr-FR","potentialAction":[{"@type":"ReadAction","target":["https:\/\/www.tropheesdelacomediemusicale.fr\/fr\/declaration-de-production-2025-2026\/"]}]},{"@type":"ImageObject","inLanguage":"fr-FR","@id":"https:\/\/www.tropheesdelacomediemusicale.fr\/fr\/declaration-de-production-2025-2026\/#primaryimage","url":"https:\/\/i0.wp.com\/www.tropheesdelacomediemusicale.fr\/fr\/wp-content\/uploads\/2024\/10\/certificat.jpg.webp?fit=600%2C503&ssl=1","contentUrl":"https:\/\/i0.wp.com\/www.tropheesdelacomediemusicale.fr\/fr\/wp-content\/uploads\/2024\/10\/certificat.jpg.webp?fit=600%2C503&ssl=1","width":600,"height":503},{"@type":"BreadcrumbList","@id":"https:\/\/www.tropheesdelacomediemusicale.fr\/fr\/declaration-de-production-2025-2026\/#breadcrumb","itemListElement":[{"@type":"ListItem","position":1,"name":"Accueil","item":"https:\/\/www.tropheesdelacomediemusicale.fr\/fr\/"},{"@type":"ListItem","position":2,"name":"D\u00e9claration de production 2025-2026"}]},{"@type":"WebSite","@id":"https:\/\/www.tropheesdelacomediemusicale.fr\/fr\/#website","url":"https:\/\/www.tropheesdelacomediemusicale.fr\/fr\/","name":"Les Troph\u00e9es de la Com\u00e9die Musicale","description":"","publisher":{"@id":"https:\/\/www.tropheesdelacomediemusicale.fr\/fr\/#organization"},"potentialAction":[{"@type":"SearchAction","target":{"@type":"EntryPoint","urlTemplate":"https:\/\/www.tropheesdelacomediemusicale.fr\/fr\/?s={search_term_string}"},"query-input":{"@type":"PropertyValueSpecification","valueRequired":true,"valueName":"search_term_string"}}],"inLanguage":"fr-FR"},{"@type":"Organization","@id":"https:\/\/www.tropheesdelacomediemusicale.fr\/fr\/#organization","name":"Les Troph\u00e9es de la Com\u00e9die Musicale","url":"https:\/\/www.tropheesdelacomediemusicale.fr\/fr\/","logo":{"@type":"ImageObject","inLanguage":"fr-FR","@id":"https:\/\/www.tropheesdelacomediemusicale.fr\/fr\/#\/schema\/logo\/image\/","url":"https:\/\/i0.wp.com\/www.tropheesdelacomediemusicale.fr\/fr\/wp-content\/uploads\/2017\/05\/Icone.jpg?fit=1000%2C1000&ssl=1","contentUrl":"https:\/\/i0.wp.com\/www.tropheesdelacomediemusicale.fr\/fr\/wp-content\/uploads\/2017\/05\/Icone.jpg?fit=1000%2C1000&ssl=1","width":1000,"height":1000,"caption":"Les Troph\u00e9es de la Com\u00e9die Musicale"},"image":{"@id":"https:\/\/www.tropheesdelacomediemusicale.fr\/fr\/#\/schema\/logo\/image\/"},"sameAs":["https:\/\/www.facebook.com\/lestropheesdelacomediemusicale"]}]}},"jetpack_sharing_enabled":true,"jetpack_shortlink":"https:\/\/wp.me\/P8KT3A-1JU","_links":{"self":[{"href":"https:\/\/www.tropheesdelacomediemusicale.fr\/fr\/wp-json\/wp\/v2\/pages\/6690","targetHints":{"allow":["GET"]}}],"collection":[{"href":"https:\/\/www.tropheesdelacomediemusicale.fr\/fr\/wp-json\/wp\/v2\/pages"}],"about":[{"href":"https:\/\/www.tropheesdelacomediemusicale.fr\/fr\/wp-json\/wp\/v2\/types\/page"}],"author":[{"embeddable":true,"href":"https:\/\/www.tropheesdelacomediemusicale.fr\/fr\/wp-json\/wp\/v2\/users\/8"}],"replies":[{"embeddable":true,"href":"https:\/\/www.tropheesdelacomediemusicale.fr\/fr\/wp-json\/wp\/v2\/comments?post=6690"}],"version-history":[{"count":6,"href":"https:\/\/www.tropheesdelacomediemusicale.fr\/fr\/wp-json\/wp\/v2\/pages\/6690\/revisions"}],"predecessor-version":[{"id":7178,"href":"https:\/\/www.tropheesdelacomediemusicale.fr\/fr\/wp-json\/wp\/v2\/pages\/6690\/revisions\/7178"}],"wp:attachment":[{"href":"https:\/\/www.tropheesdelacomediemusicale.fr\/fr\/wp-json\/wp\/v2\/media?parent=6690"}],"curies":[{"name":"wp","href":"https:\/\/api.w.org\/{rel}","templated":true}]}}