{"id":6360,"date":"2024-11-27T08:00:00","date_gmt":"2024-11-27T07:00:00","guid":{"rendered":"https:\/\/www.tropheesdelacomediemusicale.fr\/fr\/?page_id=6360"},"modified":"2026-01-08T10:35:11","modified_gmt":"2026-01-08T09:35:11","slug":"les-eligibles-2025","status":"publish","type":"page","link":"https:\/\/www.tropheesdelacomediemusicale.fr\/fr\/les-eligibles-2025\/","title":{"rendered":"Les \u00e9ligibles 2025"},"content":{"rendered":"\n<div class=\"wp-block-stackable-heading stk-block-heading stk-block-heading--v2 stk-block stk-c1a3f48\" id=\"strong-les-eligibles-2025-strong\" data-block-id=\"c1a3f48\"><h1 class=\"stk-block-heading__text has-text-align-center\"><strong>LES ELIGIBLES 2025<\/strong><\/h1><\/div>\n\n\n\n<div class=\"wp-block-stackable-text stk-block-text stk-block stk-a2138fe\" data-block-id=\"a2138fe\"><style>.stk-a2138fe {margin-bottom:15px !important;}<\/style><p class=\"stk-block-text__text has-text-align-justify\">La <a href=\"https:\/\/www.tropheesdelacomediemusicale.fr\/fr\/wp-content\/uploads\/2025\/04\/Eligibles-2025-consolide-pour-COM.pdf\">liste actualis\u00e9e des 50 spectacles \u00e9ligibles<\/a> pour la saison 2024-2025 des Troph\u00e9es de la Com\u00e9die Musicale est disponible en ligne. F\u00e9licitations aux productions et artistes \u00e9ligibles !<\/p><\/div>\n\n\n\n<div class=\"wp-block-stackable-text stk-block-text stk-block stk-e5aded4\" data-block-id=\"e5aded4\"><p class=\"stk-block-text__text has-text-align-justify\">Prochaine \u00e9tape : la liste des nominations, qui sera d\u00e9voil\u00e9e sur notre site officiel et r\u00e9seaux sociaux le 19 avril 2025.<\/p><\/div>\n\n\n\n<div class=\"wp-block-stackable-text stk-block-text stk-block stk-d85de09\" data-block-id=\"d85de09\"><style>.stk-d85de09 {margin-bottom:30px !important;}<\/style><p class=\"stk-block-text__text has-text-align-justify\">Restez connect\u00e9s sur <a href=\"https:\/\/www.tropheesdelacomediemusicale.fr\/\" target=\"_blank\" rel=\"noreferrer noopener\">notre site officiel<\/a> ou nos r\u00e9seaux sociaux pour plus d&rsquo;informations sur la billetterie de la c\u00e9r\u00e9monie 2025 qui aura lieu le 23 juin 2025 au Th\u00e9\u00e2tre Mogador&nbsp; !<\/p><\/div>\n\n\n\n<div class=\"wp-block-stackable-columns stk-block-columns stk-block stk-7f5de3c\" data-block-id=\"7f5de3c\"><div class=\"stk-row stk-inner-blocks stk-block-content stk-content-align stk-7f5de3c-column\">\n<div class=\"wp-block-stackable-column stk-block-column stk-column stk-block stk-c5382e5\" data-v=\"4\" data-block-id=\"c5382e5\"><div class=\"stk-column-wrapper stk-block-column__content stk-container stk-c5382e5-container stk--no-background stk--no-padding\"><div class=\"stk-block-content stk-inner-blocks stk-c5382e5-inner-blocks\">\n<div class=\"wp-block-stackable-image stk-block-image stk-block stk-1ab34e3\" data-block-id=\"1ab34e3\"><figure><span class=\"stk-img-wrapper stk-image--shape-stretch stk--has-lightbox\"><img data-recalc-dims=\"1\" loading=\"lazy\" decoding=\"async\" data-attachment-id=\"6365\" data-permalink=\"https:\/\/www.tropheesdelacomediemusicale.fr\/fr\/les-eligibles-2025\/tempalte-spectacles-eligibles-24-25-6\/\" data-orig-file=\"https:\/\/i0.wp.com\/www.tropheesdelacomediemusicale.fr\/fr\/wp-content\/uploads\/2024\/11\/TEMPALTE-SPECTACLES-ELIGIBLES-24-25-6.png?fit=1080%2C1080&amp;ssl=1\" data-orig-size=\"1080,1080\" data-comments-opened=\"1\" data-image-meta=\"{&quot;aperture&quot;:&quot;0&quot;,&quot;credit&quot;:&quot;&quot;,&quot;camera&quot;:&quot;&quot;,&quot;caption&quot;:&quot;&quot;,&quot;created_timestamp&quot;:&quot;0&quot;,&quot;copyright&quot;:&quot;&quot;,&quot;focal_length&quot;:&quot;0&quot;,&quot;iso&quot;:&quot;0&quot;,&quot;shutter_speed&quot;:&quot;0&quot;,&quot;title&quot;:&quot;&quot;,&quot;orientation&quot;:&quot;0&quot;}\" data-image-title=\"TEMPALTE SPECTACLES ELIGIBLES 24-25-6\" data-image-description=\"&lt;p&gt;Spectacles \u00e9ligibles partie 1 Troph\u00e9es de la com\u00e9die musicale 2025&lt;\/p&gt;\n\" data-image-caption=\"\" data-large-file=\"https:\/\/i0.wp.com\/www.tropheesdelacomediemusicale.fr\/fr\/wp-content\/uploads\/2024\/11\/TEMPALTE-SPECTACLES-ELIGIBLES-24-25-6.png?fit=1024%2C1024&amp;ssl=1\" class=\"stk-img wp-image-6365\" src=\"https:\/\/i0.wp.com\/www.tropheesdelacomediemusicale.fr\/fr\/wp-content\/uploads\/2024\/11\/TEMPALTE-SPECTACLES-ELIGIBLES-24-25-6.png?resize=1080%2C1080&#038;ssl=1\" width=\"1080\" height=\"1080\" alt=\"Spectacles \u00e9ligibles partie 1 Troph\u00e9es de la com\u00e9die musicale 2025\" srcset=\"https:\/\/i0.wp.com\/www.tropheesdelacomediemusicale.fr\/fr\/wp-content\/uploads\/2024\/11\/TEMPALTE-SPECTACLES-ELIGIBLES-24-25-6.png?w=1080&amp;ssl=1 1080w, https:\/\/i0.wp.com\/www.tropheesdelacomediemusicale.fr\/fr\/wp-content\/uploads\/2024\/11\/TEMPALTE-SPECTACLES-ELIGIBLES-24-25-6.png?resize=300%2C300&amp;ssl=1 300w, https:\/\/i0.wp.com\/www.tropheesdelacomediemusicale.fr\/fr\/wp-content\/uploads\/2024\/11\/TEMPALTE-SPECTACLES-ELIGIBLES-24-25-6.png?resize=1024%2C1024&amp;ssl=1 1024w, https:\/\/i0.wp.com\/www.tropheesdelacomediemusicale.fr\/fr\/wp-content\/uploads\/2024\/11\/TEMPALTE-SPECTACLES-ELIGIBLES-24-25-6.png?resize=150%2C150&amp;ssl=1 150w, https:\/\/i0.wp.com\/www.tropheesdelacomediemusicale.fr\/fr\/wp-content\/uploads\/2024\/11\/TEMPALTE-SPECTACLES-ELIGIBLES-24-25-6.png?resize=768%2C768&amp;ssl=1 768w, https:\/\/i0.wp.com\/www.tropheesdelacomediemusicale.fr\/fr\/wp-content\/uploads\/2024\/11\/TEMPALTE-SPECTACLES-ELIGIBLES-24-25-6.png?resize=700%2C700&amp;ssl=1 700w, https:\/\/i0.wp.com\/www.tropheesdelacomediemusicale.fr\/fr\/wp-content\/uploads\/2024\/11\/TEMPALTE-SPECTACLES-ELIGIBLES-24-25-6.png?resize=100%2C100&amp;ssl=1 100w, https:\/\/i0.wp.com\/www.tropheesdelacomediemusicale.fr\/fr\/wp-content\/uploads\/2024\/11\/TEMPALTE-SPECTACLES-ELIGIBLES-24-25-6.png?resize=400%2C400&amp;ssl=1 400w, https:\/\/i0.wp.com\/www.tropheesdelacomediemusicale.fr\/fr\/wp-content\/uploads\/2024\/11\/TEMPALTE-SPECTACLES-ELIGIBLES-24-25-6.png?resize=50%2C50&amp;ssl=1 50w\" sizes=\"auto, (max-width: 1080px) 100vw, 1080px\" \/><\/span><\/figure><\/div>\n<\/div><\/div><\/div>\n\n\n\n<div class=\"wp-block-stackable-column stk-block-column stk-column stk-block stk-73f4116\" data-v=\"4\" data-block-id=\"73f4116\"><div class=\"stk-column-wrapper stk-block-column__content stk-container stk-73f4116-container stk--no-background stk--no-padding\"><div class=\"stk-block-content stk-inner-blocks stk-73f4116-inner-blocks\">\n<div class=\"wp-block-stackable-image stk-block-image stk-block stk-4a43d0f\" data-block-id=\"4a43d0f\"><figure><span class=\"stk-img-wrapper stk-image--shape-stretch stk--has-lightbox\"><img data-recalc-dims=\"1\" loading=\"lazy\" decoding=\"async\" data-attachment-id=\"6401\" data-permalink=\"https:\/\/www.tropheesdelacomediemusicale.fr\/fr\/accueil\/tempalte-spectacles-eligibles-24-25-11\/\" data-orig-file=\"https:\/\/i0.wp.com\/www.tropheesdelacomediemusicale.fr\/fr\/wp-content\/uploads\/2025\/02\/TEMPALTE-SPECTACLES-ELIGIBLES-24-25-11.png?fit=1080%2C1080&amp;ssl=1\" data-orig-size=\"1080,1080\" data-comments-opened=\"1\" data-image-meta=\"{&quot;aperture&quot;:&quot;0&quot;,&quot;credit&quot;:&quot;&quot;,&quot;camera&quot;:&quot;&quot;,&quot;caption&quot;:&quot;&quot;,&quot;created_timestamp&quot;:&quot;0&quot;,&quot;copyright&quot;:&quot;&quot;,&quot;focal_length&quot;:&quot;0&quot;,&quot;iso&quot;:&quot;0&quot;,&quot;shutter_speed&quot;:&quot;0&quot;,&quot;title&quot;:&quot;&quot;,&quot;orientation&quot;:&quot;0&quot;}\" data-image-title=\"TEMPALTE SPECTACLES ELIGIBLES 24-25-11\" data-image-description=\"&lt;p&gt;Spectacles \u00e9ligibles partie 2 Troph\u00e9es de la com\u00e9die musicale 2025&lt;\/p&gt;\n\" data-image-caption=\"\" data-large-file=\"https:\/\/i0.wp.com\/www.tropheesdelacomediemusicale.fr\/fr\/wp-content\/uploads\/2025\/02\/TEMPALTE-SPECTACLES-ELIGIBLES-24-25-11.png?fit=1024%2C1024&amp;ssl=1\" class=\"stk-img wp-image-6401\" src=\"https:\/\/i0.wp.com\/www.tropheesdelacomediemusicale.fr\/fr\/wp-content\/uploads\/2025\/02\/TEMPALTE-SPECTACLES-ELIGIBLES-24-25-11.png?resize=1080%2C1080&#038;ssl=1\" width=\"1080\" height=\"1080\" alt=\"Spectacles \u00e9ligibles partie 2 Troph\u00e9es de la com\u00e9die musicale 2025\" srcset=\"https:\/\/i0.wp.com\/www.tropheesdelacomediemusicale.fr\/fr\/wp-content\/uploads\/2025\/02\/TEMPALTE-SPECTACLES-ELIGIBLES-24-25-11.png?w=1080&amp;ssl=1 1080w, https:\/\/i0.wp.com\/www.tropheesdelacomediemusicale.fr\/fr\/wp-content\/uploads\/2025\/02\/TEMPALTE-SPECTACLES-ELIGIBLES-24-25-11.png?resize=300%2C300&amp;ssl=1 300w, https:\/\/i0.wp.com\/www.tropheesdelacomediemusicale.fr\/fr\/wp-content\/uploads\/2025\/02\/TEMPALTE-SPECTACLES-ELIGIBLES-24-25-11.png?resize=1024%2C1024&amp;ssl=1 1024w, https:\/\/i0.wp.com\/www.tropheesdelacomediemusicale.fr\/fr\/wp-content\/uploads\/2025\/02\/TEMPALTE-SPECTACLES-ELIGIBLES-24-25-11.png?resize=150%2C150&amp;ssl=1 150w, https:\/\/i0.wp.com\/www.tropheesdelacomediemusicale.fr\/fr\/wp-content\/uploads\/2025\/02\/TEMPALTE-SPECTACLES-ELIGIBLES-24-25-11.png?resize=768%2C768&amp;ssl=1 768w, https:\/\/i0.wp.com\/www.tropheesdelacomediemusicale.fr\/fr\/wp-content\/uploads\/2025\/02\/TEMPALTE-SPECTACLES-ELIGIBLES-24-25-11.png?resize=700%2C700&amp;ssl=1 700w, https:\/\/i0.wp.com\/www.tropheesdelacomediemusicale.fr\/fr\/wp-content\/uploads\/2025\/02\/TEMPALTE-SPECTACLES-ELIGIBLES-24-25-11.png?resize=100%2C100&amp;ssl=1 100w, https:\/\/i0.wp.com\/www.tropheesdelacomediemusicale.fr\/fr\/wp-content\/uploads\/2025\/02\/TEMPALTE-SPECTACLES-ELIGIBLES-24-25-11.png?resize=400%2C400&amp;ssl=1 400w, https:\/\/i0.wp.com\/www.tropheesdelacomediemusicale.fr\/fr\/wp-content\/uploads\/2025\/02\/TEMPALTE-SPECTACLES-ELIGIBLES-24-25-11.png?resize=50%2C50&amp;ssl=1 50w\" sizes=\"auto, (max-width: 1080px) 100vw, 1080px\" \/><\/span><\/figure><\/div>\n<\/div><\/div><\/div>\n\n\n\n<div class=\"wp-block-stackable-column stk-block-column stk-column stk-block stk-26b7443\" data-v=\"4\" data-block-id=\"26b7443\"><div class=\"stk-column-wrapper stk-block-column__content stk-container stk-26b7443-container stk--no-background stk--no-padding\"><div class=\"stk-block-content stk-inner-blocks stk-26b7443-inner-blocks\">\n<div class=\"wp-block-stackable-image stk-block-image stk-block stk-c2870bc\" data-block-id=\"c2870bc\"><figure><span class=\"stk-img-wrapper stk-image--shape-stretch stk--has-lightbox\"><img data-recalc-dims=\"1\" loading=\"lazy\" decoding=\"async\" data-attachment-id=\"6454\" data-permalink=\"https:\/\/www.tropheesdelacomediemusicale.fr\/fr\/les-eligibles-2025\/tempalte_spectacles_eligibles_24-25-14_720-2\/\" data-orig-file=\"https:\/\/i0.wp.com\/www.tropheesdelacomediemusicale.fr\/fr\/wp-content\/uploads\/2025\/03\/tempalte_spectacles_eligibles_24-25-14_720-2.png?fit=720%2C720&amp;ssl=1\" data-orig-size=\"720,720\" data-comments-opened=\"1\" data-image-meta=\"{&quot;aperture&quot;:&quot;0&quot;,&quot;credit&quot;:&quot;&quot;,&quot;camera&quot;:&quot;&quot;,&quot;caption&quot;:&quot;&quot;,&quot;created_timestamp&quot;:&quot;0&quot;,&quot;copyright&quot;:&quot;&quot;,&quot;focal_length&quot;:&quot;0&quot;,&quot;iso&quot;:&quot;0&quot;,&quot;shutter_speed&quot;:&quot;0&quot;,&quot;title&quot;:&quot;&quot;,&quot;orientation&quot;:&quot;0&quot;}\" data-image-title=\"tempalte_spectacles_eligibles_24-25-14_720-2\" data-image-description=\"\" data-image-caption=\"\" data-large-file=\"https:\/\/i0.wp.com\/www.tropheesdelacomediemusicale.fr\/fr\/wp-content\/uploads\/2025\/03\/tempalte_spectacles_eligibles_24-25-14_720-2.png?fit=720%2C720&amp;ssl=1\" class=\"stk-img wp-image-6454\" src=\"https:\/\/i0.wp.com\/www.tropheesdelacomediemusicale.fr\/fr\/wp-content\/uploads\/2025\/03\/tempalte_spectacles_eligibles_24-25-14_720-2.png?resize=720%2C720&#038;ssl=1\" width=\"720\" height=\"720\" alt=\"Spectacles \u00e9ligibles partie 3 Troph\u00e9es de la com\u00e9die musicale 2025\" srcset=\"https:\/\/i0.wp.com\/www.tropheesdelacomediemusicale.fr\/fr\/wp-content\/uploads\/2025\/03\/tempalte_spectacles_eligibles_24-25-14_720-2.png?w=720&amp;ssl=1 720w, https:\/\/i0.wp.com\/www.tropheesdelacomediemusicale.fr\/fr\/wp-content\/uploads\/2025\/03\/tempalte_spectacles_eligibles_24-25-14_720-2.png?resize=300%2C300&amp;ssl=1 300w, https:\/\/i0.wp.com\/www.tropheesdelacomediemusicale.fr\/fr\/wp-content\/uploads\/2025\/03\/tempalte_spectacles_eligibles_24-25-14_720-2.png?resize=150%2C150&amp;ssl=1 150w, https:\/\/i0.wp.com\/www.tropheesdelacomediemusicale.fr\/fr\/wp-content\/uploads\/2025\/03\/tempalte_spectacles_eligibles_24-25-14_720-2.png?resize=700%2C700&amp;ssl=1 700w, https:\/\/i0.wp.com\/www.tropheesdelacomediemusicale.fr\/fr\/wp-content\/uploads\/2025\/03\/tempalte_spectacles_eligibles_24-25-14_720-2.png?resize=100%2C100&amp;ssl=1 100w, https:\/\/i0.wp.com\/www.tropheesdelacomediemusicale.fr\/fr\/wp-content\/uploads\/2025\/03\/tempalte_spectacles_eligibles_24-25-14_720-2.png?resize=400%2C400&amp;ssl=1 400w, https:\/\/i0.wp.com\/www.tropheesdelacomediemusicale.fr\/fr\/wp-content\/uploads\/2025\/03\/tempalte_spectacles_eligibles_24-25-14_720-2.png?resize=50%2C50&amp;ssl=1 50w\" sizes=\"auto, (max-width: 720px) 100vw, 720px\" \/><\/span><\/figure><\/div>\n<\/div><\/div><\/div>\n<\/div><\/div>\n","protected":false},"excerpt":{"rendered":"<p>LES ELIGIBLES 2025 La liste actualis\u00e9e des 50 spectacles \u00e9ligibles pour la saison 2024-2025 des Troph\u00e9es de la Com\u00e9die Musicale est disponible en ligne. F\u00e9licitations aux productions et artistes \u00e9ligibles ! Prochaine \u00e9tape : la liste des nominations, qui sera d\u00e9voil\u00e9e sur notre site officiel et r\u00e9seaux sociaux le 19 avril 2025. Restez connect\u00e9s sur [&hellip;]<\/p>\n","protected":false},"author":8,"featured_media":0,"parent":0,"menu_order":0,"comment_status":"closed","ping_status":"closed","template":"","meta":{"jetpack_post_was_ever_published":false,"footnotes":""},"class_list":["post-6360","page","type-page","status-publish","hentry"],"blocksy_meta":[],"yoast_head":"<!-- This site is optimized with the Yoast SEO plugin v27.4 - https:\/\/yoast.com\/product\/yoast-seo-wordpress\/ -->\n<title>Les \u00e9ligibles 2025 - Les Troph\u00e9es de la Com\u00e9die Musicale<\/title>\n<meta name=\"robots\" content=\"index, follow, max-snippet:-1, max-image-preview:large, max-video-preview:-1\" \/>\n<link rel=\"canonical\" href=\"https:\/\/www.tropheesdelacomediemusicale.fr\/fr\/les-eligibles-2025\/\" \/>\n<meta property=\"og:locale\" content=\"fr_FR\" \/>\n<meta property=\"og:type\" content=\"article\" \/>\n<meta property=\"og:title\" content=\"Les \u00e9ligibles 2025 - Les Troph\u00e9es de la Com\u00e9die Musicale\" \/>\n<meta property=\"og:description\" content=\"LES ELIGIBLES 2025 La liste actualis\u00e9e des 50 spectacles \u00e9ligibles pour la saison 2024-2025 des Troph\u00e9es de la Com\u00e9die Musicale est disponible en ligne. F\u00e9licitations aux productions et artistes \u00e9ligibles ! Prochaine \u00e9tape : la liste des nominations, qui sera d\u00e9voil\u00e9e sur notre site officiel et r\u00e9seaux sociaux le 19 avril 2025. Restez connect\u00e9s sur [&hellip;]\" \/>\n<meta property=\"og:url\" content=\"https:\/\/www.tropheesdelacomediemusicale.fr\/fr\/les-eligibles-2025\/\" \/>\n<meta property=\"og:site_name\" content=\"Les Troph\u00e9es de la Com\u00e9die Musicale\" \/>\n<meta property=\"article:publisher\" content=\"https:\/\/www.facebook.com\/lestropheesdelacomediemusicale\" \/>\n<meta property=\"article:modified_time\" content=\"2026-01-08T09:35:11+00:00\" \/>\n<meta property=\"og:image\" content=\"https:\/\/www.tropheesdelacomediemusicale.fr\/fr\/wp-content\/uploads\/2024\/11\/TEMPALTE-SPECTACLES-ELIGIBLES-24-25-6.png\" \/>\n<meta name=\"twitter:card\" content=\"summary_large_image\" \/>\n<meta name=\"twitter:label1\" content=\"Dur\u00e9e de lecture estim\u00e9e\" \/>\n\t<meta name=\"twitter:data1\" content=\"2 minutes\" \/>\n<script type=\"application\/ld+json\" class=\"yoast-schema-graph\">{\"@context\":\"https:\\\/\\\/schema.org\",\"@graph\":[{\"@type\":\"WebPage\",\"@id\":\"https:\\\/\\\/www.tropheesdelacomediemusicale.fr\\\/fr\\\/les-eligibles-2025\\\/\",\"url\":\"https:\\\/\\\/www.tropheesdelacomediemusicale.fr\\\/fr\\\/les-eligibles-2025\\\/\",\"name\":\"Les \u00e9ligibles 2025 - Les Troph\u00e9es de la Com\u00e9die Musicale\",\"isPartOf\":{\"@id\":\"https:\\\/\\\/www.tropheesdelacomediemusicale.fr\\\/fr\\\/#website\"},\"primaryImageOfPage\":{\"@id\":\"https:\\\/\\\/www.tropheesdelacomediemusicale.fr\\\/fr\\\/les-eligibles-2025\\\/#primaryimage\"},\"image\":{\"@id\":\"https:\\\/\\\/www.tropheesdelacomediemusicale.fr\\\/fr\\\/les-eligibles-2025\\\/#primaryimage\"},\"thumbnailUrl\":\"https:\\\/\\\/www.tropheesdelacomediemusicale.fr\\\/fr\\\/wp-content\\\/uploads\\\/2024\\\/11\\\/TEMPALTE-SPECTACLES-ELIGIBLES-24-25-6.png\",\"datePublished\":\"2024-11-27T07:00:00+00:00\",\"dateModified\":\"2026-01-08T09:35:11+00:00\",\"breadcrumb\":{\"@id\":\"https:\\\/\\\/www.tropheesdelacomediemusicale.fr\\\/fr\\\/les-eligibles-2025\\\/#breadcrumb\"},\"inLanguage\":\"fr-FR\",\"potentialAction\":[{\"@type\":\"ReadAction\",\"target\":[\"https:\\\/\\\/www.tropheesdelacomediemusicale.fr\\\/fr\\\/les-eligibles-2025\\\/\"]}]},{\"@type\":\"ImageObject\",\"inLanguage\":\"fr-FR\",\"@id\":\"https:\\\/\\\/www.tropheesdelacomediemusicale.fr\\\/fr\\\/les-eligibles-2025\\\/#primaryimage\",\"url\":\"https:\\\/\\\/i0.wp.com\\\/www.tropheesdelacomediemusicale.fr\\\/fr\\\/wp-content\\\/uploads\\\/2024\\\/11\\\/TEMPALTE-SPECTACLES-ELIGIBLES-24-25-6.png?fit=1080%2C1080&ssl=1\",\"contentUrl\":\"https:\\\/\\\/i0.wp.com\\\/www.tropheesdelacomediemusicale.fr\\\/fr\\\/wp-content\\\/uploads\\\/2024\\\/11\\\/TEMPALTE-SPECTACLES-ELIGIBLES-24-25-6.png?fit=1080%2C1080&ssl=1\",\"width\":1080,\"height\":1080,\"caption\":\"Spectacles \u00e9ligibles partie 1 Troph\u00e9es de la com\u00e9die musicale 2025\"},{\"@type\":\"BreadcrumbList\",\"@id\":\"https:\\\/\\\/www.tropheesdelacomediemusicale.fr\\\/fr\\\/les-eligibles-2025\\\/#breadcrumb\",\"itemListElement\":[{\"@type\":\"ListItem\",\"position\":1,\"name\":\"Accueil\",\"item\":\"https:\\\/\\\/www.tropheesdelacomediemusicale.fr\\\/fr\\\/\"},{\"@type\":\"ListItem\",\"position\":2,\"name\":\"Les \u00e9ligibles 2025\"}]},{\"@type\":\"WebSite\",\"@id\":\"https:\\\/\\\/www.tropheesdelacomediemusicale.fr\\\/fr\\\/#website\",\"url\":\"https:\\\/\\\/www.tropheesdelacomediemusicale.fr\\\/fr\\\/\",\"name\":\"Les Troph\u00e9es de la Com\u00e9die Musicale\",\"description\":\"\",\"publisher\":{\"@id\":\"https:\\\/\\\/www.tropheesdelacomediemusicale.fr\\\/fr\\\/#organization\"},\"potentialAction\":[{\"@type\":\"SearchAction\",\"target\":{\"@type\":\"EntryPoint\",\"urlTemplate\":\"https:\\\/\\\/www.tropheesdelacomediemusicale.fr\\\/fr\\\/?s={search_term_string}\"},\"query-input\":{\"@type\":\"PropertyValueSpecification\",\"valueRequired\":true,\"valueName\":\"search_term_string\"}}],\"inLanguage\":\"fr-FR\"},{\"@type\":\"Organization\",\"@id\":\"https:\\\/\\\/www.tropheesdelacomediemusicale.fr\\\/fr\\\/#organization\",\"name\":\"Les Troph\u00e9es de la Com\u00e9die Musicale\",\"url\":\"https:\\\/\\\/www.tropheesdelacomediemusicale.fr\\\/fr\\\/\",\"logo\":{\"@type\":\"ImageObject\",\"inLanguage\":\"fr-FR\",\"@id\":\"https:\\\/\\\/www.tropheesdelacomediemusicale.fr\\\/fr\\\/#\\\/schema\\\/logo\\\/image\\\/\",\"url\":\"https:\\\/\\\/i0.wp.com\\\/www.tropheesdelacomediemusicale.fr\\\/fr\\\/wp-content\\\/uploads\\\/2017\\\/05\\\/Icone.jpg?fit=1000%2C1000&ssl=1\",\"contentUrl\":\"https:\\\/\\\/i0.wp.com\\\/www.tropheesdelacomediemusicale.fr\\\/fr\\\/wp-content\\\/uploads\\\/2017\\\/05\\\/Icone.jpg?fit=1000%2C1000&ssl=1\",\"width\":1000,\"height\":1000,\"caption\":\"Les Troph\u00e9es de la Com\u00e9die Musicale\"},\"image\":{\"@id\":\"https:\\\/\\\/www.tropheesdelacomediemusicale.fr\\\/fr\\\/#\\\/schema\\\/logo\\\/image\\\/\"},\"sameAs\":[\"https:\\\/\\\/www.facebook.com\\\/lestropheesdelacomediemusicale\"]}]}<\/script>\n<!-- \/ Yoast SEO plugin. -->","yoast_head_json":{"title":"Les \u00e9ligibles 2025 - Les Troph\u00e9es de la Com\u00e9die Musicale","robots":{"index":"index","follow":"follow","max-snippet":"max-snippet:-1","max-image-preview":"max-image-preview:large","max-video-preview":"max-video-preview:-1"},"canonical":"https:\/\/www.tropheesdelacomediemusicale.fr\/fr\/les-eligibles-2025\/","og_locale":"fr_FR","og_type":"article","og_title":"Les \u00e9ligibles 2025 - Les Troph\u00e9es de la Com\u00e9die Musicale","og_description":"LES ELIGIBLES 2025 La liste actualis\u00e9e des 50 spectacles \u00e9ligibles pour la saison 2024-2025 des Troph\u00e9es de la Com\u00e9die Musicale est disponible en ligne. F\u00e9licitations aux productions et artistes \u00e9ligibles ! Prochaine \u00e9tape : la liste des nominations, qui sera d\u00e9voil\u00e9e sur notre site officiel et r\u00e9seaux sociaux le 19 avril 2025. Restez connect\u00e9s sur [&hellip;]","og_url":"https:\/\/www.tropheesdelacomediemusicale.fr\/fr\/les-eligibles-2025\/","og_site_name":"Les Troph\u00e9es de la Com\u00e9die Musicale","article_publisher":"https:\/\/www.facebook.com\/lestropheesdelacomediemusicale","article_modified_time":"2026-01-08T09:35:11+00:00","og_image":[{"url":"https:\/\/www.tropheesdelacomediemusicale.fr\/fr\/wp-content\/uploads\/2024\/11\/TEMPALTE-SPECTACLES-ELIGIBLES-24-25-6.png","type":"","width":"","height":""}],"twitter_card":"summary_large_image","twitter_misc":{"Dur\u00e9e de lecture estim\u00e9e":"2 minutes"},"schema":{"@context":"https:\/\/schema.org","@graph":[{"@type":"WebPage","@id":"https:\/\/www.tropheesdelacomediemusicale.fr\/fr\/les-eligibles-2025\/","url":"https:\/\/www.tropheesdelacomediemusicale.fr\/fr\/les-eligibles-2025\/","name":"Les \u00e9ligibles 2025 - Les Troph\u00e9es de la Com\u00e9die Musicale","isPartOf":{"@id":"https:\/\/www.tropheesdelacomediemusicale.fr\/fr\/#website"},"primaryImageOfPage":{"@id":"https:\/\/www.tropheesdelacomediemusicale.fr\/fr\/les-eligibles-2025\/#primaryimage"},"image":{"@id":"https:\/\/www.tropheesdelacomediemusicale.fr\/fr\/les-eligibles-2025\/#primaryimage"},"thumbnailUrl":"https:\/\/www.tropheesdelacomediemusicale.fr\/fr\/wp-content\/uploads\/2024\/11\/TEMPALTE-SPECTACLES-ELIGIBLES-24-25-6.png","datePublished":"2024-11-27T07:00:00+00:00","dateModified":"2026-01-08T09:35:11+00:00","breadcrumb":{"@id":"https:\/\/www.tropheesdelacomediemusicale.fr\/fr\/les-eligibles-2025\/#breadcrumb"},"inLanguage":"fr-FR","potentialAction":[{"@type":"ReadAction","target":["https:\/\/www.tropheesdelacomediemusicale.fr\/fr\/les-eligibles-2025\/"]}]},{"@type":"ImageObject","inLanguage":"fr-FR","@id":"https:\/\/www.tropheesdelacomediemusicale.fr\/fr\/les-eligibles-2025\/#primaryimage","url":"https:\/\/i0.wp.com\/www.tropheesdelacomediemusicale.fr\/fr\/wp-content\/uploads\/2024\/11\/TEMPALTE-SPECTACLES-ELIGIBLES-24-25-6.png?fit=1080%2C1080&ssl=1","contentUrl":"https:\/\/i0.wp.com\/www.tropheesdelacomediemusicale.fr\/fr\/wp-content\/uploads\/2024\/11\/TEMPALTE-SPECTACLES-ELIGIBLES-24-25-6.png?fit=1080%2C1080&ssl=1","width":1080,"height":1080,"caption":"Spectacles \u00e9ligibles partie 1 Troph\u00e9es de la com\u00e9die musicale 2025"},{"@type":"BreadcrumbList","@id":"https:\/\/www.tropheesdelacomediemusicale.fr\/fr\/les-eligibles-2025\/#breadcrumb","itemListElement":[{"@type":"ListItem","position":1,"name":"Accueil","item":"https:\/\/www.tropheesdelacomediemusicale.fr\/fr\/"},{"@type":"ListItem","position":2,"name":"Les \u00e9ligibles 2025"}]},{"@type":"WebSite","@id":"https:\/\/www.tropheesdelacomediemusicale.fr\/fr\/#website","url":"https:\/\/www.tropheesdelacomediemusicale.fr\/fr\/","name":"Les Troph\u00e9es de la Com\u00e9die Musicale","description":"","publisher":{"@id":"https:\/\/www.tropheesdelacomediemusicale.fr\/fr\/#organization"},"potentialAction":[{"@type":"SearchAction","target":{"@type":"EntryPoint","urlTemplate":"https:\/\/www.tropheesdelacomediemusicale.fr\/fr\/?s={search_term_string}"},"query-input":{"@type":"PropertyValueSpecification","valueRequired":true,"valueName":"search_term_string"}}],"inLanguage":"fr-FR"},{"@type":"Organization","@id":"https:\/\/www.tropheesdelacomediemusicale.fr\/fr\/#organization","name":"Les Troph\u00e9es de la Com\u00e9die Musicale","url":"https:\/\/www.tropheesdelacomediemusicale.fr\/fr\/","logo":{"@type":"ImageObject","inLanguage":"fr-FR","@id":"https:\/\/www.tropheesdelacomediemusicale.fr\/fr\/#\/schema\/logo\/image\/","url":"https:\/\/i0.wp.com\/www.tropheesdelacomediemusicale.fr\/fr\/wp-content\/uploads\/2017\/05\/Icone.jpg?fit=1000%2C1000&ssl=1","contentUrl":"https:\/\/i0.wp.com\/www.tropheesdelacomediemusicale.fr\/fr\/wp-content\/uploads\/2017\/05\/Icone.jpg?fit=1000%2C1000&ssl=1","width":1000,"height":1000,"caption":"Les Troph\u00e9es de la Com\u00e9die Musicale"},"image":{"@id":"https:\/\/www.tropheesdelacomediemusicale.fr\/fr\/#\/schema\/logo\/image\/"},"sameAs":["https:\/\/www.facebook.com\/lestropheesdelacomediemusicale"]}]}},"jetpack_sharing_enabled":true,"jetpack_shortlink":"https:\/\/wp.me\/P8KT3A-1EA","_links":{"self":[{"href":"https:\/\/www.tropheesdelacomediemusicale.fr\/fr\/wp-json\/wp\/v2\/pages\/6360","targetHints":{"allow":["GET"]}}],"collection":[{"href":"https:\/\/www.tropheesdelacomediemusicale.fr\/fr\/wp-json\/wp\/v2\/pages"}],"about":[{"href":"https:\/\/www.tropheesdelacomediemusicale.fr\/fr\/wp-json\/wp\/v2\/types\/page"}],"author":[{"embeddable":true,"href":"https:\/\/www.tropheesdelacomediemusicale.fr\/fr\/wp-json\/wp\/v2\/users\/8"}],"replies":[{"embeddable":true,"href":"https:\/\/www.tropheesdelacomediemusicale.fr\/fr\/wp-json\/wp\/v2\/comments?post=6360"}],"version-history":[{"count":21,"href":"https:\/\/www.tropheesdelacomediemusicale.fr\/fr\/wp-json\/wp\/v2\/pages\/6360\/revisions"}],"predecessor-version":[{"id":7540,"href":"https:\/\/www.tropheesdelacomediemusicale.fr\/fr\/wp-json\/wp\/v2\/pages\/6360\/revisions\/7540"}],"wp:attachment":[{"href":"https:\/\/www.tropheesdelacomediemusicale.fr\/fr\/wp-json\/wp\/v2\/media?parent=6360"}],"curies":[{"name":"wp","href":"https:\/\/api.w.org\/{rel}","templated":true}]}}