{"id":6274,"date":"2024-10-20T20:51:04","date_gmt":"2024-10-20T18:51:04","guid":{"rendered":"https:\/\/www.tropheesdelacomediemusicale.fr\/fr\/?page_id=6274"},"modified":"2025-12-19T11:26:53","modified_gmt":"2025-12-19T10:26:53","slug":"charte-des-valeurs-2025","status":"publish","type":"page","link":"https:\/\/www.tropheesdelacomediemusicale.fr\/fr\/charte-des-valeurs-2025\/","title":{"rendered":"Charte des Valeurs 2025"},"content":{"rendered":"\n<div class=\"wp-block-stackable-heading stk-block-heading stk-block-heading--v2 stk-block stk-b5ac09c\" id=\"strong-charte-des-valeurs-2025-strong\" data-block-id=\"b5ac09c\"><style>.stk-b5ac09c .stk-block-heading__text{text-transform:uppercase !important;}<\/style><h1 class=\"stk-block-heading__text has-text-align-center\"><strong>CHARTE DES VALEURS 2025<\/strong><\/h1><\/div>\n\n\n\n<div class=\"wp-block-stackable-text stk-block-text stk-block stk-15dc190\" data-block-id=\"15dc190\"><style>.stk-15dc190 {margin-bottom:40px !important;}<\/style><p class=\"stk-block-text__text has-text-align-center\">Pour que les candidatures soient&nbsp;prises en compte, chaque production doit&nbsp;adh\u00e9rer \u00e0 la Charte des Valeurs des Troph\u00e9es de la Com\u00e9die Musicale, consultable ici :<\/p><\/div>\n\n\n\n<div class=\"wp-block-stackable-columns stk-block-columns stk-block stk-b84a975\" data-block-id=\"b84a975\"><div class=\"stk-row stk-inner-blocks stk-block-content stk-content-align stk-b84a975-column\">\n<div class=\"wp-block-stackable-column stk-block-column stk-column stk-block stk-7ebc5f7\" data-v=\"4\" data-block-id=\"7ebc5f7\"><style>.stk-7ebc5f7-inner-blocks{align-items:center !important;justify-content:space-between !important;}.stk-7ebc5f7-container{max-width:280px !important;min-width:auto !important;margin-right:auto !important;margin-left:auto !important;}<\/style><div class=\"stk-column-wrapper stk-block-column__content stk-container stk-7ebc5f7-container stk--no-background stk--no-padding\"><div class=\"has-text-align-center stk--column-flex stk-block-content stk-inner-blocks stk-7ebc5f7-inner-blocks\">\n<figure class=\"wp-block-image size-large\"><img data-recalc-dims=\"1\" loading=\"lazy\" decoding=\"async\" width=\"720\" height=\"1024\" data-attachment-id=\"6646\" data-permalink=\"https:\/\/www.tropheesdelacomediemusicale.fr\/fr\/charte-des-valeurs-2026\/capture-decran-2025-10-14-a-22-07-17\/\" data-orig-file=\"https:\/\/i0.wp.com\/www.tropheesdelacomediemusicale.fr\/fr\/wp-content\/uploads\/2025\/10\/Capture-decran-2025-10-14-a-22.07.17.png?fit=830%2C1180&amp;ssl=1\" data-orig-size=\"830,1180\" data-comments-opened=\"1\" data-image-meta=\"{&quot;aperture&quot;:&quot;0&quot;,&quot;credit&quot;:&quot;&quot;,&quot;camera&quot;:&quot;&quot;,&quot;caption&quot;:&quot;&quot;,&quot;created_timestamp&quot;:&quot;0&quot;,&quot;copyright&quot;:&quot;&quot;,&quot;focal_length&quot;:&quot;0&quot;,&quot;iso&quot;:&quot;0&quot;,&quot;shutter_speed&quot;:&quot;0&quot;,&quot;title&quot;:&quot;&quot;,&quot;orientation&quot;:&quot;0&quot;}\" data-image-title=\"Capture-decran-2025-10-14-a-22.07.17\" data-image-description=\"\" data-image-caption=\"\" data-large-file=\"https:\/\/i0.wp.com\/www.tropheesdelacomediemusicale.fr\/fr\/wp-content\/uploads\/2025\/10\/Capture-decran-2025-10-14-a-22.07.17.png?fit=720%2C1024&amp;ssl=1\" src=\"https:\/\/i0.wp.com\/www.tropheesdelacomediemusicale.fr\/fr\/wp-content\/uploads\/2025\/10\/Capture-decran-2025-10-14-a-22.07.17.png?resize=720%2C1024&#038;ssl=1\" alt=\"\" class=\"wp-image-6646\" srcset=\"https:\/\/i0.wp.com\/www.tropheesdelacomediemusicale.fr\/fr\/wp-content\/uploads\/2025\/10\/Capture-decran-2025-10-14-a-22.07.17.png?resize=720%2C1024&amp;ssl=1 720w, https:\/\/i0.wp.com\/www.tropheesdelacomediemusicale.fr\/fr\/wp-content\/uploads\/2025\/10\/Capture-decran-2025-10-14-a-22.07.17.png?resize=211%2C300&amp;ssl=1 211w, https:\/\/i0.wp.com\/www.tropheesdelacomediemusicale.fr\/fr\/wp-content\/uploads\/2025\/10\/Capture-decran-2025-10-14-a-22.07.17.png?resize=768%2C1092&amp;ssl=1 768w, https:\/\/i0.wp.com\/www.tropheesdelacomediemusicale.fr\/fr\/wp-content\/uploads\/2025\/10\/Capture-decran-2025-10-14-a-22.07.17.png?resize=700%2C995&amp;ssl=1 700w, https:\/\/i0.wp.com\/www.tropheesdelacomediemusicale.fr\/fr\/wp-content\/uploads\/2025\/10\/Capture-decran-2025-10-14-a-22.07.17.png?resize=281%2C400&amp;ssl=1 281w, https:\/\/i0.wp.com\/www.tropheesdelacomediemusicale.fr\/fr\/wp-content\/uploads\/2025\/10\/Capture-decran-2025-10-14-a-22.07.17.png?w=830&amp;ssl=1 830w\" sizes=\"auto, (max-width: 720px) 100vw, 720px\" \/><\/figure>\n<\/div><\/div><\/div>\n<\/div><\/div>\n\n\n\n<div class=\"wp-block-stackable-button-group stk-block-button-group stk-block stk-5a6ad06\" data-block-id=\"5a6ad06\"><style>.stk-5a6ad06 .stk-button-group{flex-direction:row !important;align-items:center !important;}.stk-5a6ad06 .stk-block{flex-basis:0 !important;}<\/style><div class=\"stk-row stk-inner-blocks has-text-align-center stk-block-content stk-button-group\">\n<div class=\"wp-block-stackable-button stk-block-button stk-block stk-43baec8\" data-block-id=\"43baec8\"><style>.stk-43baec8 .stk-button{background:#e1c880 !important;border-top-left-radius:var(--stk--preset--border-radius--none, 0px) !important;border-top-right-radius:var(--stk--preset--border-radius--none, 0px) !important;border-bottom-right-radius:var(--stk--preset--border-radius--none, 0px) !important;border-bottom-left-radius:var(--stk--preset--border-radius--none, 0px) !important;}.stk-43baec8 .stk-button__inner-text{color:#ffffff !important;text-transform:uppercase !important;}<\/style><a class=\"stk-link stk-button stk--hover-effect-darken\" href=\"https:\/\/www.tropheesdelacomediemusicale.fr\/fr\/wp-content\/uploads\/2024\/10\/Charte-2025.pdf\" target=\"_blank\" rel=\"noreferrer noopener\"><span class=\"has-text-color stk-button__inner-text\">Charte des valeurs<\/span><\/a><\/div>\n<\/div><\/div>\n","protected":false},"excerpt":{"rendered":"<p>CHARTE DES VALEURS 2025 Pour que les candidatures soient&nbsp;prises en compte, chaque production doit&nbsp;adh\u00e9rer \u00e0 la Charte des Valeurs des Troph\u00e9es de la Com\u00e9die Musicale, consultable ici : Charte des valeurs<\/p>\n","protected":false},"author":8,"featured_media":0,"parent":0,"menu_order":0,"comment_status":"closed","ping_status":"closed","template":"","meta":{"jetpack_post_was_ever_published":false,"footnotes":""},"class_list":["post-6274","page","type-page","status-publish","hentry"],"blocksy_meta":[],"yoast_head":"<!-- This site is optimized with the Yoast SEO plugin v27.4 - https:\/\/yoast.com\/product\/yoast-seo-wordpress\/ -->\n<title>Charte des Valeurs 2025 - Les Troph\u00e9es de la Com\u00e9die Musicale<\/title>\n<meta name=\"robots\" content=\"index, follow, max-snippet:-1, max-image-preview:large, max-video-preview:-1\" \/>\n<link rel=\"canonical\" href=\"https:\/\/www.tropheesdelacomediemusicale.fr\/fr\/charte-des-valeurs-2025\/\" \/>\n<meta property=\"og:locale\" content=\"fr_FR\" \/>\n<meta property=\"og:type\" content=\"article\" \/>\n<meta property=\"og:title\" content=\"Charte des Valeurs 2025 - Les Troph\u00e9es de la Com\u00e9die Musicale\" \/>\n<meta property=\"og:description\" content=\"CHARTE DES VALEURS 2025 Pour que les candidatures soient&nbsp;prises en compte, chaque production doit&nbsp;adh\u00e9rer \u00e0 la Charte des Valeurs des Troph\u00e9es de la Com\u00e9die Musicale, consultable ici : Charte des valeurs\" \/>\n<meta property=\"og:url\" content=\"https:\/\/www.tropheesdelacomediemusicale.fr\/fr\/charte-des-valeurs-2025\/\" \/>\n<meta property=\"og:site_name\" content=\"Les Troph\u00e9es de la Com\u00e9die Musicale\" \/>\n<meta property=\"article:publisher\" content=\"https:\/\/www.facebook.com\/lestropheesdelacomediemusicale\" \/>\n<meta property=\"article:modified_time\" content=\"2025-12-19T10:26:53+00:00\" \/>\n<meta property=\"og:image\" content=\"https:\/\/www.tropheesdelacomediemusicale.fr\/fr\/wp-content\/uploads\/2025\/10\/Capture-decran-2025-10-14-a-22.07.17-720x1024.png\" \/>\n<meta name=\"twitter:card\" content=\"summary_large_image\" \/>\n<meta name=\"twitter:label1\" content=\"Dur\u00e9e de lecture estim\u00e9e\" \/>\n\t<meta name=\"twitter:data1\" content=\"1 minute\" \/>\n<script type=\"application\/ld+json\" class=\"yoast-schema-graph\">{\"@context\":\"https:\\\/\\\/schema.org\",\"@graph\":[{\"@type\":\"WebPage\",\"@id\":\"https:\\\/\\\/www.tropheesdelacomediemusicale.fr\\\/fr\\\/charte-des-valeurs-2025\\\/\",\"url\":\"https:\\\/\\\/www.tropheesdelacomediemusicale.fr\\\/fr\\\/charte-des-valeurs-2025\\\/\",\"name\":\"Charte des Valeurs 2025 - Les Troph\u00e9es de la Com\u00e9die Musicale\",\"isPartOf\":{\"@id\":\"https:\\\/\\\/www.tropheesdelacomediemusicale.fr\\\/fr\\\/#website\"},\"primaryImageOfPage\":{\"@id\":\"https:\\\/\\\/www.tropheesdelacomediemusicale.fr\\\/fr\\\/charte-des-valeurs-2025\\\/#primaryimage\"},\"image\":{\"@id\":\"https:\\\/\\\/www.tropheesdelacomediemusicale.fr\\\/fr\\\/charte-des-valeurs-2025\\\/#primaryimage\"},\"thumbnailUrl\":\"https:\\\/\\\/www.tropheesdelacomediemusicale.fr\\\/fr\\\/wp-content\\\/uploads\\\/2025\\\/10\\\/Capture-decran-2025-10-14-a-22.07.17-720x1024.png\",\"datePublished\":\"2024-10-20T18:51:04+00:00\",\"dateModified\":\"2025-12-19T10:26:53+00:00\",\"breadcrumb\":{\"@id\":\"https:\\\/\\\/www.tropheesdelacomediemusicale.fr\\\/fr\\\/charte-des-valeurs-2025\\\/#breadcrumb\"},\"inLanguage\":\"fr-FR\",\"potentialAction\":[{\"@type\":\"ReadAction\",\"target\":[\"https:\\\/\\\/www.tropheesdelacomediemusicale.fr\\\/fr\\\/charte-des-valeurs-2025\\\/\"]}]},{\"@type\":\"ImageObject\",\"inLanguage\":\"fr-FR\",\"@id\":\"https:\\\/\\\/www.tropheesdelacomediemusicale.fr\\\/fr\\\/charte-des-valeurs-2025\\\/#primaryimage\",\"url\":\"https:\\\/\\\/i0.wp.com\\\/www.tropheesdelacomediemusicale.fr\\\/fr\\\/wp-content\\\/uploads\\\/2025\\\/10\\\/Capture-decran-2025-10-14-a-22.07.17.png?fit=830%2C1180&ssl=1\",\"contentUrl\":\"https:\\\/\\\/i0.wp.com\\\/www.tropheesdelacomediemusicale.fr\\\/fr\\\/wp-content\\\/uploads\\\/2025\\\/10\\\/Capture-decran-2025-10-14-a-22.07.17.png?fit=830%2C1180&ssl=1\",\"width\":830,\"height\":1180},{\"@type\":\"BreadcrumbList\",\"@id\":\"https:\\\/\\\/www.tropheesdelacomediemusicale.fr\\\/fr\\\/charte-des-valeurs-2025\\\/#breadcrumb\",\"itemListElement\":[{\"@type\":\"ListItem\",\"position\":1,\"name\":\"Accueil\",\"item\":\"https:\\\/\\\/www.tropheesdelacomediemusicale.fr\\\/fr\\\/\"},{\"@type\":\"ListItem\",\"position\":2,\"name\":\"Charte des Valeurs 2025\"}]},{\"@type\":\"WebSite\",\"@id\":\"https:\\\/\\\/www.tropheesdelacomediemusicale.fr\\\/fr\\\/#website\",\"url\":\"https:\\\/\\\/www.tropheesdelacomediemusicale.fr\\\/fr\\\/\",\"name\":\"Les Troph\u00e9es de la Com\u00e9die Musicale\",\"description\":\"\",\"publisher\":{\"@id\":\"https:\\\/\\\/www.tropheesdelacomediemusicale.fr\\\/fr\\\/#organization\"},\"potentialAction\":[{\"@type\":\"SearchAction\",\"target\":{\"@type\":\"EntryPoint\",\"urlTemplate\":\"https:\\\/\\\/www.tropheesdelacomediemusicale.fr\\\/fr\\\/?s={search_term_string}\"},\"query-input\":{\"@type\":\"PropertyValueSpecification\",\"valueRequired\":true,\"valueName\":\"search_term_string\"}}],\"inLanguage\":\"fr-FR\"},{\"@type\":\"Organization\",\"@id\":\"https:\\\/\\\/www.tropheesdelacomediemusicale.fr\\\/fr\\\/#organization\",\"name\":\"Les Troph\u00e9es de la Com\u00e9die Musicale\",\"url\":\"https:\\\/\\\/www.tropheesdelacomediemusicale.fr\\\/fr\\\/\",\"logo\":{\"@type\":\"ImageObject\",\"inLanguage\":\"fr-FR\",\"@id\":\"https:\\\/\\\/www.tropheesdelacomediemusicale.fr\\\/fr\\\/#\\\/schema\\\/logo\\\/image\\\/\",\"url\":\"https:\\\/\\\/i0.wp.com\\\/www.tropheesdelacomediemusicale.fr\\\/fr\\\/wp-content\\\/uploads\\\/2017\\\/05\\\/Icone.jpg?fit=1000%2C1000&ssl=1\",\"contentUrl\":\"https:\\\/\\\/i0.wp.com\\\/www.tropheesdelacomediemusicale.fr\\\/fr\\\/wp-content\\\/uploads\\\/2017\\\/05\\\/Icone.jpg?fit=1000%2C1000&ssl=1\",\"width\":1000,\"height\":1000,\"caption\":\"Les Troph\u00e9es de la Com\u00e9die Musicale\"},\"image\":{\"@id\":\"https:\\\/\\\/www.tropheesdelacomediemusicale.fr\\\/fr\\\/#\\\/schema\\\/logo\\\/image\\\/\"},\"sameAs\":[\"https:\\\/\\\/www.facebook.com\\\/lestropheesdelacomediemusicale\"]}]}<\/script>\n<!-- \/ Yoast SEO plugin. -->","yoast_head_json":{"title":"Charte des Valeurs 2025 - Les Troph\u00e9es de la Com\u00e9die Musicale","robots":{"index":"index","follow":"follow","max-snippet":"max-snippet:-1","max-image-preview":"max-image-preview:large","max-video-preview":"max-video-preview:-1"},"canonical":"https:\/\/www.tropheesdelacomediemusicale.fr\/fr\/charte-des-valeurs-2025\/","og_locale":"fr_FR","og_type":"article","og_title":"Charte des Valeurs 2025 - Les Troph\u00e9es de la Com\u00e9die Musicale","og_description":"CHARTE DES VALEURS 2025 Pour que les candidatures soient&nbsp;prises en compte, chaque production doit&nbsp;adh\u00e9rer \u00e0 la Charte des Valeurs des Troph\u00e9es de la Com\u00e9die Musicale, consultable ici : Charte des valeurs","og_url":"https:\/\/www.tropheesdelacomediemusicale.fr\/fr\/charte-des-valeurs-2025\/","og_site_name":"Les Troph\u00e9es de la Com\u00e9die Musicale","article_publisher":"https:\/\/www.facebook.com\/lestropheesdelacomediemusicale","article_modified_time":"2025-12-19T10:26:53+00:00","og_image":[{"url":"https:\/\/www.tropheesdelacomediemusicale.fr\/fr\/wp-content\/uploads\/2025\/10\/Capture-decran-2025-10-14-a-22.07.17-720x1024.png","type":"","width":"","height":""}],"twitter_card":"summary_large_image","twitter_misc":{"Dur\u00e9e de lecture estim\u00e9e":"1 minute"},"schema":{"@context":"https:\/\/schema.org","@graph":[{"@type":"WebPage","@id":"https:\/\/www.tropheesdelacomediemusicale.fr\/fr\/charte-des-valeurs-2025\/","url":"https:\/\/www.tropheesdelacomediemusicale.fr\/fr\/charte-des-valeurs-2025\/","name":"Charte des Valeurs 2025 - Les Troph\u00e9es de la Com\u00e9die Musicale","isPartOf":{"@id":"https:\/\/www.tropheesdelacomediemusicale.fr\/fr\/#website"},"primaryImageOfPage":{"@id":"https:\/\/www.tropheesdelacomediemusicale.fr\/fr\/charte-des-valeurs-2025\/#primaryimage"},"image":{"@id":"https:\/\/www.tropheesdelacomediemusicale.fr\/fr\/charte-des-valeurs-2025\/#primaryimage"},"thumbnailUrl":"https:\/\/www.tropheesdelacomediemusicale.fr\/fr\/wp-content\/uploads\/2025\/10\/Capture-decran-2025-10-14-a-22.07.17-720x1024.png","datePublished":"2024-10-20T18:51:04+00:00","dateModified":"2025-12-19T10:26:53+00:00","breadcrumb":{"@id":"https:\/\/www.tropheesdelacomediemusicale.fr\/fr\/charte-des-valeurs-2025\/#breadcrumb"},"inLanguage":"fr-FR","potentialAction":[{"@type":"ReadAction","target":["https:\/\/www.tropheesdelacomediemusicale.fr\/fr\/charte-des-valeurs-2025\/"]}]},{"@type":"ImageObject","inLanguage":"fr-FR","@id":"https:\/\/www.tropheesdelacomediemusicale.fr\/fr\/charte-des-valeurs-2025\/#primaryimage","url":"https:\/\/i0.wp.com\/www.tropheesdelacomediemusicale.fr\/fr\/wp-content\/uploads\/2025\/10\/Capture-decran-2025-10-14-a-22.07.17.png?fit=830%2C1180&ssl=1","contentUrl":"https:\/\/i0.wp.com\/www.tropheesdelacomediemusicale.fr\/fr\/wp-content\/uploads\/2025\/10\/Capture-decran-2025-10-14-a-22.07.17.png?fit=830%2C1180&ssl=1","width":830,"height":1180},{"@type":"BreadcrumbList","@id":"https:\/\/www.tropheesdelacomediemusicale.fr\/fr\/charte-des-valeurs-2025\/#breadcrumb","itemListElement":[{"@type":"ListItem","position":1,"name":"Accueil","item":"https:\/\/www.tropheesdelacomediemusicale.fr\/fr\/"},{"@type":"ListItem","position":2,"name":"Charte des Valeurs 2025"}]},{"@type":"WebSite","@id":"https:\/\/www.tropheesdelacomediemusicale.fr\/fr\/#website","url":"https:\/\/www.tropheesdelacomediemusicale.fr\/fr\/","name":"Les Troph\u00e9es de la Com\u00e9die Musicale","description":"","publisher":{"@id":"https:\/\/www.tropheesdelacomediemusicale.fr\/fr\/#organization"},"potentialAction":[{"@type":"SearchAction","target":{"@type":"EntryPoint","urlTemplate":"https:\/\/www.tropheesdelacomediemusicale.fr\/fr\/?s={search_term_string}"},"query-input":{"@type":"PropertyValueSpecification","valueRequired":true,"valueName":"search_term_string"}}],"inLanguage":"fr-FR"},{"@type":"Organization","@id":"https:\/\/www.tropheesdelacomediemusicale.fr\/fr\/#organization","name":"Les Troph\u00e9es de la Com\u00e9die Musicale","url":"https:\/\/www.tropheesdelacomediemusicale.fr\/fr\/","logo":{"@type":"ImageObject","inLanguage":"fr-FR","@id":"https:\/\/www.tropheesdelacomediemusicale.fr\/fr\/#\/schema\/logo\/image\/","url":"https:\/\/i0.wp.com\/www.tropheesdelacomediemusicale.fr\/fr\/wp-content\/uploads\/2017\/05\/Icone.jpg?fit=1000%2C1000&ssl=1","contentUrl":"https:\/\/i0.wp.com\/www.tropheesdelacomediemusicale.fr\/fr\/wp-content\/uploads\/2017\/05\/Icone.jpg?fit=1000%2C1000&ssl=1","width":1000,"height":1000,"caption":"Les Troph\u00e9es de la Com\u00e9die Musicale"},"image":{"@id":"https:\/\/www.tropheesdelacomediemusicale.fr\/fr\/#\/schema\/logo\/image\/"},"sameAs":["https:\/\/www.facebook.com\/lestropheesdelacomediemusicale"]}]}},"jetpack_sharing_enabled":true,"jetpack_shortlink":"https:\/\/wp.me\/P8KT3A-1Dc","_links":{"self":[{"href":"https:\/\/www.tropheesdelacomediemusicale.fr\/fr\/wp-json\/wp\/v2\/pages\/6274","targetHints":{"allow":["GET"]}}],"collection":[{"href":"https:\/\/www.tropheesdelacomediemusicale.fr\/fr\/wp-json\/wp\/v2\/pages"}],"about":[{"href":"https:\/\/www.tropheesdelacomediemusicale.fr\/fr\/wp-json\/wp\/v2\/types\/page"}],"author":[{"embeddable":true,"href":"https:\/\/www.tropheesdelacomediemusicale.fr\/fr\/wp-json\/wp\/v2\/users\/8"}],"replies":[{"embeddable":true,"href":"https:\/\/www.tropheesdelacomediemusicale.fr\/fr\/wp-json\/wp\/v2\/comments?post=6274"}],"version-history":[{"count":7,"href":"https:\/\/www.tropheesdelacomediemusicale.fr\/fr\/wp-json\/wp\/v2\/pages\/6274\/revisions"}],"predecessor-version":[{"id":7193,"href":"https:\/\/www.tropheesdelacomediemusicale.fr\/fr\/wp-json\/wp\/v2\/pages\/6274\/revisions\/7193"}],"wp:attachment":[{"href":"https:\/\/www.tropheesdelacomediemusicale.fr\/fr\/wp-json\/wp\/v2\/media?parent=6274"}],"curies":[{"name":"wp","href":"https:\/\/api.w.org\/{rel}","templated":true}]}}