{"id":6263,"date":"2024-10-20T20:51:47","date_gmt":"2024-10-20T18:51:47","guid":{"rendered":"https:\/\/www.tropheesdelacomediemusicale.fr\/fr\/?page_id=6263"},"modified":"2025-12-19T11:27:43","modified_gmt":"2025-12-19T10:27:43","slug":"reglement-2025-2","status":"publish","type":"page","link":"https:\/\/www.tropheesdelacomediemusicale.fr\/fr\/reglement-2025-2\/","title":{"rendered":"R\u00e8glement 2025"},"content":{"rendered":"\n<div class=\"wp-block-stackable-heading stk-block-heading stk-block-heading--v2 stk-block stk-f979246\" id=\"strong-reglement-2025-strong\" data-block-id=\"f979246\"><h1 class=\"stk-block-heading__text has-text-align-center\"><strong>REGLEMENT 2025<\/strong><\/h1><\/div>\n\n\n\n<div class=\"wp-block-stackable-text stk-block-text stk-block stk-0fd0516\" data-block-id=\"0fd0516\"><style>.stk-0fd0516 {margin-bottom:40px !important;}<\/style><p class=\"stk-block-text__text has-text-align-justify\">Les Trophe\u0301es de la Come\u0301die Musicale sont des re\u0301compenses artistiques de\u0301cerne\u0301es par la critique.&nbsp;Prennent part au scrutin des spe\u0301cialistes de la come\u0301die musicale reconnus et faisant la promotion re\u0301gulie\u0300re de celle-ci dans la presse, a\u0300 la te\u0301le\u0301vision, a\u0300 la radio, sur le web, les re\u0301seaux sociaux, ou dans des ouvrages litte\u0301raires, ainsi que les artistes nomm\u00e9s les deux ann\u00e9es pr\u00e9c\u00e9dentes.<\/p><\/div>\n\n\n\n<figure class=\"wp-block-image aligncenter is-resized\"><a href=\"https:\/\/drive.google.com\/file\/d\/1BEx_urvoJdCVWc1889b5ukkLY8tSyrqK\/view?usp=share_link\" target=\"_blank\" rel=\"noreferrer noopener\"><img data-recalc-dims=\"1\" loading=\"lazy\" decoding=\"async\" width=\"227\" height=\"300\" data-attachment-id=\"3873\" data-permalink=\"https:\/\/www.tropheesdelacomediemusicale.fr\/fr\/reglement-2022-2\/clicreglement2022-2\/\" data-orig-file=\"https:\/\/i0.wp.com\/www.tropheesdelacomediemusicale.fr\/fr\/wp-content\/uploads\/2022\/03\/ClicReglement2022-1.jpg?fit=592%2C782&amp;ssl=1\" data-orig-size=\"592,782\" data-comments-opened=\"1\" data-image-meta=\"{&quot;aperture&quot;:&quot;0&quot;,&quot;credit&quot;:&quot;KONG Stephany&quot;,&quot;camera&quot;:&quot;&quot;,&quot;caption&quot;:&quot;&quot;,&quot;created_timestamp&quot;:&quot;1646314494&quot;,&quot;copyright&quot;:&quot;&quot;,&quot;focal_length&quot;:&quot;0&quot;,&quot;iso&quot;:&quot;0&quot;,&quot;shutter_speed&quot;:&quot;0&quot;,&quot;title&quot;:&quot;&quot;,&quot;orientation&quot;:&quot;0&quot;}\" data-image-title=\"ClicReglement2022\" data-image-description=\"\" data-image-caption=\"\" data-large-file=\"https:\/\/i0.wp.com\/www.tropheesdelacomediemusicale.fr\/fr\/wp-content\/uploads\/2022\/03\/ClicReglement2022-1.jpg?fit=592%2C782&amp;ssl=1\" src=\"https:\/\/i0.wp.com\/www.tropheesdelacomediemusicale.fr\/fr\/wp-content\/uploads\/2022\/03\/ClicReglement2022-1.jpg?resize=227%2C300&#038;ssl=1\" alt=\"\" class=\"wp-image-3873\" style=\"width:303px;height:auto\" srcset=\"https:\/\/i0.wp.com\/www.tropheesdelacomediemusicale.fr\/fr\/wp-content\/uploads\/2022\/03\/ClicReglement2022-1.jpg?resize=227%2C300&amp;ssl=1 227w, https:\/\/i0.wp.com\/www.tropheesdelacomediemusicale.fr\/fr\/wp-content\/uploads\/2022\/03\/ClicReglement2022-1.jpg?resize=303%2C400&amp;ssl=1 303w, https:\/\/i0.wp.com\/www.tropheesdelacomediemusicale.fr\/fr\/wp-content\/uploads\/2022\/03\/ClicReglement2022-1.jpg?w=592&amp;ssl=1 592w\" sizes=\"auto, (max-width: 227px) 100vw, 227px\" \/><\/a><\/figure>\n\n\n\n<div class=\"wp-block-stackable-spacer stk-block-spacer stk--no-padding stk-block stk-7dcf0ea\" data-block-id=\"7dcf0ea\"><style>.stk-7dcf0ea {height:25px !important;}<\/style><\/div>\n\n\n\n<div class=\"wp-block-stackable-button-group stk-block-button-group stk-block stk-0656cc6\" data-block-id=\"0656cc6\"><div class=\"stk-row stk-inner-blocks has-text-align-center stk-block-content stk-button-group\">\n<div class=\"wp-block-stackable-button stk-block-button stk-block stk-2772fb0\" data-block-id=\"2772fb0\"><style>.stk-2772fb0 .stk-button{background:#e1c880 !important;}.stk-2772fb0 .stk-button__inner-text{color:#fffffe !important;text-transform:uppercase !important;}<\/style><a class=\"stk-link stk-button stk--hover-effect-darken\" href=\"https:\/\/drive.google.com\/file\/d\/1BEx_urvoJdCVWc1889b5ukkLY8tSyrqK\/view?usp=share_link\" target=\"_blank\" rel=\"noreferrer noopener\"><span class=\"has-text-color stk-button__inner-text\">REGLEMENT 2025<\/span><\/a><\/div>\n<\/div><\/div>\n","protected":false},"excerpt":{"rendered":"<p>REGLEMENT 2025 Les Trophe\u0301es de la Come\u0301die Musicale sont des re\u0301compenses artistiques de\u0301cerne\u0301es par la critique.&nbsp;Prennent part au scrutin des spe\u0301cialistes de la come\u0301die musicale reconnus et faisant la promotion re\u0301gulie\u0300re de celle-ci dans la presse, a\u0300 la te\u0301le\u0301vision, a\u0300 la radio, sur le web, les re\u0301seaux sociaux, ou dans des ouvrages litte\u0301raires, ainsi que [&hellip;]<\/p>\n","protected":false},"author":8,"featured_media":0,"parent":0,"menu_order":0,"comment_status":"closed","ping_status":"closed","template":"","meta":{"jetpack_post_was_ever_published":false,"footnotes":""},"class_list":["post-6263","page","type-page","status-publish","hentry"],"blocksy_meta":[],"yoast_head":"<!-- This site is optimized with the Yoast SEO plugin v27.4 - https:\/\/yoast.com\/product\/yoast-seo-wordpress\/ -->\n<title>R\u00e8glement 2025 - Les Troph\u00e9es de la Com\u00e9die Musicale<\/title>\n<meta name=\"robots\" content=\"index, follow, max-snippet:-1, max-image-preview:large, max-video-preview:-1\" \/>\n<link rel=\"canonical\" href=\"https:\/\/www.tropheesdelacomediemusicale.fr\/fr\/reglement-2025-2\/\" \/>\n<meta property=\"og:locale\" content=\"fr_FR\" \/>\n<meta property=\"og:type\" content=\"article\" \/>\n<meta property=\"og:title\" content=\"R\u00e8glement 2025 - Les Troph\u00e9es de la Com\u00e9die Musicale\" \/>\n<meta property=\"og:description\" content=\"REGLEMENT 2025 Les Trophe\u0301es de la Come\u0301die Musicale sont des re\u0301compenses artistiques de\u0301cerne\u0301es par la critique.&nbsp;Prennent part au scrutin des spe\u0301cialistes de la come\u0301die musicale reconnus et faisant la promotion re\u0301gulie\u0300re de celle-ci dans la presse, a\u0300 la te\u0301le\u0301vision, a\u0300 la radio, sur le web, les re\u0301seaux sociaux, ou dans des ouvrages litte\u0301raires, ainsi que [&hellip;]\" \/>\n<meta property=\"og:url\" content=\"https:\/\/www.tropheesdelacomediemusicale.fr\/fr\/reglement-2025-2\/\" \/>\n<meta property=\"og:site_name\" content=\"Les Troph\u00e9es de la Com\u00e9die Musicale\" \/>\n<meta property=\"article:publisher\" content=\"https:\/\/www.facebook.com\/lestropheesdelacomediemusicale\" \/>\n<meta property=\"article:modified_time\" content=\"2025-12-19T10:27:43+00:00\" \/>\n<meta property=\"og:image\" content=\"https:\/\/www.tropheesdelacomediemusicale.fr\/fr\/wp-content\/uploads\/2022\/03\/ClicReglement2022-1-227x300.jpg\" \/>\n<meta name=\"twitter:card\" content=\"summary_large_image\" \/>\n<meta name=\"twitter:label1\" content=\"Dur\u00e9e de lecture estim\u00e9e\" \/>\n\t<meta name=\"twitter:data1\" content=\"1 minute\" \/>\n<script type=\"application\/ld+json\" class=\"yoast-schema-graph\">{\"@context\":\"https:\\\/\\\/schema.org\",\"@graph\":[{\"@type\":\"WebPage\",\"@id\":\"https:\\\/\\\/www.tropheesdelacomediemusicale.fr\\\/fr\\\/reglement-2025-2\\\/\",\"url\":\"https:\\\/\\\/www.tropheesdelacomediemusicale.fr\\\/fr\\\/reglement-2025-2\\\/\",\"name\":\"R\u00e8glement 2025 - Les Troph\u00e9es de la Com\u00e9die Musicale\",\"isPartOf\":{\"@id\":\"https:\\\/\\\/www.tropheesdelacomediemusicale.fr\\\/fr\\\/#website\"},\"primaryImageOfPage\":{\"@id\":\"https:\\\/\\\/www.tropheesdelacomediemusicale.fr\\\/fr\\\/reglement-2025-2\\\/#primaryimage\"},\"image\":{\"@id\":\"https:\\\/\\\/www.tropheesdelacomediemusicale.fr\\\/fr\\\/reglement-2025-2\\\/#primaryimage\"},\"thumbnailUrl\":\"https:\\\/\\\/www.tropheesdelacomediemusicale.fr\\\/fr\\\/wp-content\\\/uploads\\\/2022\\\/03\\\/ClicReglement2022-1-227x300.jpg\",\"datePublished\":\"2024-10-20T18:51:47+00:00\",\"dateModified\":\"2025-12-19T10:27:43+00:00\",\"breadcrumb\":{\"@id\":\"https:\\\/\\\/www.tropheesdelacomediemusicale.fr\\\/fr\\\/reglement-2025-2\\\/#breadcrumb\"},\"inLanguage\":\"fr-FR\",\"potentialAction\":[{\"@type\":\"ReadAction\",\"target\":[\"https:\\\/\\\/www.tropheesdelacomediemusicale.fr\\\/fr\\\/reglement-2025-2\\\/\"]}]},{\"@type\":\"ImageObject\",\"inLanguage\":\"fr-FR\",\"@id\":\"https:\\\/\\\/www.tropheesdelacomediemusicale.fr\\\/fr\\\/reglement-2025-2\\\/#primaryimage\",\"url\":\"https:\\\/\\\/i0.wp.com\\\/www.tropheesdelacomediemusicale.fr\\\/fr\\\/wp-content\\\/uploads\\\/2022\\\/03\\\/ClicReglement2022-1.jpg?fit=592%2C782&ssl=1\",\"contentUrl\":\"https:\\\/\\\/i0.wp.com\\\/www.tropheesdelacomediemusicale.fr\\\/fr\\\/wp-content\\\/uploads\\\/2022\\\/03\\\/ClicReglement2022-1.jpg?fit=592%2C782&ssl=1\",\"width\":592,\"height\":782},{\"@type\":\"BreadcrumbList\",\"@id\":\"https:\\\/\\\/www.tropheesdelacomediemusicale.fr\\\/fr\\\/reglement-2025-2\\\/#breadcrumb\",\"itemListElement\":[{\"@type\":\"ListItem\",\"position\":1,\"name\":\"Accueil\",\"item\":\"https:\\\/\\\/www.tropheesdelacomediemusicale.fr\\\/fr\\\/\"},{\"@type\":\"ListItem\",\"position\":2,\"name\":\"R\u00e8glement 2025\"}]},{\"@type\":\"WebSite\",\"@id\":\"https:\\\/\\\/www.tropheesdelacomediemusicale.fr\\\/fr\\\/#website\",\"url\":\"https:\\\/\\\/www.tropheesdelacomediemusicale.fr\\\/fr\\\/\",\"name\":\"Les Troph\u00e9es de la Com\u00e9die Musicale\",\"description\":\"\",\"publisher\":{\"@id\":\"https:\\\/\\\/www.tropheesdelacomediemusicale.fr\\\/fr\\\/#organization\"},\"potentialAction\":[{\"@type\":\"SearchAction\",\"target\":{\"@type\":\"EntryPoint\",\"urlTemplate\":\"https:\\\/\\\/www.tropheesdelacomediemusicale.fr\\\/fr\\\/?s={search_term_string}\"},\"query-input\":{\"@type\":\"PropertyValueSpecification\",\"valueRequired\":true,\"valueName\":\"search_term_string\"}}],\"inLanguage\":\"fr-FR\"},{\"@type\":\"Organization\",\"@id\":\"https:\\\/\\\/www.tropheesdelacomediemusicale.fr\\\/fr\\\/#organization\",\"name\":\"Les Troph\u00e9es de la Com\u00e9die Musicale\",\"url\":\"https:\\\/\\\/www.tropheesdelacomediemusicale.fr\\\/fr\\\/\",\"logo\":{\"@type\":\"ImageObject\",\"inLanguage\":\"fr-FR\",\"@id\":\"https:\\\/\\\/www.tropheesdelacomediemusicale.fr\\\/fr\\\/#\\\/schema\\\/logo\\\/image\\\/\",\"url\":\"https:\\\/\\\/i0.wp.com\\\/www.tropheesdelacomediemusicale.fr\\\/fr\\\/wp-content\\\/uploads\\\/2017\\\/05\\\/Icone.jpg?fit=1000%2C1000&ssl=1\",\"contentUrl\":\"https:\\\/\\\/i0.wp.com\\\/www.tropheesdelacomediemusicale.fr\\\/fr\\\/wp-content\\\/uploads\\\/2017\\\/05\\\/Icone.jpg?fit=1000%2C1000&ssl=1\",\"width\":1000,\"height\":1000,\"caption\":\"Les Troph\u00e9es de la Com\u00e9die Musicale\"},\"image\":{\"@id\":\"https:\\\/\\\/www.tropheesdelacomediemusicale.fr\\\/fr\\\/#\\\/schema\\\/logo\\\/image\\\/\"},\"sameAs\":[\"https:\\\/\\\/www.facebook.com\\\/lestropheesdelacomediemusicale\"]}]}<\/script>\n<!-- \/ Yoast SEO plugin. -->","yoast_head_json":{"title":"R\u00e8glement 2025 - Les Troph\u00e9es de la Com\u00e9die Musicale","robots":{"index":"index","follow":"follow","max-snippet":"max-snippet:-1","max-image-preview":"max-image-preview:large","max-video-preview":"max-video-preview:-1"},"canonical":"https:\/\/www.tropheesdelacomediemusicale.fr\/fr\/reglement-2025-2\/","og_locale":"fr_FR","og_type":"article","og_title":"R\u00e8glement 2025 - Les Troph\u00e9es de la Com\u00e9die Musicale","og_description":"REGLEMENT 2025 Les Trophe\u0301es de la Come\u0301die Musicale sont des re\u0301compenses artistiques de\u0301cerne\u0301es par la critique.&nbsp;Prennent part au scrutin des spe\u0301cialistes de la come\u0301die musicale reconnus et faisant la promotion re\u0301gulie\u0300re de celle-ci dans la presse, a\u0300 la te\u0301le\u0301vision, a\u0300 la radio, sur le web, les re\u0301seaux sociaux, ou dans des ouvrages litte\u0301raires, ainsi que [&hellip;]","og_url":"https:\/\/www.tropheesdelacomediemusicale.fr\/fr\/reglement-2025-2\/","og_site_name":"Les Troph\u00e9es de la Com\u00e9die Musicale","article_publisher":"https:\/\/www.facebook.com\/lestropheesdelacomediemusicale","article_modified_time":"2025-12-19T10:27:43+00:00","og_image":[{"url":"https:\/\/www.tropheesdelacomediemusicale.fr\/fr\/wp-content\/uploads\/2022\/03\/ClicReglement2022-1-227x300.jpg","type":"","width":"","height":""}],"twitter_card":"summary_large_image","twitter_misc":{"Dur\u00e9e de lecture estim\u00e9e":"1 minute"},"schema":{"@context":"https:\/\/schema.org","@graph":[{"@type":"WebPage","@id":"https:\/\/www.tropheesdelacomediemusicale.fr\/fr\/reglement-2025-2\/","url":"https:\/\/www.tropheesdelacomediemusicale.fr\/fr\/reglement-2025-2\/","name":"R\u00e8glement 2025 - Les Troph\u00e9es de la Com\u00e9die Musicale","isPartOf":{"@id":"https:\/\/www.tropheesdelacomediemusicale.fr\/fr\/#website"},"primaryImageOfPage":{"@id":"https:\/\/www.tropheesdelacomediemusicale.fr\/fr\/reglement-2025-2\/#primaryimage"},"image":{"@id":"https:\/\/www.tropheesdelacomediemusicale.fr\/fr\/reglement-2025-2\/#primaryimage"},"thumbnailUrl":"https:\/\/www.tropheesdelacomediemusicale.fr\/fr\/wp-content\/uploads\/2022\/03\/ClicReglement2022-1-227x300.jpg","datePublished":"2024-10-20T18:51:47+00:00","dateModified":"2025-12-19T10:27:43+00:00","breadcrumb":{"@id":"https:\/\/www.tropheesdelacomediemusicale.fr\/fr\/reglement-2025-2\/#breadcrumb"},"inLanguage":"fr-FR","potentialAction":[{"@type":"ReadAction","target":["https:\/\/www.tropheesdelacomediemusicale.fr\/fr\/reglement-2025-2\/"]}]},{"@type":"ImageObject","inLanguage":"fr-FR","@id":"https:\/\/www.tropheesdelacomediemusicale.fr\/fr\/reglement-2025-2\/#primaryimage","url":"https:\/\/i0.wp.com\/www.tropheesdelacomediemusicale.fr\/fr\/wp-content\/uploads\/2022\/03\/ClicReglement2022-1.jpg?fit=592%2C782&ssl=1","contentUrl":"https:\/\/i0.wp.com\/www.tropheesdelacomediemusicale.fr\/fr\/wp-content\/uploads\/2022\/03\/ClicReglement2022-1.jpg?fit=592%2C782&ssl=1","width":592,"height":782},{"@type":"BreadcrumbList","@id":"https:\/\/www.tropheesdelacomediemusicale.fr\/fr\/reglement-2025-2\/#breadcrumb","itemListElement":[{"@type":"ListItem","position":1,"name":"Accueil","item":"https:\/\/www.tropheesdelacomediemusicale.fr\/fr\/"},{"@type":"ListItem","position":2,"name":"R\u00e8glement 2025"}]},{"@type":"WebSite","@id":"https:\/\/www.tropheesdelacomediemusicale.fr\/fr\/#website","url":"https:\/\/www.tropheesdelacomediemusicale.fr\/fr\/","name":"Les Troph\u00e9es de la Com\u00e9die Musicale","description":"","publisher":{"@id":"https:\/\/www.tropheesdelacomediemusicale.fr\/fr\/#organization"},"potentialAction":[{"@type":"SearchAction","target":{"@type":"EntryPoint","urlTemplate":"https:\/\/www.tropheesdelacomediemusicale.fr\/fr\/?s={search_term_string}"},"query-input":{"@type":"PropertyValueSpecification","valueRequired":true,"valueName":"search_term_string"}}],"inLanguage":"fr-FR"},{"@type":"Organization","@id":"https:\/\/www.tropheesdelacomediemusicale.fr\/fr\/#organization","name":"Les Troph\u00e9es de la Com\u00e9die Musicale","url":"https:\/\/www.tropheesdelacomediemusicale.fr\/fr\/","logo":{"@type":"ImageObject","inLanguage":"fr-FR","@id":"https:\/\/www.tropheesdelacomediemusicale.fr\/fr\/#\/schema\/logo\/image\/","url":"https:\/\/i0.wp.com\/www.tropheesdelacomediemusicale.fr\/fr\/wp-content\/uploads\/2017\/05\/Icone.jpg?fit=1000%2C1000&ssl=1","contentUrl":"https:\/\/i0.wp.com\/www.tropheesdelacomediemusicale.fr\/fr\/wp-content\/uploads\/2017\/05\/Icone.jpg?fit=1000%2C1000&ssl=1","width":1000,"height":1000,"caption":"Les Troph\u00e9es de la Com\u00e9die Musicale"},"image":{"@id":"https:\/\/www.tropheesdelacomediemusicale.fr\/fr\/#\/schema\/logo\/image\/"},"sameAs":["https:\/\/www.facebook.com\/lestropheesdelacomediemusicale"]}]}},"jetpack_sharing_enabled":true,"jetpack_shortlink":"https:\/\/wp.me\/P8KT3A-1D1","_links":{"self":[{"href":"https:\/\/www.tropheesdelacomediemusicale.fr\/fr\/wp-json\/wp\/v2\/pages\/6263","targetHints":{"allow":["GET"]}}],"collection":[{"href":"https:\/\/www.tropheesdelacomediemusicale.fr\/fr\/wp-json\/wp\/v2\/pages"}],"about":[{"href":"https:\/\/www.tropheesdelacomediemusicale.fr\/fr\/wp-json\/wp\/v2\/types\/page"}],"author":[{"embeddable":true,"href":"https:\/\/www.tropheesdelacomediemusicale.fr\/fr\/wp-json\/wp\/v2\/users\/8"}],"replies":[{"embeddable":true,"href":"https:\/\/www.tropheesdelacomediemusicale.fr\/fr\/wp-json\/wp\/v2\/comments?post=6263"}],"version-history":[{"count":14,"href":"https:\/\/www.tropheesdelacomediemusicale.fr\/fr\/wp-json\/wp\/v2\/pages\/6263\/revisions"}],"predecessor-version":[{"id":7194,"href":"https:\/\/www.tropheesdelacomediemusicale.fr\/fr\/wp-json\/wp\/v2\/pages\/6263\/revisions\/7194"}],"wp:attachment":[{"href":"https:\/\/www.tropheesdelacomediemusicale.fr\/fr\/wp-json\/wp\/v2\/media?parent=6263"}],"curies":[{"name":"wp","href":"https:\/\/api.w.org\/{rel}","templated":true}]}}