{"id":6261,"date":"2024-10-20T20:52:22","date_gmt":"2024-10-20T18:52:22","guid":{"rendered":"https:\/\/www.tropheesdelacomediemusicale.fr\/fr\/?page_id=6261"},"modified":"2025-12-19T11:22:02","modified_gmt":"2025-12-19T10:22:02","slug":"le-calendrier-2025","status":"publish","type":"page","link":"https:\/\/www.tropheesdelacomediemusicale.fr\/fr\/le-calendrier-2025\/","title":{"rendered":"Le Calendrier 2025"},"content":{"rendered":"\n<div class=\"wp-block-stackable-heading stk-block-heading stk-block-heading--v2 stk-block stk-6d29d75\" id=\"strong-dates-deligibilite-des-spectacles-strong\" data-block-id=\"6d29d75\"><style>.stk-6d29d75 {margin-bottom:20px !important;}<\/style><h4 class=\"stk-block-heading__text\"><strong>Dates\u00a0d&rsquo;\u00e9ligibilit\u00e9\u00a0des spectacles<\/strong><\/h4><\/div>\n\n\n\n<p>Entre le dimanche 7 avril 2024 et le samedi 29 mars 2025 inclus<\/p>\n\n\n\n<h4 class=\"wp-block-heading\"><strong>Date limite de r\u00e9ception des certificats de production<\/strong><\/h4>\n\n\n\n<p>Le vendredi 28 mars 2025 \u00e0 18h<\/p>\n\n\n\n<h4 class=\"wp-block-heading\"><strong>R\u00e9unions d&rsquo;\u00e9ligibilit\u00e9\u00a0(avec le Conseil d&rsquo;Administration des Troph\u00e9es de la Com\u00e9die Musicale)<\/strong><\/h4>\n\n\n\n<p>Le samedi 23 novembre 2024, le samedi 25 janvier et le samedi 29 mars 2025<\/p>\n\n\n\n<h4 class=\"wp-block-heading\"><strong>Publication de la liste finale des spectacles et artistes \u00e9ligibles<\/strong><\/h4>\n\n\n\n<p>Le lundi 31 mars 2025<\/p>\n\n\n\n<h4 class=\"wp-block-heading\"><strong>Votes des nominations<\/strong><\/h4>\n\n\n\n<p>Du samedi 5 au vendredi 11 avril 2025 inclus<\/p>\n\n\n\n<h4 class=\"wp-block-heading\"><strong>R\u00e9union\u00a0des nominations (avec\u00a0le Conseil d&rsquo;Administration des Troph\u00e9es de la Com\u00e9die Musicale)<\/strong><\/h4>\n\n\n\n<p>Le dimanche 13 avril 2025<\/p>\n\n\n\n<h4 class=\"wp-block-heading\"><strong>Annonce\u00a0des nominations<\/strong><\/h4>\n\n\n\n<p>Le samedi 19 avril 2025<\/p>\n\n\n\n<h4 class=\"wp-block-heading\"><strong>Vote scrutin g\u00e9n\u00e9ral et vote du public<\/strong><\/h4>\n\n\n\n<p>Du mardi 22 avril au vendredi 2 mai 2025 \u00e0 12h00<\/p>\n\n\n\n<h4 class=\"wp-block-heading\"><strong>C\u00e9r\u00e9monie des Troph\u00e9es de la Com\u00e9die Musicale et annonce des laur\u00e9ats &#8211; 7e \u00e9dition<\/strong><\/h4>\n\n\n\n<p>Le 23 juin 2025 au Th\u00e9\u00e2tre Mogador<\/p>\n","protected":false},"excerpt":{"rendered":"<p>Dates\u00a0d&rsquo;\u00e9ligibilit\u00e9\u00a0des spectacles Entre le dimanche 7 avril 2024 et le samedi 29 mars 2025 inclus Date limite de r\u00e9ception des certificats de production Le vendredi 28 mars 2025 \u00e0 18h R\u00e9unions d&rsquo;\u00e9ligibilit\u00e9\u00a0(avec le Conseil d&rsquo;Administration des Troph\u00e9es de la Com\u00e9die Musicale) Le samedi 23 novembre 2024, le samedi 25 janvier et le samedi 29 mars [&hellip;]<\/p>\n","protected":false},"author":8,"featured_media":0,"parent":0,"menu_order":0,"comment_status":"closed","ping_status":"closed","template":"","meta":{"jetpack_post_was_ever_published":false,"footnotes":""},"class_list":["post-6261","page","type-page","status-publish","hentry"],"blocksy_meta":[],"yoast_head":"<!-- This site is optimized with the Yoast SEO plugin v27.5 - https:\/\/yoast.com\/product\/yoast-seo-wordpress\/ -->\n<title>Le Calendrier 2025 - Les Troph\u00e9es de la Com\u00e9die Musicale<\/title>\n<meta name=\"robots\" content=\"index, follow, max-snippet:-1, max-image-preview:large, max-video-preview:-1\" \/>\n<link rel=\"canonical\" href=\"https:\/\/www.tropheesdelacomediemusicale.fr\/fr\/le-calendrier-2025\/\" \/>\n<meta property=\"og:locale\" content=\"fr_FR\" \/>\n<meta property=\"og:type\" content=\"article\" \/>\n<meta property=\"og:title\" content=\"Le Calendrier 2025 - Les Troph\u00e9es de la Com\u00e9die Musicale\" \/>\n<meta property=\"og:description\" content=\"Dates\u00a0d&rsquo;\u00e9ligibilit\u00e9\u00a0des spectacles Entre le dimanche 7 avril 2024 et le samedi 29 mars 2025 inclus Date limite de r\u00e9ception des certificats de production Le vendredi 28 mars 2025 \u00e0 18h R\u00e9unions d&rsquo;\u00e9ligibilit\u00e9\u00a0(avec le Conseil d&rsquo;Administration des Troph\u00e9es de la Com\u00e9die Musicale) Le samedi 23 novembre 2024, le samedi 25 janvier et le samedi 29 mars [&hellip;]\" \/>\n<meta property=\"og:url\" content=\"https:\/\/www.tropheesdelacomediemusicale.fr\/fr\/le-calendrier-2025\/\" \/>\n<meta property=\"og:site_name\" content=\"Les Troph\u00e9es de la Com\u00e9die Musicale\" \/>\n<meta property=\"article:publisher\" content=\"https:\/\/www.facebook.com\/lestropheesdelacomediemusicale\" \/>\n<meta property=\"article:modified_time\" content=\"2025-12-19T10:22:02+00:00\" \/>\n<meta property=\"og:image\" content=\"https:\/\/i0.wp.com\/www.tropheesdelacomediemusicale.fr\/fr\/wp-content\/uploads\/2017\/05\/Icone.jpg?fit=1000%2C1000&ssl=1\" \/>\n\t<meta property=\"og:image:width\" content=\"1000\" \/>\n\t<meta property=\"og:image:height\" content=\"1000\" \/>\n\t<meta property=\"og:image:type\" content=\"image\/jpeg\" \/>\n<meta name=\"twitter:card\" content=\"summary_large_image\" \/>\n<meta name=\"twitter:label1\" content=\"Dur\u00e9e de lecture estim\u00e9e\" \/>\n\t<meta name=\"twitter:data1\" content=\"1 minute\" \/>\n<script type=\"application\/ld+json\" class=\"yoast-schema-graph\">{\"@context\":\"https:\\\/\\\/schema.org\",\"@graph\":[{\"@type\":\"WebPage\",\"@id\":\"https:\\\/\\\/www.tropheesdelacomediemusicale.fr\\\/fr\\\/le-calendrier-2025\\\/\",\"url\":\"https:\\\/\\\/www.tropheesdelacomediemusicale.fr\\\/fr\\\/le-calendrier-2025\\\/\",\"name\":\"Le Calendrier 2025 - Les Troph\u00e9es de la Com\u00e9die Musicale\",\"isPartOf\":{\"@id\":\"https:\\\/\\\/www.tropheesdelacomediemusicale.fr\\\/fr\\\/#website\"},\"datePublished\":\"2024-10-20T18:52:22+00:00\",\"dateModified\":\"2025-12-19T10:22:02+00:00\",\"breadcrumb\":{\"@id\":\"https:\\\/\\\/www.tropheesdelacomediemusicale.fr\\\/fr\\\/le-calendrier-2025\\\/#breadcrumb\"},\"inLanguage\":\"fr-FR\",\"potentialAction\":[{\"@type\":\"ReadAction\",\"target\":[\"https:\\\/\\\/www.tropheesdelacomediemusicale.fr\\\/fr\\\/le-calendrier-2025\\\/\"]}]},{\"@type\":\"BreadcrumbList\",\"@id\":\"https:\\\/\\\/www.tropheesdelacomediemusicale.fr\\\/fr\\\/le-calendrier-2025\\\/#breadcrumb\",\"itemListElement\":[{\"@type\":\"ListItem\",\"position\":1,\"name\":\"Accueil\",\"item\":\"https:\\\/\\\/www.tropheesdelacomediemusicale.fr\\\/fr\\\/\"},{\"@type\":\"ListItem\",\"position\":2,\"name\":\"Le Calendrier 2025\"}]},{\"@type\":\"WebSite\",\"@id\":\"https:\\\/\\\/www.tropheesdelacomediemusicale.fr\\\/fr\\\/#website\",\"url\":\"https:\\\/\\\/www.tropheesdelacomediemusicale.fr\\\/fr\\\/\",\"name\":\"Les Troph\u00e9es de la Com\u00e9die Musicale\",\"description\":\"Les Troph\u00e9es de la Com\u00e9die Musicale\",\"publisher\":{\"@id\":\"https:\\\/\\\/www.tropheesdelacomediemusicale.fr\\\/fr\\\/#organization\"},\"potentialAction\":[{\"@type\":\"SearchAction\",\"target\":{\"@type\":\"EntryPoint\",\"urlTemplate\":\"https:\\\/\\\/www.tropheesdelacomediemusicale.fr\\\/fr\\\/?s={search_term_string}\"},\"query-input\":{\"@type\":\"PropertyValueSpecification\",\"valueRequired\":true,\"valueName\":\"search_term_string\"}}],\"inLanguage\":\"fr-FR\"},{\"@type\":\"Organization\",\"@id\":\"https:\\\/\\\/www.tropheesdelacomediemusicale.fr\\\/fr\\\/#organization\",\"name\":\"Les Troph\u00e9es de la Com\u00e9die Musicale\",\"url\":\"https:\\\/\\\/www.tropheesdelacomediemusicale.fr\\\/fr\\\/\",\"logo\":{\"@type\":\"ImageObject\",\"inLanguage\":\"fr-FR\",\"@id\":\"https:\\\/\\\/www.tropheesdelacomediemusicale.fr\\\/fr\\\/#\\\/schema\\\/logo\\\/image\\\/\",\"url\":\"https:\\\/\\\/i0.wp.com\\\/www.tropheesdelacomediemusicale.fr\\\/fr\\\/wp-content\\\/uploads\\\/2017\\\/05\\\/Icone.jpg?fit=1000%2C1000&ssl=1\",\"contentUrl\":\"https:\\\/\\\/i0.wp.com\\\/www.tropheesdelacomediemusicale.fr\\\/fr\\\/wp-content\\\/uploads\\\/2017\\\/05\\\/Icone.jpg?fit=1000%2C1000&ssl=1\",\"width\":1000,\"height\":1000,\"caption\":\"Les Troph\u00e9es de la Com\u00e9die Musicale\"},\"image\":{\"@id\":\"https:\\\/\\\/www.tropheesdelacomediemusicale.fr\\\/fr\\\/#\\\/schema\\\/logo\\\/image\\\/\"},\"sameAs\":[\"https:\\\/\\\/www.facebook.com\\\/lestropheesdelacomediemusicale\"]}]}<\/script>\n<!-- \/ Yoast SEO plugin. -->","yoast_head_json":{"title":"Le Calendrier 2025 - Les Troph\u00e9es de la Com\u00e9die Musicale","robots":{"index":"index","follow":"follow","max-snippet":"max-snippet:-1","max-image-preview":"max-image-preview:large","max-video-preview":"max-video-preview:-1"},"canonical":"https:\/\/www.tropheesdelacomediemusicale.fr\/fr\/le-calendrier-2025\/","og_locale":"fr_FR","og_type":"article","og_title":"Le Calendrier 2025 - Les Troph\u00e9es de la Com\u00e9die Musicale","og_description":"Dates\u00a0d&rsquo;\u00e9ligibilit\u00e9\u00a0des spectacles Entre le dimanche 7 avril 2024 et le samedi 29 mars 2025 inclus Date limite de r\u00e9ception des certificats de production Le vendredi 28 mars 2025 \u00e0 18h R\u00e9unions d&rsquo;\u00e9ligibilit\u00e9\u00a0(avec le Conseil d&rsquo;Administration des Troph\u00e9es de la Com\u00e9die Musicale) Le samedi 23 novembre 2024, le samedi 25 janvier et le samedi 29 mars [&hellip;]","og_url":"https:\/\/www.tropheesdelacomediemusicale.fr\/fr\/le-calendrier-2025\/","og_site_name":"Les Troph\u00e9es de la Com\u00e9die Musicale","article_publisher":"https:\/\/www.facebook.com\/lestropheesdelacomediemusicale","article_modified_time":"2025-12-19T10:22:02+00:00","og_image":[{"width":1000,"height":1000,"url":"https:\/\/i0.wp.com\/www.tropheesdelacomediemusicale.fr\/fr\/wp-content\/uploads\/2017\/05\/Icone.jpg?fit=1000%2C1000&ssl=1","type":"image\/jpeg"}],"twitter_card":"summary_large_image","twitter_misc":{"Dur\u00e9e de lecture estim\u00e9e":"1 minute"},"schema":{"@context":"https:\/\/schema.org","@graph":[{"@type":"WebPage","@id":"https:\/\/www.tropheesdelacomediemusicale.fr\/fr\/le-calendrier-2025\/","url":"https:\/\/www.tropheesdelacomediemusicale.fr\/fr\/le-calendrier-2025\/","name":"Le Calendrier 2025 - Les Troph\u00e9es de la Com\u00e9die Musicale","isPartOf":{"@id":"https:\/\/www.tropheesdelacomediemusicale.fr\/fr\/#website"},"datePublished":"2024-10-20T18:52:22+00:00","dateModified":"2025-12-19T10:22:02+00:00","breadcrumb":{"@id":"https:\/\/www.tropheesdelacomediemusicale.fr\/fr\/le-calendrier-2025\/#breadcrumb"},"inLanguage":"fr-FR","potentialAction":[{"@type":"ReadAction","target":["https:\/\/www.tropheesdelacomediemusicale.fr\/fr\/le-calendrier-2025\/"]}]},{"@type":"BreadcrumbList","@id":"https:\/\/www.tropheesdelacomediemusicale.fr\/fr\/le-calendrier-2025\/#breadcrumb","itemListElement":[{"@type":"ListItem","position":1,"name":"Accueil","item":"https:\/\/www.tropheesdelacomediemusicale.fr\/fr\/"},{"@type":"ListItem","position":2,"name":"Le Calendrier 2025"}]},{"@type":"WebSite","@id":"https:\/\/www.tropheesdelacomediemusicale.fr\/fr\/#website","url":"https:\/\/www.tropheesdelacomediemusicale.fr\/fr\/","name":"Les Troph\u00e9es de la Com\u00e9die Musicale","description":"Les Troph\u00e9es de la Com\u00e9die Musicale","publisher":{"@id":"https:\/\/www.tropheesdelacomediemusicale.fr\/fr\/#organization"},"potentialAction":[{"@type":"SearchAction","target":{"@type":"EntryPoint","urlTemplate":"https:\/\/www.tropheesdelacomediemusicale.fr\/fr\/?s={search_term_string}"},"query-input":{"@type":"PropertyValueSpecification","valueRequired":true,"valueName":"search_term_string"}}],"inLanguage":"fr-FR"},{"@type":"Organization","@id":"https:\/\/www.tropheesdelacomediemusicale.fr\/fr\/#organization","name":"Les Troph\u00e9es de la Com\u00e9die Musicale","url":"https:\/\/www.tropheesdelacomediemusicale.fr\/fr\/","logo":{"@type":"ImageObject","inLanguage":"fr-FR","@id":"https:\/\/www.tropheesdelacomediemusicale.fr\/fr\/#\/schema\/logo\/image\/","url":"https:\/\/i0.wp.com\/www.tropheesdelacomediemusicale.fr\/fr\/wp-content\/uploads\/2017\/05\/Icone.jpg?fit=1000%2C1000&ssl=1","contentUrl":"https:\/\/i0.wp.com\/www.tropheesdelacomediemusicale.fr\/fr\/wp-content\/uploads\/2017\/05\/Icone.jpg?fit=1000%2C1000&ssl=1","width":1000,"height":1000,"caption":"Les Troph\u00e9es de la Com\u00e9die Musicale"},"image":{"@id":"https:\/\/www.tropheesdelacomediemusicale.fr\/fr\/#\/schema\/logo\/image\/"},"sameAs":["https:\/\/www.facebook.com\/lestropheesdelacomediemusicale"]}]}},"jetpack_sharing_enabled":true,"jetpack_shortlink":"https:\/\/wp.me\/P8KT3A-1CZ","_links":{"self":[{"href":"https:\/\/www.tropheesdelacomediemusicale.fr\/fr\/wp-json\/wp\/v2\/pages\/6261","targetHints":{"allow":["GET"]}}],"collection":[{"href":"https:\/\/www.tropheesdelacomediemusicale.fr\/fr\/wp-json\/wp\/v2\/pages"}],"about":[{"href":"https:\/\/www.tropheesdelacomediemusicale.fr\/fr\/wp-json\/wp\/v2\/types\/page"}],"author":[{"embeddable":true,"href":"https:\/\/www.tropheesdelacomediemusicale.fr\/fr\/wp-json\/wp\/v2\/users\/8"}],"replies":[{"embeddable":true,"href":"https:\/\/www.tropheesdelacomediemusicale.fr\/fr\/wp-json\/wp\/v2\/comments?post=6261"}],"version-history":[{"count":6,"href":"https:\/\/www.tropheesdelacomediemusicale.fr\/fr\/wp-json\/wp\/v2\/pages\/6261\/revisions"}],"predecessor-version":[{"id":7187,"href":"https:\/\/www.tropheesdelacomediemusicale.fr\/fr\/wp-json\/wp\/v2\/pages\/6261\/revisions\/7187"}],"wp:attachment":[{"href":"https:\/\/www.tropheesdelacomediemusicale.fr\/fr\/wp-json\/wp\/v2\/media?parent=6261"}],"curies":[{"name":"wp","href":"https:\/\/api.w.org\/{rel}","templated":true}]}}