{"id":4808,"date":"2022-11-23T22:15:53","date_gmt":"2022-11-23T21:15:53","guid":{"rendered":"https:\/\/www.tropheesdelacomediemusicale.fr\/fr\/?page_id=4808"},"modified":"2025-12-19T11:44:29","modified_gmt":"2025-12-19T10:44:29","slug":"nos-medias","status":"publish","type":"page","link":"https:\/\/www.tropheesdelacomediemusicale.fr\/fr\/nos-medias\/","title":{"rendered":"Nos m\u00e9dias"},"content":{"rendered":"\n<div class=\"wp-block-stackable-columns alignwide stk-block-columns stk-block stk-a02765a\" data-block-id=\"a02765a\"><div class=\"stk-row stk-inner-blocks stk-block-content stk-content-align stk-a02765a-column alignwide\">\n<div class=\"wp-block-stackable-column stk-block-column stk-column stk-block stk-e03dc63\" data-v=\"4\" data-block-id=\"e03dc63\"><div class=\"stk-column-wrapper stk-block-column__content stk-container stk-e03dc63-container stk--no-background stk--no-padding\"><div class=\"stk-block-content stk-inner-blocks stk-e03dc63-inner-blocks\">\n<figure class=\"wp-block-image aligncenter size-large is-resized is-style-default\"><img data-recalc-dims=\"1\" loading=\"lazy\" decoding=\"async\" width=\"720\" height=\"1024\" data-attachment-id=\"6646\" data-permalink=\"https:\/\/www.tropheesdelacomediemusicale.fr\/fr\/charte-des-valeurs-2026\/capture-decran-2025-10-14-a-22-07-17\/\" data-orig-file=\"https:\/\/i0.wp.com\/www.tropheesdelacomediemusicale.fr\/fr\/wp-content\/uploads\/2025\/10\/Capture-decran-2025-10-14-a-22.07.17.png?fit=830%2C1180&amp;ssl=1\" data-orig-size=\"830,1180\" data-comments-opened=\"1\" data-image-meta=\"{&quot;aperture&quot;:&quot;0&quot;,&quot;credit&quot;:&quot;&quot;,&quot;camera&quot;:&quot;&quot;,&quot;caption&quot;:&quot;&quot;,&quot;created_timestamp&quot;:&quot;0&quot;,&quot;copyright&quot;:&quot;&quot;,&quot;focal_length&quot;:&quot;0&quot;,&quot;iso&quot;:&quot;0&quot;,&quot;shutter_speed&quot;:&quot;0&quot;,&quot;title&quot;:&quot;&quot;,&quot;orientation&quot;:&quot;0&quot;}\" data-image-title=\"Capture-decran-2025-10-14-a-22.07.17\" data-image-description=\"\" data-image-caption=\"\" data-large-file=\"https:\/\/i0.wp.com\/www.tropheesdelacomediemusicale.fr\/fr\/wp-content\/uploads\/2025\/10\/Capture-decran-2025-10-14-a-22.07.17.png?fit=720%2C1024&amp;ssl=1\" src=\"https:\/\/i0.wp.com\/www.tropheesdelacomediemusicale.fr\/fr\/wp-content\/uploads\/2025\/10\/Capture-decran-2025-10-14-a-22.07.17.png?resize=720%2C1024&#038;ssl=1\" alt=\"\" class=\"wp-image-6646\" style=\"aspect-ratio:1;object-fit:cover;width:482px;height:auto\" srcset=\"https:\/\/i0.wp.com\/www.tropheesdelacomediemusicale.fr\/fr\/wp-content\/uploads\/2025\/10\/Capture-decran-2025-10-14-a-22.07.17.png?resize=720%2C1024&amp;ssl=1 720w, https:\/\/i0.wp.com\/www.tropheesdelacomediemusicale.fr\/fr\/wp-content\/uploads\/2025\/10\/Capture-decran-2025-10-14-a-22.07.17.png?resize=211%2C300&amp;ssl=1 211w, https:\/\/i0.wp.com\/www.tropheesdelacomediemusicale.fr\/fr\/wp-content\/uploads\/2025\/10\/Capture-decran-2025-10-14-a-22.07.17.png?resize=768%2C1092&amp;ssl=1 768w, https:\/\/i0.wp.com\/www.tropheesdelacomediemusicale.fr\/fr\/wp-content\/uploads\/2025\/10\/Capture-decran-2025-10-14-a-22.07.17.png?resize=700%2C995&amp;ssl=1 700w, https:\/\/i0.wp.com\/www.tropheesdelacomediemusicale.fr\/fr\/wp-content\/uploads\/2025\/10\/Capture-decran-2025-10-14-a-22.07.17.png?resize=281%2C400&amp;ssl=1 281w, https:\/\/i0.wp.com\/www.tropheesdelacomediemusicale.fr\/fr\/wp-content\/uploads\/2025\/10\/Capture-decran-2025-10-14-a-22.07.17.png?w=830&amp;ssl=1 830w\" sizes=\"auto, (max-width: 720px) 100vw, 720px\" \/><\/figure>\n\n\n\n<div style=\"height:20px\" aria-hidden=\"true\" class=\"wp-block-spacer\"><\/div>\n\n\n\n<p class=\"has-text-align-center\"><a href=\"https:\/\/www.tropheesdelacomediemusicale.fr\/fr\/wp-content\/uploads\/2022\/11\/Logos-Troph\u00e9es-CM.zip\">T\u00e9l\u00e9charger tous les logos officiels<\/a> des Troph\u00e9es de la Com\u00e9die Musicale<\/p>\n<\/div><\/div><\/div>\n<\/div><\/div>\n","protected":false},"excerpt":{"rendered":"<p>T\u00e9l\u00e9charger tous les logos officiels des Troph\u00e9es de la Com\u00e9die Musicale<\/p>\n","protected":false},"author":2,"featured_media":0,"parent":0,"menu_order":0,"comment_status":"closed","ping_status":"closed","template":"","meta":{"jetpack_post_was_ever_published":false,"footnotes":""},"class_list":["post-4808","page","type-page","status-publish","hentry"],"blocksy_meta":[],"yoast_head":"<!-- This site is optimized with the Yoast SEO plugin v27.5 - https:\/\/yoast.com\/product\/yoast-seo-wordpress\/ -->\n<title>Nos m\u00e9dias - Les Troph\u00e9es de la Com\u00e9die Musicale<\/title>\n<meta name=\"description\" content=\"Lien vers tous nos m\u00e9dias\" \/>\n<meta name=\"robots\" content=\"index, follow, max-snippet:-1, max-image-preview:large, max-video-preview:-1\" \/>\n<link rel=\"canonical\" href=\"https:\/\/www.tropheesdelacomediemusicale.fr\/fr\/nos-medias\/\" \/>\n<meta property=\"og:locale\" content=\"fr_FR\" \/>\n<meta property=\"og:type\" content=\"article\" \/>\n<meta property=\"og:title\" content=\"Nos m\u00e9dias - Les Troph\u00e9es de la Com\u00e9die Musicale\" \/>\n<meta property=\"og:description\" content=\"Lien vers tous nos m\u00e9dias\" \/>\n<meta property=\"og:url\" content=\"https:\/\/www.tropheesdelacomediemusicale.fr\/fr\/nos-medias\/\" \/>\n<meta property=\"og:site_name\" content=\"Les Troph\u00e9es de la Com\u00e9die Musicale\" \/>\n<meta property=\"article:publisher\" content=\"https:\/\/www.facebook.com\/lestropheesdelacomediemusicale\" \/>\n<meta property=\"article:modified_time\" content=\"2025-12-19T10:44:29+00:00\" \/>\n<meta property=\"og:image\" content=\"https:\/\/www.tropheesdelacomediemusicale.fr\/fr\/wp-content\/uploads\/2025\/10\/Capture-decran-2025-10-14-a-22.07.17-720x1024.png\" \/>\n<meta name=\"twitter:card\" content=\"summary_large_image\" \/>\n<meta name=\"twitter:label1\" content=\"Dur\u00e9e de lecture estim\u00e9e\" \/>\n\t<meta name=\"twitter:data1\" content=\"1 minute\" \/>\n<script type=\"application\/ld+json\" class=\"yoast-schema-graph\">{\"@context\":\"https:\\\/\\\/schema.org\",\"@graph\":[{\"@type\":\"WebPage\",\"@id\":\"https:\\\/\\\/www.tropheesdelacomediemusicale.fr\\\/fr\\\/nos-medias\\\/\",\"url\":\"https:\\\/\\\/www.tropheesdelacomediemusicale.fr\\\/fr\\\/nos-medias\\\/\",\"name\":\"Nos m\u00e9dias - Les Troph\u00e9es de la Com\u00e9die Musicale\",\"isPartOf\":{\"@id\":\"https:\\\/\\\/www.tropheesdelacomediemusicale.fr\\\/fr\\\/#website\"},\"primaryImageOfPage\":{\"@id\":\"https:\\\/\\\/www.tropheesdelacomediemusicale.fr\\\/fr\\\/nos-medias\\\/#primaryimage\"},\"image\":{\"@id\":\"https:\\\/\\\/www.tropheesdelacomediemusicale.fr\\\/fr\\\/nos-medias\\\/#primaryimage\"},\"thumbnailUrl\":\"https:\\\/\\\/www.tropheesdelacomediemusicale.fr\\\/fr\\\/wp-content\\\/uploads\\\/2025\\\/10\\\/Capture-decran-2025-10-14-a-22.07.17-720x1024.png\",\"datePublished\":\"2022-11-23T21:15:53+00:00\",\"dateModified\":\"2025-12-19T10:44:29+00:00\",\"description\":\"Lien vers tous nos m\u00e9dias\",\"breadcrumb\":{\"@id\":\"https:\\\/\\\/www.tropheesdelacomediemusicale.fr\\\/fr\\\/nos-medias\\\/#breadcrumb\"},\"inLanguage\":\"fr-FR\",\"potentialAction\":[{\"@type\":\"ReadAction\",\"target\":[\"https:\\\/\\\/www.tropheesdelacomediemusicale.fr\\\/fr\\\/nos-medias\\\/\"]}]},{\"@type\":\"ImageObject\",\"inLanguage\":\"fr-FR\",\"@id\":\"https:\\\/\\\/www.tropheesdelacomediemusicale.fr\\\/fr\\\/nos-medias\\\/#primaryimage\",\"url\":\"https:\\\/\\\/i0.wp.com\\\/www.tropheesdelacomediemusicale.fr\\\/fr\\\/wp-content\\\/uploads\\\/2025\\\/10\\\/Capture-decran-2025-10-14-a-22.07.17.png?fit=830%2C1180&ssl=1\",\"contentUrl\":\"https:\\\/\\\/i0.wp.com\\\/www.tropheesdelacomediemusicale.fr\\\/fr\\\/wp-content\\\/uploads\\\/2025\\\/10\\\/Capture-decran-2025-10-14-a-22.07.17.png?fit=830%2C1180&ssl=1\",\"width\":830,\"height\":1180},{\"@type\":\"BreadcrumbList\",\"@id\":\"https:\\\/\\\/www.tropheesdelacomediemusicale.fr\\\/fr\\\/nos-medias\\\/#breadcrumb\",\"itemListElement\":[{\"@type\":\"ListItem\",\"position\":1,\"name\":\"Accueil\",\"item\":\"https:\\\/\\\/www.tropheesdelacomediemusicale.fr\\\/fr\\\/\"},{\"@type\":\"ListItem\",\"position\":2,\"name\":\"Nos m\u00e9dias\"}]},{\"@type\":\"WebSite\",\"@id\":\"https:\\\/\\\/www.tropheesdelacomediemusicale.fr\\\/fr\\\/#website\",\"url\":\"https:\\\/\\\/www.tropheesdelacomediemusicale.fr\\\/fr\\\/\",\"name\":\"Les Troph\u00e9es de la Com\u00e9die Musicale\",\"description\":\"Les Troph\u00e9es de la Com\u00e9die Musicale\",\"publisher\":{\"@id\":\"https:\\\/\\\/www.tropheesdelacomediemusicale.fr\\\/fr\\\/#organization\"},\"potentialAction\":[{\"@type\":\"SearchAction\",\"target\":{\"@type\":\"EntryPoint\",\"urlTemplate\":\"https:\\\/\\\/www.tropheesdelacomediemusicale.fr\\\/fr\\\/?s={search_term_string}\"},\"query-input\":{\"@type\":\"PropertyValueSpecification\",\"valueRequired\":true,\"valueName\":\"search_term_string\"}}],\"inLanguage\":\"fr-FR\"},{\"@type\":\"Organization\",\"@id\":\"https:\\\/\\\/www.tropheesdelacomediemusicale.fr\\\/fr\\\/#organization\",\"name\":\"Les Troph\u00e9es de la Com\u00e9die Musicale\",\"url\":\"https:\\\/\\\/www.tropheesdelacomediemusicale.fr\\\/fr\\\/\",\"logo\":{\"@type\":\"ImageObject\",\"inLanguage\":\"fr-FR\",\"@id\":\"https:\\\/\\\/www.tropheesdelacomediemusicale.fr\\\/fr\\\/#\\\/schema\\\/logo\\\/image\\\/\",\"url\":\"https:\\\/\\\/i0.wp.com\\\/www.tropheesdelacomediemusicale.fr\\\/fr\\\/wp-content\\\/uploads\\\/2017\\\/05\\\/Icone.jpg?fit=1000%2C1000&ssl=1\",\"contentUrl\":\"https:\\\/\\\/i0.wp.com\\\/www.tropheesdelacomediemusicale.fr\\\/fr\\\/wp-content\\\/uploads\\\/2017\\\/05\\\/Icone.jpg?fit=1000%2C1000&ssl=1\",\"width\":1000,\"height\":1000,\"caption\":\"Les Troph\u00e9es de la Com\u00e9die Musicale\"},\"image\":{\"@id\":\"https:\\\/\\\/www.tropheesdelacomediemusicale.fr\\\/fr\\\/#\\\/schema\\\/logo\\\/image\\\/\"},\"sameAs\":[\"https:\\\/\\\/www.facebook.com\\\/lestropheesdelacomediemusicale\"]}]}<\/script>\n<!-- \/ Yoast SEO plugin. -->","yoast_head_json":{"title":"Nos m\u00e9dias - Les Troph\u00e9es de la Com\u00e9die Musicale","description":"Lien vers tous nos m\u00e9dias","robots":{"index":"index","follow":"follow","max-snippet":"max-snippet:-1","max-image-preview":"max-image-preview:large","max-video-preview":"max-video-preview:-1"},"canonical":"https:\/\/www.tropheesdelacomediemusicale.fr\/fr\/nos-medias\/","og_locale":"fr_FR","og_type":"article","og_title":"Nos m\u00e9dias - Les Troph\u00e9es de la Com\u00e9die Musicale","og_description":"Lien vers tous nos m\u00e9dias","og_url":"https:\/\/www.tropheesdelacomediemusicale.fr\/fr\/nos-medias\/","og_site_name":"Les Troph\u00e9es de la Com\u00e9die Musicale","article_publisher":"https:\/\/www.facebook.com\/lestropheesdelacomediemusicale","article_modified_time":"2025-12-19T10:44:29+00:00","og_image":[{"url":"https:\/\/www.tropheesdelacomediemusicale.fr\/fr\/wp-content\/uploads\/2025\/10\/Capture-decran-2025-10-14-a-22.07.17-720x1024.png","type":"","width":"","height":""}],"twitter_card":"summary_large_image","twitter_misc":{"Dur\u00e9e de lecture estim\u00e9e":"1 minute"},"schema":{"@context":"https:\/\/schema.org","@graph":[{"@type":"WebPage","@id":"https:\/\/www.tropheesdelacomediemusicale.fr\/fr\/nos-medias\/","url":"https:\/\/www.tropheesdelacomediemusicale.fr\/fr\/nos-medias\/","name":"Nos m\u00e9dias - Les Troph\u00e9es de la Com\u00e9die Musicale","isPartOf":{"@id":"https:\/\/www.tropheesdelacomediemusicale.fr\/fr\/#website"},"primaryImageOfPage":{"@id":"https:\/\/www.tropheesdelacomediemusicale.fr\/fr\/nos-medias\/#primaryimage"},"image":{"@id":"https:\/\/www.tropheesdelacomediemusicale.fr\/fr\/nos-medias\/#primaryimage"},"thumbnailUrl":"https:\/\/www.tropheesdelacomediemusicale.fr\/fr\/wp-content\/uploads\/2025\/10\/Capture-decran-2025-10-14-a-22.07.17-720x1024.png","datePublished":"2022-11-23T21:15:53+00:00","dateModified":"2025-12-19T10:44:29+00:00","description":"Lien vers tous nos m\u00e9dias","breadcrumb":{"@id":"https:\/\/www.tropheesdelacomediemusicale.fr\/fr\/nos-medias\/#breadcrumb"},"inLanguage":"fr-FR","potentialAction":[{"@type":"ReadAction","target":["https:\/\/www.tropheesdelacomediemusicale.fr\/fr\/nos-medias\/"]}]},{"@type":"ImageObject","inLanguage":"fr-FR","@id":"https:\/\/www.tropheesdelacomediemusicale.fr\/fr\/nos-medias\/#primaryimage","url":"https:\/\/i0.wp.com\/www.tropheesdelacomediemusicale.fr\/fr\/wp-content\/uploads\/2025\/10\/Capture-decran-2025-10-14-a-22.07.17.png?fit=830%2C1180&ssl=1","contentUrl":"https:\/\/i0.wp.com\/www.tropheesdelacomediemusicale.fr\/fr\/wp-content\/uploads\/2025\/10\/Capture-decran-2025-10-14-a-22.07.17.png?fit=830%2C1180&ssl=1","width":830,"height":1180},{"@type":"BreadcrumbList","@id":"https:\/\/www.tropheesdelacomediemusicale.fr\/fr\/nos-medias\/#breadcrumb","itemListElement":[{"@type":"ListItem","position":1,"name":"Accueil","item":"https:\/\/www.tropheesdelacomediemusicale.fr\/fr\/"},{"@type":"ListItem","position":2,"name":"Nos m\u00e9dias"}]},{"@type":"WebSite","@id":"https:\/\/www.tropheesdelacomediemusicale.fr\/fr\/#website","url":"https:\/\/www.tropheesdelacomediemusicale.fr\/fr\/","name":"Les Troph\u00e9es de la Com\u00e9die Musicale","description":"Les Troph\u00e9es de la Com\u00e9die Musicale","publisher":{"@id":"https:\/\/www.tropheesdelacomediemusicale.fr\/fr\/#organization"},"potentialAction":[{"@type":"SearchAction","target":{"@type":"EntryPoint","urlTemplate":"https:\/\/www.tropheesdelacomediemusicale.fr\/fr\/?s={search_term_string}"},"query-input":{"@type":"PropertyValueSpecification","valueRequired":true,"valueName":"search_term_string"}}],"inLanguage":"fr-FR"},{"@type":"Organization","@id":"https:\/\/www.tropheesdelacomediemusicale.fr\/fr\/#organization","name":"Les Troph\u00e9es de la Com\u00e9die Musicale","url":"https:\/\/www.tropheesdelacomediemusicale.fr\/fr\/","logo":{"@type":"ImageObject","inLanguage":"fr-FR","@id":"https:\/\/www.tropheesdelacomediemusicale.fr\/fr\/#\/schema\/logo\/image\/","url":"https:\/\/i0.wp.com\/www.tropheesdelacomediemusicale.fr\/fr\/wp-content\/uploads\/2017\/05\/Icone.jpg?fit=1000%2C1000&ssl=1","contentUrl":"https:\/\/i0.wp.com\/www.tropheesdelacomediemusicale.fr\/fr\/wp-content\/uploads\/2017\/05\/Icone.jpg?fit=1000%2C1000&ssl=1","width":1000,"height":1000,"caption":"Les Troph\u00e9es de la Com\u00e9die Musicale"},"image":{"@id":"https:\/\/www.tropheesdelacomediemusicale.fr\/fr\/#\/schema\/logo\/image\/"},"sameAs":["https:\/\/www.facebook.com\/lestropheesdelacomediemusicale"]}]}},"jetpack_sharing_enabled":true,"jetpack_shortlink":"https:\/\/wp.me\/P8KT3A-1fy","_links":{"self":[{"href":"https:\/\/www.tropheesdelacomediemusicale.fr\/fr\/wp-json\/wp\/v2\/pages\/4808","targetHints":{"allow":["GET"]}}],"collection":[{"href":"https:\/\/www.tropheesdelacomediemusicale.fr\/fr\/wp-json\/wp\/v2\/pages"}],"about":[{"href":"https:\/\/www.tropheesdelacomediemusicale.fr\/fr\/wp-json\/wp\/v2\/types\/page"}],"author":[{"embeddable":true,"href":"https:\/\/www.tropheesdelacomediemusicale.fr\/fr\/wp-json\/wp\/v2\/users\/2"}],"replies":[{"embeddable":true,"href":"https:\/\/www.tropheesdelacomediemusicale.fr\/fr\/wp-json\/wp\/v2\/comments?post=4808"}],"version-history":[{"count":5,"href":"https:\/\/www.tropheesdelacomediemusicale.fr\/fr\/wp-json\/wp\/v2\/pages\/4808\/revisions"}],"predecessor-version":[{"id":6762,"href":"https:\/\/www.tropheesdelacomediemusicale.fr\/fr\/wp-json\/wp\/v2\/pages\/4808\/revisions\/6762"}],"wp:attachment":[{"href":"https:\/\/www.tropheesdelacomediemusicale.fr\/fr\/wp-json\/wp\/v2\/media?parent=4808"}],"curies":[{"name":"wp","href":"https:\/\/api.w.org\/{rel}","templated":true}]}}