{"id":2044,"date":"2019-02-08T14:52:41","date_gmt":"2019-02-08T13:52:41","guid":{"rendered":"http:\/\/www.tropheesdelacomediemusicale.fr\/fr\/?page_id=2044"},"modified":"2026-01-08T18:30:01","modified_gmt":"2026-01-08T17:30:01","slug":"les-laureats-2018","status":"publish","type":"page","link":"https:\/\/www.tropheesdelacomediemusicale.fr\/fr\/les-laureats-2018\/","title":{"rendered":"Les Laur\u00e9ats 2018"},"content":{"rendered":"\n<div class=\"wp-block-stackable-heading stk-block-heading stk-block-heading--v2 stk-block stk-3b87790\" id=\"strong-span-style-color-0-f-0-e-17-class-stk-highlight-les-laureats-2018-span-strong\" data-block-id=\"3b87790\"><style>.stk-3b87790 {margin-bottom:66px !important;}.stk-3b87790 .stk-block-heading__text{text-transform:uppercase !important;}<\/style><h1 class=\"stk-block-heading__text has-text-align-center\"><strong><span style=\"color: #0f0e17;\" class=\"stk-highlight\">Les Laur\u00e9ats 2018<\/span><\/strong><\/h1><\/div>\n\n\n\n<div class=\"wp-block-group is-content-justification-center is-layout-constrained wp-block-group-is-layout-constrained\">\n<h4 class=\"wp-block-heading has-text-align-center\">Troph\u00e9e de la Com\u00e9die Musicale<\/h4>\n\n\n\n<p class=\"has-text-align-center\"><em>Com\u00e9diens !<\/em><\/p>\n\n\n\n<h4 class=\"wp-block-heading has-text-align-center\">Troph\u00e9e de la Revue ou Spectacle Musical<\/h4>\n\n\n\n<p class=\"has-text-align-center\"><em>B\u00f4 \u2013 Le voyage musical<\/em><\/p>\n\n\n\n<h4 class=\"wp-block-heading has-text-align-center\">Troph\u00e9e de la Reprise de Com\u00e9die Musicale<\/h4>\n\n\n\n<p class=\"has-text-align-center\"><em>Hairspray \u2013 The Broadway Musical<\/em><\/p>\n\n\n\n<h4 class=\"wp-block-heading has-text-align-center\">Troph\u00e9e de la Com\u00e9die Musicale Jeune Public<\/h4>\n\n\n\n<p class=\"has-text-align-center\"><em>Les Aventures de Tom Sawyer \u2013 Le musical<\/em><\/p>\n\n\n\n<h4 class=\"wp-block-heading has-text-align-center\">Troph\u00e9e du Public<\/h4>\n\n\n\n<p class=\"has-text-align-center\"><em>Les Aventures de Tom Sawyer \u2013 Le musical<\/em><\/p>\n\n\n\n<h4 class=\"wp-block-heading has-text-align-center\">Troph\u00e9e d&rsquo;Honneur<\/h4>\n\n\n\n<p class=\"has-text-align-center\">Michel Legrand<\/p>\n\n\n\n<h4 class=\"wp-block-heading has-text-align-center\">Troph\u00e9e de l&rsquo;Artiste Interpr\u00e8te F\u00e9minine <em>(ex-\u00e6quo)<\/em><\/h4>\n\n\n\n<p class=\"has-text-align-center\">Delphine Grandsart \u2022 <em>Louise Weber dite la Goulue<\/em><\/p>\n\n\n\n<p class=\"has-text-align-center\">Alyz\u00e9e Lalande \u2022 <em>Grease \u2013&nbsp;Le musical<\/em><\/p>\n\n\n\n<h4 class=\"wp-block-heading has-text-align-center\">Troph\u00e9e de l&rsquo;Artiste Interpr\u00e8te Masculin<\/h4>\n\n\n\n<p class=\"has-text-align-center\">Fabian Richard \u2022 <em>Com\u00e9diens !<\/em><\/p>\n\n\n\n<h4 class=\"wp-block-heading has-text-align-center\">Troph\u00e9e du Second R\u00f4le F\u00e9minin<\/h4>\n\n\n\n<p class=\"has-text-align-center\">Emmanuelle N&rsquo;zuzi \u2022 <em>Grease \u2013&nbsp;Le musical<\/em><\/p>\n\n\n\n<h4 class=\"wp-block-heading has-text-align-center\">Troph\u00e9e du Second R\u00f4le Masculin<\/h4>\n\n\n\n<p class=\"has-text-align-center\">Alexandre Faitrouni \u2022 <em>Grease \u2013&nbsp;Le musical<\/em><\/p>\n\n\n\n<h4 class=\"wp-block-heading has-text-align-center\">Troph\u00e9e de l&rsquo;Artiste R\u00e9v\u00e9lation F\u00e9minine<\/h4>\n\n\n\n<p class=\"has-text-align-center\">Marion Pr\u00e9\u00eft\u00e9 \u2022 <em>Com\u00e9diens !<\/em><\/p>\n\n\n\n<h4 class=\"wp-block-heading has-text-align-center\">Troph\u00e9e de l&rsquo;Artiste R\u00e9v\u00e9lation Masculine<\/h4>\n\n\n\n<p class=\"has-text-align-center\">Yanis Si Ah \u2022 <em>Grease \u2013&nbsp;Le musical<\/em><\/p>\n\n\n\n<h4 class=\"wp-block-heading has-text-align-center\">Troph\u00e9e de la Mise en sc\u00e8ne de Com\u00e9die Musicale<\/h4>\n\n\n\n<p class=\"has-text-align-center\">Samuel Sen\u00e9 \u2022 <em>Com\u00e9diens !<\/em><\/p>\n\n\n\n<h4 class=\"wp-block-heading has-text-align-center\">Troph\u00e9e du Livret de Com\u00e9die Musciale<\/h4>\n\n\n\n<p class=\"has-text-align-center\">\u00c9ric Chantelauze &amp; Samuel Sen\u00e9 \u2022&nbsp;<em>Com\u00e9diens !<\/em><\/p>\n\n\n\n<h4 class=\"wp-block-heading has-text-align-center\">Troph\u00e9e de la Partition de Com\u00e9die Musicale<\/h4>\n\n\n\n<p class=\"has-text-align-center\">Ludovic-Alexandre Vidal &amp; Julien Salvia \u2022 <em>Les Aventures de Tom Sawyer \u2013 Le musical<\/em><\/p>\n\n\n\n<h4 class=\"wp-block-heading has-text-align-center\">Troph\u00e9e de la Chor\u00e9graphie de Com\u00e9die Musicale<\/h4>\n\n\n\n<p class=\"has-text-align-center\">Martin Michel &amp; Tim Van Der Straeten&nbsp;\u2022 <em>Grease \u2013&nbsp;Le musical<\/em><\/p>\n\n\n\n<h4 class=\"wp-block-heading has-text-align-center\">Troph\u00e9e de la Sc\u00e9nographie de Com\u00e9die Musicale<\/h4>\n\n\n\n<p class=\"has-text-align-center\">Emmanuelle Favre, Gilles Papain et Denis Koransky \u2022 <em>B\u00f4 \u2013 Le voyage musical<\/em><\/p>\n\n\n\n<h4 class=\"wp-block-heading has-text-align-center\">Troph\u00e9e de la Cr\u00e9ation Costumes de Com\u00e9die Musicale<\/h4>\n\n\n\n<p class=\"has-text-align-center\">Zo\u00e9 Imbert &amp; Micki Chomicki \u2022 <em>Jack \u2013 L\u2019\u00c9ventreur de Whitechapel<\/em><\/p>\n<\/div>\n\n\n\n<div class=\"wp-block-stackable-spacer stk-block-spacer stk--no-padding stk-block stk-76096b0\" data-block-id=\"76096b0\"><style>.stk-76096b0 {height:70px !important;}<\/style><\/div>\n","protected":false},"excerpt":{"rendered":"<p>Les Laur\u00e9ats 2018 Troph\u00e9e de la Com\u00e9die Musicale Com\u00e9diens ! Troph\u00e9e de la Revue ou Spectacle Musical B\u00f4 \u2013 Le voyage musical Troph\u00e9e de la Reprise de Com\u00e9die Musicale Hairspray \u2013 The Broadway Musical Troph\u00e9e de la Com\u00e9die Musicale Jeune Public Les Aventures de Tom Sawyer \u2013 Le musical Troph\u00e9e du Public Les Aventures de [&hellip;]<\/p>\n","protected":false},"author":1,"featured_media":0,"parent":0,"menu_order":0,"comment_status":"closed","ping_status":"closed","template":"","meta":{"jetpack_post_was_ever_published":false,"footnotes":""},"class_list":["post-2044","page","type-page","status-publish","hentry"],"blocksy_meta":[],"yoast_head":"<!-- This site is optimized with the Yoast SEO plugin v27.4 - https:\/\/yoast.com\/product\/yoast-seo-wordpress\/ -->\n<title>Les Laur\u00e9ats 2018 - Les Troph\u00e9es de la Com\u00e9die Musicale<\/title>\n<meta name=\"robots\" content=\"index, follow, max-snippet:-1, max-image-preview:large, max-video-preview:-1\" \/>\n<link rel=\"canonical\" href=\"https:\/\/www.tropheesdelacomediemusicale.fr\/fr\/les-laureats-2018\/\" \/>\n<meta property=\"og:locale\" content=\"fr_FR\" \/>\n<meta property=\"og:type\" content=\"article\" \/>\n<meta property=\"og:title\" content=\"Les Laur\u00e9ats 2018 - Les Troph\u00e9es de la Com\u00e9die Musicale\" \/>\n<meta property=\"og:description\" content=\"Les Laur\u00e9ats 2018 Troph\u00e9e de la Com\u00e9die Musicale Com\u00e9diens ! Troph\u00e9e de la Revue ou Spectacle Musical B\u00f4 \u2013 Le voyage musical Troph\u00e9e de la Reprise de Com\u00e9die Musicale Hairspray \u2013 The Broadway Musical Troph\u00e9e de la Com\u00e9die Musicale Jeune Public Les Aventures de Tom Sawyer \u2013 Le musical Troph\u00e9e du Public Les Aventures de [&hellip;]\" \/>\n<meta property=\"og:url\" content=\"https:\/\/www.tropheesdelacomediemusicale.fr\/fr\/les-laureats-2018\/\" \/>\n<meta property=\"og:site_name\" content=\"Les Troph\u00e9es de la Com\u00e9die Musicale\" \/>\n<meta property=\"article:publisher\" content=\"https:\/\/www.facebook.com\/lestropheesdelacomediemusicale\" \/>\n<meta property=\"article:modified_time\" content=\"2026-01-08T17:30:01+00:00\" \/>\n<meta property=\"og:image\" content=\"https:\/\/i0.wp.com\/www.tropheesdelacomediemusicale.fr\/fr\/wp-content\/uploads\/2017\/05\/Icone.jpg?fit=1000%2C1000&ssl=1\" \/>\n\t<meta property=\"og:image:width\" content=\"1000\" \/>\n\t<meta property=\"og:image:height\" content=\"1000\" \/>\n\t<meta property=\"og:image:type\" content=\"image\/jpeg\" \/>\n<meta name=\"twitter:card\" content=\"summary_large_image\" \/>\n<meta name=\"twitter:label1\" content=\"Dur\u00e9e de lecture estim\u00e9e\" \/>\n\t<meta name=\"twitter:data1\" content=\"2 minutes\" \/>\n<script type=\"application\/ld+json\" class=\"yoast-schema-graph\">{\"@context\":\"https:\\\/\\\/schema.org\",\"@graph\":[{\"@type\":\"WebPage\",\"@id\":\"https:\\\/\\\/www.tropheesdelacomediemusicale.fr\\\/fr\\\/les-laureats-2018\\\/\",\"url\":\"https:\\\/\\\/www.tropheesdelacomediemusicale.fr\\\/fr\\\/les-laureats-2018\\\/\",\"name\":\"Les Laur\u00e9ats 2018 - Les Troph\u00e9es de la Com\u00e9die Musicale\",\"isPartOf\":{\"@id\":\"https:\\\/\\\/www.tropheesdelacomediemusicale.fr\\\/fr\\\/#website\"},\"datePublished\":\"2019-02-08T13:52:41+00:00\",\"dateModified\":\"2026-01-08T17:30:01+00:00\",\"breadcrumb\":{\"@id\":\"https:\\\/\\\/www.tropheesdelacomediemusicale.fr\\\/fr\\\/les-laureats-2018\\\/#breadcrumb\"},\"inLanguage\":\"fr-FR\",\"potentialAction\":[{\"@type\":\"ReadAction\",\"target\":[\"https:\\\/\\\/www.tropheesdelacomediemusicale.fr\\\/fr\\\/les-laureats-2018\\\/\"]}]},{\"@type\":\"BreadcrumbList\",\"@id\":\"https:\\\/\\\/www.tropheesdelacomediemusicale.fr\\\/fr\\\/les-laureats-2018\\\/#breadcrumb\",\"itemListElement\":[{\"@type\":\"ListItem\",\"position\":1,\"name\":\"Accueil\",\"item\":\"https:\\\/\\\/www.tropheesdelacomediemusicale.fr\\\/fr\\\/\"},{\"@type\":\"ListItem\",\"position\":2,\"name\":\"Les Laur\u00e9ats 2018\"}]},{\"@type\":\"WebSite\",\"@id\":\"https:\\\/\\\/www.tropheesdelacomediemusicale.fr\\\/fr\\\/#website\",\"url\":\"https:\\\/\\\/www.tropheesdelacomediemusicale.fr\\\/fr\\\/\",\"name\":\"Les Troph\u00e9es de la Com\u00e9die Musicale\",\"description\":\"\",\"publisher\":{\"@id\":\"https:\\\/\\\/www.tropheesdelacomediemusicale.fr\\\/fr\\\/#organization\"},\"potentialAction\":[{\"@type\":\"SearchAction\",\"target\":{\"@type\":\"EntryPoint\",\"urlTemplate\":\"https:\\\/\\\/www.tropheesdelacomediemusicale.fr\\\/fr\\\/?s={search_term_string}\"},\"query-input\":{\"@type\":\"PropertyValueSpecification\",\"valueRequired\":true,\"valueName\":\"search_term_string\"}}],\"inLanguage\":\"fr-FR\"},{\"@type\":\"Organization\",\"@id\":\"https:\\\/\\\/www.tropheesdelacomediemusicale.fr\\\/fr\\\/#organization\",\"name\":\"Les Troph\u00e9es de la Com\u00e9die Musicale\",\"url\":\"https:\\\/\\\/www.tropheesdelacomediemusicale.fr\\\/fr\\\/\",\"logo\":{\"@type\":\"ImageObject\",\"inLanguage\":\"fr-FR\",\"@id\":\"https:\\\/\\\/www.tropheesdelacomediemusicale.fr\\\/fr\\\/#\\\/schema\\\/logo\\\/image\\\/\",\"url\":\"https:\\\/\\\/i0.wp.com\\\/www.tropheesdelacomediemusicale.fr\\\/fr\\\/wp-content\\\/uploads\\\/2017\\\/05\\\/Icone.jpg?fit=1000%2C1000&ssl=1\",\"contentUrl\":\"https:\\\/\\\/i0.wp.com\\\/www.tropheesdelacomediemusicale.fr\\\/fr\\\/wp-content\\\/uploads\\\/2017\\\/05\\\/Icone.jpg?fit=1000%2C1000&ssl=1\",\"width\":1000,\"height\":1000,\"caption\":\"Les Troph\u00e9es de la Com\u00e9die Musicale\"},\"image\":{\"@id\":\"https:\\\/\\\/www.tropheesdelacomediemusicale.fr\\\/fr\\\/#\\\/schema\\\/logo\\\/image\\\/\"},\"sameAs\":[\"https:\\\/\\\/www.facebook.com\\\/lestropheesdelacomediemusicale\"]}]}<\/script>\n<!-- \/ Yoast SEO plugin. -->","yoast_head_json":{"title":"Les Laur\u00e9ats 2018 - Les Troph\u00e9es de la Com\u00e9die Musicale","robots":{"index":"index","follow":"follow","max-snippet":"max-snippet:-1","max-image-preview":"max-image-preview:large","max-video-preview":"max-video-preview:-1"},"canonical":"https:\/\/www.tropheesdelacomediemusicale.fr\/fr\/les-laureats-2018\/","og_locale":"fr_FR","og_type":"article","og_title":"Les Laur\u00e9ats 2018 - Les Troph\u00e9es de la Com\u00e9die Musicale","og_description":"Les Laur\u00e9ats 2018 Troph\u00e9e de la Com\u00e9die Musicale Com\u00e9diens ! Troph\u00e9e de la Revue ou Spectacle Musical B\u00f4 \u2013 Le voyage musical Troph\u00e9e de la Reprise de Com\u00e9die Musicale Hairspray \u2013 The Broadway Musical Troph\u00e9e de la Com\u00e9die Musicale Jeune Public Les Aventures de Tom Sawyer \u2013 Le musical Troph\u00e9e du Public Les Aventures de [&hellip;]","og_url":"https:\/\/www.tropheesdelacomediemusicale.fr\/fr\/les-laureats-2018\/","og_site_name":"Les Troph\u00e9es de la Com\u00e9die Musicale","article_publisher":"https:\/\/www.facebook.com\/lestropheesdelacomediemusicale","article_modified_time":"2026-01-08T17:30:01+00:00","og_image":[{"width":1000,"height":1000,"url":"https:\/\/i0.wp.com\/www.tropheesdelacomediemusicale.fr\/fr\/wp-content\/uploads\/2017\/05\/Icone.jpg?fit=1000%2C1000&ssl=1","type":"image\/jpeg"}],"twitter_card":"summary_large_image","twitter_misc":{"Dur\u00e9e de lecture estim\u00e9e":"2 minutes"},"schema":{"@context":"https:\/\/schema.org","@graph":[{"@type":"WebPage","@id":"https:\/\/www.tropheesdelacomediemusicale.fr\/fr\/les-laureats-2018\/","url":"https:\/\/www.tropheesdelacomediemusicale.fr\/fr\/les-laureats-2018\/","name":"Les Laur\u00e9ats 2018 - Les Troph\u00e9es de la Com\u00e9die Musicale","isPartOf":{"@id":"https:\/\/www.tropheesdelacomediemusicale.fr\/fr\/#website"},"datePublished":"2019-02-08T13:52:41+00:00","dateModified":"2026-01-08T17:30:01+00:00","breadcrumb":{"@id":"https:\/\/www.tropheesdelacomediemusicale.fr\/fr\/les-laureats-2018\/#breadcrumb"},"inLanguage":"fr-FR","potentialAction":[{"@type":"ReadAction","target":["https:\/\/www.tropheesdelacomediemusicale.fr\/fr\/les-laureats-2018\/"]}]},{"@type":"BreadcrumbList","@id":"https:\/\/www.tropheesdelacomediemusicale.fr\/fr\/les-laureats-2018\/#breadcrumb","itemListElement":[{"@type":"ListItem","position":1,"name":"Accueil","item":"https:\/\/www.tropheesdelacomediemusicale.fr\/fr\/"},{"@type":"ListItem","position":2,"name":"Les Laur\u00e9ats 2018"}]},{"@type":"WebSite","@id":"https:\/\/www.tropheesdelacomediemusicale.fr\/fr\/#website","url":"https:\/\/www.tropheesdelacomediemusicale.fr\/fr\/","name":"Les Troph\u00e9es de la Com\u00e9die Musicale","description":"","publisher":{"@id":"https:\/\/www.tropheesdelacomediemusicale.fr\/fr\/#organization"},"potentialAction":[{"@type":"SearchAction","target":{"@type":"EntryPoint","urlTemplate":"https:\/\/www.tropheesdelacomediemusicale.fr\/fr\/?s={search_term_string}"},"query-input":{"@type":"PropertyValueSpecification","valueRequired":true,"valueName":"search_term_string"}}],"inLanguage":"fr-FR"},{"@type":"Organization","@id":"https:\/\/www.tropheesdelacomediemusicale.fr\/fr\/#organization","name":"Les Troph\u00e9es de la Com\u00e9die Musicale","url":"https:\/\/www.tropheesdelacomediemusicale.fr\/fr\/","logo":{"@type":"ImageObject","inLanguage":"fr-FR","@id":"https:\/\/www.tropheesdelacomediemusicale.fr\/fr\/#\/schema\/logo\/image\/","url":"https:\/\/i0.wp.com\/www.tropheesdelacomediemusicale.fr\/fr\/wp-content\/uploads\/2017\/05\/Icone.jpg?fit=1000%2C1000&ssl=1","contentUrl":"https:\/\/i0.wp.com\/www.tropheesdelacomediemusicale.fr\/fr\/wp-content\/uploads\/2017\/05\/Icone.jpg?fit=1000%2C1000&ssl=1","width":1000,"height":1000,"caption":"Les Troph\u00e9es de la Com\u00e9die Musicale"},"image":{"@id":"https:\/\/www.tropheesdelacomediemusicale.fr\/fr\/#\/schema\/logo\/image\/"},"sameAs":["https:\/\/www.facebook.com\/lestropheesdelacomediemusicale"]}]}},"jetpack_sharing_enabled":true,"jetpack_shortlink":"https:\/\/wp.me\/P8KT3A-wY","_links":{"self":[{"href":"https:\/\/www.tropheesdelacomediemusicale.fr\/fr\/wp-json\/wp\/v2\/pages\/2044","targetHints":{"allow":["GET"]}}],"collection":[{"href":"https:\/\/www.tropheesdelacomediemusicale.fr\/fr\/wp-json\/wp\/v2\/pages"}],"about":[{"href":"https:\/\/www.tropheesdelacomediemusicale.fr\/fr\/wp-json\/wp\/v2\/types\/page"}],"author":[{"embeddable":true,"href":"https:\/\/www.tropheesdelacomediemusicale.fr\/fr\/wp-json\/wp\/v2\/users\/1"}],"replies":[{"embeddable":true,"href":"https:\/\/www.tropheesdelacomediemusicale.fr\/fr\/wp-json\/wp\/v2\/comments?post=2044"}],"version-history":[{"count":8,"href":"https:\/\/www.tropheesdelacomediemusicale.fr\/fr\/wp-json\/wp\/v2\/pages\/2044\/revisions"}],"predecessor-version":[{"id":7553,"href":"https:\/\/www.tropheesdelacomediemusicale.fr\/fr\/wp-json\/wp\/v2\/pages\/2044\/revisions\/7553"}],"wp:attachment":[{"href":"https:\/\/www.tropheesdelacomediemusicale.fr\/fr\/wp-json\/wp\/v2\/media?parent=2044"}],"curies":[{"name":"wp","href":"https:\/\/api.w.org\/{rel}","templated":true}]}}