{"id":1966,"date":"2018-05-17T17:47:18","date_gmt":"2018-05-17T15:47:18","guid":{"rendered":"http:\/\/www.tropheesdelacomediemusicale.fr\/fr\/?page_id=1966"},"modified":"2026-01-09T15:17:27","modified_gmt":"2026-01-09T14:17:27","slug":"les-nommes-2019","status":"publish","type":"page","link":"https:\/\/www.tropheesdelacomediemusicale.fr\/fr\/les-nommes-2019\/","title":{"rendered":"Les Nomm\u00e9s 2019"},"content":{"rendered":"<h5 style=\"text-align: left;\"><strong>Troph\u00e9e de la Com\u00e9die Musicale<\/strong><\/h5>\n<div class=\"Container-sc-14tr3x4-0 dIgEML\">\n<ul>\n<li><em>Berlin Kabarett<\/em><\/li>\n<li><em>Chicago<\/em><\/li>\n<li><em>L\u2019Homme de Schr\u00f6dinger<\/em><\/li>\n<li><em>Into The Woods<\/em><\/li>\n<li><em>We Will Rock You<\/em><\/li>\n<\/ul>\n<h5 style=\"text-align: left;\"><strong>Troph\u00e9e de la Revue ou Spectacle Musical<\/strong><\/h5>\n<ul>\n<li><em>Barber Shop Quartet \u2013 Chapitre IV<\/em><\/li>\n<li><em>La Grande Petite Mireille<\/em><\/li>\n<li><em>Jean-Paul Gaultier Fashion Freak Show<\/em><\/li>\n<li><em>Memphis Show<\/em><\/li>\n<li><em>Vous avez dit Broadway ?<\/em><\/li>\n<\/ul>\n<h5 style=\"text-align: left;\"><strong>Troph\u00e9e de la Reprise de Com\u00e9die Musicale<\/strong><\/h5>\n<ul>\n<li style=\"text-align: left;\"><em>Barbara Amoureuse<\/em><\/li>\n<li style=\"text-align: left;\"><em>Cabaret D\u00e9jant\u00e9<\/em><\/li>\n<li style=\"text-align: left;\"><em>Chance !<\/em><\/li>\n<li style=\"text-align: left;\"><em>I Love Piaf<\/em><\/li>\n<li style=\"text-align: left;\"><em>Piano Furioso \u2013 Opus 2<\/em><\/li>\n<\/ul>\n<h5 style=\"text-align: left;\"><strong>Troph\u00e9e de la\u00a0Com\u00e9die Musicale Jeune Public<\/strong><\/h5>\n<ul>\n<li style=\"text-align: left;\"><em>La Cigale sans la Fourmi<\/em><\/li>\n<li style=\"text-align: left;\"><em>La Folle Histoire du Petit Chaperon Rouge<\/em><\/li>\n<li style=\"text-align: left;\"><em>Jazzy Poppins<\/em><\/li>\n<li style=\"text-align: left;\"><em>Jules Verne<\/em><\/li>\n<li style=\"text-align: left;\"><em>Tatie Jambon<\/em><\/li>\n<\/ul>\n<h5 style=\"text-align: left;\"><strong>Troph\u00e9e du Public<\/strong><\/h5>\n<ul>\n<li><em>Barbara Amoureuse<\/em><\/li>\n<li><em>Barber Shop Quartet \u2013 Chapitre IV<\/em><\/li>\n<li><em>Berlin Kabarett<\/em><\/li>\n<li><em>La Boule Rouge<\/em><\/li>\n<li><em>Cabaret D\u00e9jant\u00e9<\/em><\/li>\n<li><em>Chance !<\/em><\/li>\n<li><em>Chicago<\/em><\/li>\n<li><em>La Cigale sans la Fourmi<\/em><\/li>\n<li><em>La Folle Histoire du Petit Chaperon Rouge<\/em><\/li>\n<li><em>Les Goguettes en Trio mais \u00e0 Quatre : Globalement d&rsquo;Accord<\/em><\/li>\n<li><em>La Grande Petite Mireille<\/em><\/li>\n<li><em>L&rsquo;Homme de Schr\u00f6dinger<\/em><\/li>\n<li><em>I Love Piaf<\/em><\/li>\n<li><em>Into the Woods<\/em><\/li>\n<li><em>Jazzy Poppins<\/em><\/li>\n<li><em>Jean-Paul Gaultier Fashion Freak Show<\/em><\/li>\n<li><em>Jules Verne<\/em><\/li>\n<li><em>Memphis Show<\/em><\/li>\n<li><em>Naturya \u2013 La Com\u00e9die Musicale &amp; Florale<\/em><\/li>\n<li><em>Les Parisiennes<\/em><\/li>\n<li><em>Piano Furioso \u2013 Opus 2<\/em><\/li>\n<li><em>Tatie Jambon<\/em><\/li>\n<li><em>Viens chanter avec T\u2019choupi<\/em><\/li>\n<li><em>Vous avez dit Broadway ?<\/em><\/li>\n<li><em>We Will Rock You<\/em><\/li>\n<\/ul>\n<h5 style=\"text-align: left;\"><strong>Troph\u00e9e de l&rsquo;Artiste Interpr\u00e8te F\u00e9minine<\/strong><\/h5>\n<ul>\n<li style=\"text-align: left;\">Sofia Essa\u00efdi \u2022 <em>Chicago<\/em><\/li>\n<li style=\"text-align: left;\">Fanny Fourquez \u2022 <em>Chicago<\/em><\/li>\n<li style=\"text-align: left;\">Charlotte Hervieux \u2022 <em>We Will Rock You<\/em><\/li>\n<li style=\"text-align: left;\">Marie-Charlotte Leclaire \u2022 <em>La Grande Petite Mireille<\/em><\/li>\n<li style=\"text-align: left;\">MTatiana \u2022 <em>I Love Piaf<\/em><\/li>\n<\/ul>\n<h5 style=\"text-align: left;\"><strong>Troph\u00e9e de l&rsquo;Artiste Interpr\u00e8te Masculin<\/strong><\/h5>\n<ul>\n<li style=\"text-align: left;\">Doryan Ben \u2022 <em>We Will Rock You<\/em><\/li>\n<li style=\"text-align: left;\">David Eguren \u2022 <em>La Tour de 300 M\u00e8tres \u2013 Le Musical<\/em><\/li>\n<li style=\"text-align: left;\">Jean-Luc Guizonne \u2022 <em>Chicago<\/em><\/li>\n<li style=\"text-align: left;\">Arnaud Schmitt \u2022 <em>Le Malade Imaginaire en La Majeur<\/em><\/li>\n<\/ul>\n<h5 style=\"text-align: left;\"><strong>Troph\u00e9e du\u00a0Second R\u00f4le F\u00e9minin<\/strong><\/h5>\n<ul>\n<li style=\"text-align: left;\">Dalia Constantin \u2022 <em>Into the Woods<\/em><\/li>\n<li style=\"text-align: left;\">C\u00e9cile Dumoutier \u2022 <em>Le Malade Imaginaire en La Majeur<\/em><\/li>\n<li style=\"text-align: left;\">June van der Esch \u2022 <em>La Boule Rouge<\/em><\/li>\n<li style=\"text-align: left;\">V\u00e9ronique Hatat \u2022 <em>La Tour de 300 M\u00e8tres \u2013 Le Musical<\/em><\/li>\n<li style=\"text-align: left;\">Sandrine Seubille \u2022 <em>Chicago<\/em><\/li>\n<\/ul>\n<h5 style=\"text-align: left;\"><strong>Troph\u00e9e du\u00a0Second R\u00f4le Masculin<\/strong><\/h5>\n<\/div>\n<ul>\n<li style=\"text-align: left;\">Adrien Biry-Vicente \u2022 <em>La Grande Petite Mireille<\/em><\/li>\n<li style=\"text-align: left;\">Vincent Gilli\u00e9ron \u2022 <em>La Cigale sans la Fourmi<\/em><\/li>\n<li style=\"text-align: left;\">Alexis Meriaux \u2022 <em>La Folle Histoire du Petit Chaperon Rouge<\/em><\/li>\n<li style=\"text-align: left;\">Pierre Samuel \u2022 <em>Chicago<\/em><\/li>\n<li style=\"text-align: left;\">Jacques Verzier \u2022 <em>Berlin Kabarett<\/em><\/li>\n<\/ul>\n<h5 style=\"text-align: left;\"><strong>Troph\u00e9e de l&rsquo;Artiste R\u00e9v\u00e9lation F\u00e9minine<\/strong><\/h5>\n<ul>\n<li style=\"text-align: left;\">Juliette Behar \u2022 <em>L\u2019Homme de Schr\u00f6dinger<\/em><\/li>\n<li style=\"text-align: left;\">Sabrina Belmo \u2022 <em>Memphis Show<\/em><\/li>\n<li style=\"text-align: left;\">Ana Ka \u2022 <em>We Will Rock You<\/em><\/li>\n<li style=\"text-align: left;\">Claudia Palleschi \u2022 <em>La Tour de 300 M\u00e8tres \u2013 Le Musical<\/em><\/li>\n<li style=\"text-align: left;\">Rosy Pollastro \u2022 <em>Le Malade Imaginaire en La Majeur<\/em><\/li>\n<\/ul>\n<h5 style=\"text-align: left;\"><strong>Troph\u00e9e de l&rsquo;Artiste R\u00e9v\u00e9lation Masculine<\/strong><\/h5>\n<ul>\n<li>Simon Froget-Legendre \u2022 <em>La Boule Rouge<\/em><\/li>\n<li>Antoine Guillaume \u2022 <em>Vous avez dit Broadway ?<\/em><\/li>\n<li>Benjamin Maytraud \u2022 <em>Memphis Show<\/em><\/li>\n<li>Vincent Morisse \u2022 <em>Un Chant de No\u00ebl<\/em><\/li>\n<li>Julien Ratel \u2022 <em>L\u2019Homme de Schr\u00f6dinger<\/em><\/li>\n<\/ul>\n<h5 style=\"text-align: left;\"><strong>Troph\u00e9e\u00a0de la Mise en Sc\u00e8ne\u00a0de Com\u00e9die Musicale<\/strong><\/h5>\n<ul>\n<li style=\"text-align: left;\">Marina Pangos \u2022 <em>La Cigale sans la Fourmi<\/em><\/li>\n<li style=\"text-align: left;\">Herv\u00e9 Devolder \u2022 <em>La Grande Petite Mireille<\/em><\/li>\n<li style=\"text-align: left;\">Samuel Sen\u00e9 \u2022 <em>L\u2019Homme de Schr\u00f6dinger<\/em><\/li>\n<li style=\"text-align: left;\">Olivier B\u00e9n\u00e9zech \u2022 <em>Into the Woods<\/em><\/li>\n<li style=\"text-align: left;\">Rapha\u00ebl Callandreau \u2022 <em>Le Malade Imaginaire en La Majeur<\/em><\/li>\n<\/ul>\n<h5 style=\"text-align: left;\"><strong>Troph\u00e9e du Livret de Com\u00e9die Musicale<\/strong><\/h5>\n<ul>\n<li style=\"text-align: left;\">Ga\u00e9tan Borg &amp; St\u00e9phane Laporte \u2022 <em>La Cigale sans la Fourmi<\/em><\/li>\n<li style=\"text-align: left;\">\u00c9ric Chantelauze &amp; Samuel Sen\u00e9 \u2022 <em>L\u2019Homme de Schr\u00f6dinger<\/em><\/li>\n<li style=\"text-align: left;\">Marie-Charlotte Leclaire &amp; Herv\u00e9 Devolder \u2022 <em>La Grande Petite Mireille<\/em><\/li>\n<li style=\"text-align: left;\">Stephan Druet \u2022 <em>Berlin Kabarett<\/em><\/li>\n<li style=\"text-align: left;\">Antoine Guillaume \u2022 <em>Vous avez dit Broadway ?<\/em><\/li>\n<\/ul>\n<h5 style=\"text-align: left;\"><strong>Troph\u00e9e de la Partition de Com\u00e9die Musicale<\/strong><\/h5>\n<ul>\n<li style=\"text-align: left;\">Ga\u00e9tan Borg, St\u00e9phane Laporte &amp; Julien Goetz \u2022 <em>La Cigale sans la Fourmi<\/em><\/li>\n<li style=\"text-align: left;\">Rapha\u00ebl Callandreau \u2022 <em>Le Malade Imaginaire en La Majeur<\/em><\/li>\n<li style=\"text-align: left;\">\u00c9ric Chantelauze\u00a0&amp; Rapha\u00ebl Bancou \u2022 <em>L\u2019Homme de Schr\u00f6dinger<\/em><\/li>\n<li style=\"text-align: left;\">\u00c9ric Chantelauze, Julien Mouchel, Vincent Merval, Michel Frantz &amp; Rapha\u00ebl Bancou \u2022 <em>Un Chant de No\u00ebl<\/em><\/li>\n<li style=\"text-align: left;\">Marianne James, Val\u00e9rie Bour, S\u00e9bastien Buffet &amp; Philippe Begin \u2022 <em>Tatie Jambon<\/em><\/li>\n<li style=\"text-align: left;\">Jonathan Kerr \u2022 <em>Belle de Nuit \u2013 Le Musical<\/em><\/li>\n<\/ul>\n<h5 style=\"text-align: left;\"><strong>Troph\u00e9e de la Chor\u00e9graphie de Com\u00e9die Musicale<\/strong><\/h5>\n<ul>\n<li style=\"text-align: left;\">Am\u00e9lie Foubert \u2022 <em>Un Chant de No\u00ebl<\/em><\/li>\n<li style=\"text-align: left;\">Raffa\u00eble Lucania \u2022 <em>We Will Rock You<\/em><\/li>\n<li style=\"text-align: left;\">Ann Reinking \u2022 <em>Chicago<\/em><\/li>\n<li style=\"text-align: left;\">Eva T\u0119siorowski \u2022 <em>La Boule Rouge<\/em><\/li>\n<li style=\"text-align: left;\">Rodolphe Viaud\u00a0\u2022 <em>Memphis Show<\/em><\/li>\n<\/ul>\n<h5 style=\"text-align: left;\"><strong>Troph\u00e9e de la Sc\u00e9nographie de Com\u00e9die Musicale<\/strong><\/h5>\n<ul>\n<li style=\"text-align: left;\">Olivier B\u00e9n\u00e9zech &amp; Gr\u00e9gory Leteneur \u2022 <em>Into the Woods<\/em><\/li>\n<li style=\"text-align: left;\">Daniel Bianco \u2022 <em>Peau d\u2019\u00c2ne<\/em><\/li>\n<li style=\"text-align: left;\">Isabelle Huchet, Fran\u00e7ois Cabanat &amp; Harold Simon \u2022 <em>Un Chant de No\u00ebl<\/em><\/li>\n<li style=\"text-align: left;\">Clara No\u00ebl, Iris Yolal &amp; Arnaud Radoux \u2022 <em>La Boule Rouge<\/em><\/li>\n<li style=\"text-align: left;\">Nicolas Sire, Erwan Champign\u00e9 &amp; Very Content \u2022 <em>Jules Verne<\/em><\/li>\n<\/ul>\n<h5 style=\"text-align: left;\"><strong>Troph\u00e9e de la Cr\u00e9ation Costumes de Com\u00e9die Musicale<\/strong><\/h5>\n<ul>\n<li style=\"text-align: left;\">Lella Diaz \u2022 <em>We Will Rock You<\/em><\/li>\n<li style=\"text-align: left;\">Jean Paul Gaultier \u2022 <em>Jean Paul Gaultier Fashion Freak Show<\/em><\/li>\n<li style=\"text-align: left;\">Isabelle Huchet &amp; Micki Chomicki \u2022 <em>Un Chant de No\u00ebl<\/em><\/li>\n<li style=\"text-align: left;\">Pepa Ojanguren \u2022 <em>Peau d\u2019\u00c2ne<\/em><\/li>\n<li style=\"text-align: left;\">Foteini Pangos &amp; Marion Hunerfurst \u2022 <em>La Cigale sans la Fourmi<\/em><\/li>\n<\/ul>\n","protected":false},"excerpt":{"rendered":"<p>Troph\u00e9e de la Com\u00e9die Musicale Berlin Kabarett Chicago L\u2019Homme de Schr\u00f6dinger Into The Woods We Will Rock You Troph\u00e9e de la Revue ou Spectacle Musical Barber Shop Quartet \u2013 Chapitre IV La Grande Petite Mireille Jean-Paul Gaultier Fashion Freak Show Memphis Show Vous avez dit Broadway ? Troph\u00e9e de la Reprise de Com\u00e9die Musicale Barbara [&hellip;]<\/p>\n","protected":false},"author":1,"featured_media":0,"parent":0,"menu_order":0,"comment_status":"closed","ping_status":"closed","template":"","meta":{"jetpack_post_was_ever_published":false,"footnotes":""},"class_list":["post-1966","page","type-page","status-publish","hentry"],"blocksy_meta":[],"yoast_head":"<!-- This site is optimized with the Yoast SEO plugin v27.4 - https:\/\/yoast.com\/product\/yoast-seo-wordpress\/ -->\n<title>Les Nomm\u00e9s 2019 - Les Troph\u00e9es de la Com\u00e9die Musicale<\/title>\n<meta name=\"robots\" content=\"index, follow, max-snippet:-1, max-image-preview:large, max-video-preview:-1\" \/>\n<link rel=\"canonical\" href=\"https:\/\/www.tropheesdelacomediemusicale.fr\/fr\/les-nommes-2019\/\" \/>\n<meta property=\"og:locale\" content=\"fr_FR\" \/>\n<meta property=\"og:type\" content=\"article\" \/>\n<meta property=\"og:title\" content=\"Les Nomm\u00e9s 2019 - Les Troph\u00e9es de la Com\u00e9die Musicale\" \/>\n<meta property=\"og:description\" content=\"Troph\u00e9e de la Com\u00e9die Musicale Berlin Kabarett Chicago L\u2019Homme de Schr\u00f6dinger Into The Woods We Will Rock You Troph\u00e9e de la Revue ou Spectacle Musical Barber Shop Quartet \u2013 Chapitre IV La Grande Petite Mireille Jean-Paul Gaultier Fashion Freak Show Memphis Show Vous avez dit Broadway ? Troph\u00e9e de la Reprise de Com\u00e9die Musicale Barbara [&hellip;]\" \/>\n<meta property=\"og:url\" content=\"https:\/\/www.tropheesdelacomediemusicale.fr\/fr\/les-nommes-2019\/\" \/>\n<meta property=\"og:site_name\" content=\"Les Troph\u00e9es de la Com\u00e9die Musicale\" \/>\n<meta property=\"article:publisher\" content=\"https:\/\/www.facebook.com\/lestropheesdelacomediemusicale\" \/>\n<meta property=\"article:modified_time\" content=\"2026-01-09T14:17:27+00:00\" \/>\n<meta property=\"og:image\" content=\"https:\/\/i0.wp.com\/www.tropheesdelacomediemusicale.fr\/fr\/wp-content\/uploads\/2017\/05\/Icone.jpg?fit=1000%2C1000&ssl=1\" \/>\n\t<meta property=\"og:image:width\" content=\"1000\" \/>\n\t<meta property=\"og:image:height\" content=\"1000\" \/>\n\t<meta property=\"og:image:type\" content=\"image\/jpeg\" \/>\n<meta name=\"twitter:card\" content=\"summary_large_image\" \/>\n<meta name=\"twitter:label1\" content=\"Dur\u00e9e de lecture estim\u00e9e\" \/>\n\t<meta name=\"twitter:data1\" content=\"4 minutes\" \/>\n<script type=\"application\/ld+json\" class=\"yoast-schema-graph\">{\"@context\":\"https:\\\/\\\/schema.org\",\"@graph\":[{\"@type\":\"WebPage\",\"@id\":\"https:\\\/\\\/www.tropheesdelacomediemusicale.fr\\\/fr\\\/les-nommes-2019\\\/\",\"url\":\"https:\\\/\\\/www.tropheesdelacomediemusicale.fr\\\/fr\\\/les-nommes-2019\\\/\",\"name\":\"Les Nomm\u00e9s 2019 - Les Troph\u00e9es de la Com\u00e9die Musicale\",\"isPartOf\":{\"@id\":\"https:\\\/\\\/www.tropheesdelacomediemusicale.fr\\\/fr\\\/#website\"},\"datePublished\":\"2018-05-17T15:47:18+00:00\",\"dateModified\":\"2026-01-09T14:17:27+00:00\",\"breadcrumb\":{\"@id\":\"https:\\\/\\\/www.tropheesdelacomediemusicale.fr\\\/fr\\\/les-nommes-2019\\\/#breadcrumb\"},\"inLanguage\":\"fr-FR\",\"potentialAction\":[{\"@type\":\"ReadAction\",\"target\":[\"https:\\\/\\\/www.tropheesdelacomediemusicale.fr\\\/fr\\\/les-nommes-2019\\\/\"]}]},{\"@type\":\"BreadcrumbList\",\"@id\":\"https:\\\/\\\/www.tropheesdelacomediemusicale.fr\\\/fr\\\/les-nommes-2019\\\/#breadcrumb\",\"itemListElement\":[{\"@type\":\"ListItem\",\"position\":1,\"name\":\"Accueil\",\"item\":\"https:\\\/\\\/www.tropheesdelacomediemusicale.fr\\\/fr\\\/\"},{\"@type\":\"ListItem\",\"position\":2,\"name\":\"Les Nomm\u00e9s 2019\"}]},{\"@type\":\"WebSite\",\"@id\":\"https:\\\/\\\/www.tropheesdelacomediemusicale.fr\\\/fr\\\/#website\",\"url\":\"https:\\\/\\\/www.tropheesdelacomediemusicale.fr\\\/fr\\\/\",\"name\":\"Les Troph\u00e9es de la Com\u00e9die Musicale\",\"description\":\"\",\"publisher\":{\"@id\":\"https:\\\/\\\/www.tropheesdelacomediemusicale.fr\\\/fr\\\/#organization\"},\"potentialAction\":[{\"@type\":\"SearchAction\",\"target\":{\"@type\":\"EntryPoint\",\"urlTemplate\":\"https:\\\/\\\/www.tropheesdelacomediemusicale.fr\\\/fr\\\/?s={search_term_string}\"},\"query-input\":{\"@type\":\"PropertyValueSpecification\",\"valueRequired\":true,\"valueName\":\"search_term_string\"}}],\"inLanguage\":\"fr-FR\"},{\"@type\":\"Organization\",\"@id\":\"https:\\\/\\\/www.tropheesdelacomediemusicale.fr\\\/fr\\\/#organization\",\"name\":\"Les Troph\u00e9es de la Com\u00e9die Musicale\",\"url\":\"https:\\\/\\\/www.tropheesdelacomediemusicale.fr\\\/fr\\\/\",\"logo\":{\"@type\":\"ImageObject\",\"inLanguage\":\"fr-FR\",\"@id\":\"https:\\\/\\\/www.tropheesdelacomediemusicale.fr\\\/fr\\\/#\\\/schema\\\/logo\\\/image\\\/\",\"url\":\"https:\\\/\\\/i0.wp.com\\\/www.tropheesdelacomediemusicale.fr\\\/fr\\\/wp-content\\\/uploads\\\/2017\\\/05\\\/Icone.jpg?fit=1000%2C1000&ssl=1\",\"contentUrl\":\"https:\\\/\\\/i0.wp.com\\\/www.tropheesdelacomediemusicale.fr\\\/fr\\\/wp-content\\\/uploads\\\/2017\\\/05\\\/Icone.jpg?fit=1000%2C1000&ssl=1\",\"width\":1000,\"height\":1000,\"caption\":\"Les Troph\u00e9es de la Com\u00e9die Musicale\"},\"image\":{\"@id\":\"https:\\\/\\\/www.tropheesdelacomediemusicale.fr\\\/fr\\\/#\\\/schema\\\/logo\\\/image\\\/\"},\"sameAs\":[\"https:\\\/\\\/www.facebook.com\\\/lestropheesdelacomediemusicale\"]}]}<\/script>\n<!-- \/ Yoast SEO plugin. -->","yoast_head_json":{"title":"Les Nomm\u00e9s 2019 - Les Troph\u00e9es de la Com\u00e9die Musicale","robots":{"index":"index","follow":"follow","max-snippet":"max-snippet:-1","max-image-preview":"max-image-preview:large","max-video-preview":"max-video-preview:-1"},"canonical":"https:\/\/www.tropheesdelacomediemusicale.fr\/fr\/les-nommes-2019\/","og_locale":"fr_FR","og_type":"article","og_title":"Les Nomm\u00e9s 2019 - Les Troph\u00e9es de la Com\u00e9die Musicale","og_description":"Troph\u00e9e de la Com\u00e9die Musicale Berlin Kabarett Chicago L\u2019Homme de Schr\u00f6dinger Into The Woods We Will Rock You Troph\u00e9e de la Revue ou Spectacle Musical Barber Shop Quartet \u2013 Chapitre IV La Grande Petite Mireille Jean-Paul Gaultier Fashion Freak Show Memphis Show Vous avez dit Broadway ? Troph\u00e9e de la Reprise de Com\u00e9die Musicale Barbara [&hellip;]","og_url":"https:\/\/www.tropheesdelacomediemusicale.fr\/fr\/les-nommes-2019\/","og_site_name":"Les Troph\u00e9es de la Com\u00e9die Musicale","article_publisher":"https:\/\/www.facebook.com\/lestropheesdelacomediemusicale","article_modified_time":"2026-01-09T14:17:27+00:00","og_image":[{"width":1000,"height":1000,"url":"https:\/\/i0.wp.com\/www.tropheesdelacomediemusicale.fr\/fr\/wp-content\/uploads\/2017\/05\/Icone.jpg?fit=1000%2C1000&ssl=1","type":"image\/jpeg"}],"twitter_card":"summary_large_image","twitter_misc":{"Dur\u00e9e de lecture estim\u00e9e":"4 minutes"},"schema":{"@context":"https:\/\/schema.org","@graph":[{"@type":"WebPage","@id":"https:\/\/www.tropheesdelacomediemusicale.fr\/fr\/les-nommes-2019\/","url":"https:\/\/www.tropheesdelacomediemusicale.fr\/fr\/les-nommes-2019\/","name":"Les Nomm\u00e9s 2019 - Les Troph\u00e9es de la Com\u00e9die Musicale","isPartOf":{"@id":"https:\/\/www.tropheesdelacomediemusicale.fr\/fr\/#website"},"datePublished":"2018-05-17T15:47:18+00:00","dateModified":"2026-01-09T14:17:27+00:00","breadcrumb":{"@id":"https:\/\/www.tropheesdelacomediemusicale.fr\/fr\/les-nommes-2019\/#breadcrumb"},"inLanguage":"fr-FR","potentialAction":[{"@type":"ReadAction","target":["https:\/\/www.tropheesdelacomediemusicale.fr\/fr\/les-nommes-2019\/"]}]},{"@type":"BreadcrumbList","@id":"https:\/\/www.tropheesdelacomediemusicale.fr\/fr\/les-nommes-2019\/#breadcrumb","itemListElement":[{"@type":"ListItem","position":1,"name":"Accueil","item":"https:\/\/www.tropheesdelacomediemusicale.fr\/fr\/"},{"@type":"ListItem","position":2,"name":"Les Nomm\u00e9s 2019"}]},{"@type":"WebSite","@id":"https:\/\/www.tropheesdelacomediemusicale.fr\/fr\/#website","url":"https:\/\/www.tropheesdelacomediemusicale.fr\/fr\/","name":"Les Troph\u00e9es de la Com\u00e9die Musicale","description":"","publisher":{"@id":"https:\/\/www.tropheesdelacomediemusicale.fr\/fr\/#organization"},"potentialAction":[{"@type":"SearchAction","target":{"@type":"EntryPoint","urlTemplate":"https:\/\/www.tropheesdelacomediemusicale.fr\/fr\/?s={search_term_string}"},"query-input":{"@type":"PropertyValueSpecification","valueRequired":true,"valueName":"search_term_string"}}],"inLanguage":"fr-FR"},{"@type":"Organization","@id":"https:\/\/www.tropheesdelacomediemusicale.fr\/fr\/#organization","name":"Les Troph\u00e9es de la Com\u00e9die Musicale","url":"https:\/\/www.tropheesdelacomediemusicale.fr\/fr\/","logo":{"@type":"ImageObject","inLanguage":"fr-FR","@id":"https:\/\/www.tropheesdelacomediemusicale.fr\/fr\/#\/schema\/logo\/image\/","url":"https:\/\/i0.wp.com\/www.tropheesdelacomediemusicale.fr\/fr\/wp-content\/uploads\/2017\/05\/Icone.jpg?fit=1000%2C1000&ssl=1","contentUrl":"https:\/\/i0.wp.com\/www.tropheesdelacomediemusicale.fr\/fr\/wp-content\/uploads\/2017\/05\/Icone.jpg?fit=1000%2C1000&ssl=1","width":1000,"height":1000,"caption":"Les Troph\u00e9es de la Com\u00e9die Musicale"},"image":{"@id":"https:\/\/www.tropheesdelacomediemusicale.fr\/fr\/#\/schema\/logo\/image\/"},"sameAs":["https:\/\/www.facebook.com\/lestropheesdelacomediemusicale"]}]}},"jetpack_sharing_enabled":true,"jetpack_shortlink":"https:\/\/wp.me\/P8KT3A-vI","_links":{"self":[{"href":"https:\/\/www.tropheesdelacomediemusicale.fr\/fr\/wp-json\/wp\/v2\/pages\/1966","targetHints":{"allow":["GET"]}}],"collection":[{"href":"https:\/\/www.tropheesdelacomediemusicale.fr\/fr\/wp-json\/wp\/v2\/pages"}],"about":[{"href":"https:\/\/www.tropheesdelacomediemusicale.fr\/fr\/wp-json\/wp\/v2\/types\/page"}],"author":[{"embeddable":true,"href":"https:\/\/www.tropheesdelacomediemusicale.fr\/fr\/wp-json\/wp\/v2\/users\/1"}],"replies":[{"embeddable":true,"href":"https:\/\/www.tropheesdelacomediemusicale.fr\/fr\/wp-json\/wp\/v2\/comments?post=1966"}],"version-history":[{"count":27,"href":"https:\/\/www.tropheesdelacomediemusicale.fr\/fr\/wp-json\/wp\/v2\/pages\/1966\/revisions"}],"predecessor-version":[{"id":7560,"href":"https:\/\/www.tropheesdelacomediemusicale.fr\/fr\/wp-json\/wp\/v2\/pages\/1966\/revisions\/7560"}],"wp:attachment":[{"href":"https:\/\/www.tropheesdelacomediemusicale.fr\/fr\/wp-json\/wp\/v2\/media?parent=1966"}],"curies":[{"name":"wp","href":"https:\/\/api.w.org\/{rel}","templated":true}]}}